{"id":16,"date":"2019-08-17T16:44:59","date_gmt":"2019-08-17T13:44:59","guid":{"rendered":"https:\/\/jupiterx.artbees.net\/psychologist\/?page_id=16"},"modified":"2022-03-21T10:42:41","modified_gmt":"2022-03-21T07:42:41","slug":"uberuns","status":"publish","type":"page","link":"https:\/\/dentagora.com.tr\/de\/uberuns\/","title":{"rendered":"\u00dcber Uns"},"content":{"rendered":"\t\t<div data-elementor-type=\"wp-post\" data-elementor-id=\"16\" class=\"elementor elementor-16\" data-elementor-settings=\"[]\">\n\t\t\t\t\t\t\t<div class=\"elementor-section-wrap\">\n\t\t\t\t\t\t\t<section class=\"elementor-section elementor-top-section elementor-element elementor-element-f1b7021 elementor-section-boxed elementor-section-height-default elementor-section-height-default\" data-id=\"f1b7021\" data-element_type=\"section\" data-settings=\"{&quot;background_background&quot;:&quot;classic&quot;}\">\n\t\t\t\t\t\t<div class=\"elementor-container elementor-column-gap-default\">\n\t\t\t\t\t<div class=\"elementor-column elementor-col-50 elementor-top-column elementor-element elementor-element-1a7260c\" data-id=\"1a7260c\" data-element_type=\"column\">\n\t\t\t<div class=\"elementor-widget-wrap elementor-element-populated\">\n\t\t\t\t\t\t\t\t<div class=\"elementor-element elementor-element-20f5280 elementor-mobile-align-center elementor-align-left elementor-widget elementor-widget-raven-heading\" data-id=\"20f5280\" data-element_type=\"widget\" data-widget_type=\"raven-heading.default\">\n\t\t\t\t<div class=\"elementor-widget-container\">\n\t\t\t\t\t<div class=\"raven-widget-wrapper\"><h4 class=\"raven-heading raven-heading-h4\"><span class=\"raven-heading-title\">\u00dcBER UNS<\/span><\/h4><\/div>\n\t\t\t\t<\/div>\n\t\t\t\t<\/div>\n\t\t\t\t<div class=\"elementor-element elementor-element-80a7049 elementor-widget elementor-widget-text-editor\" data-id=\"80a7049\" data-element_type=\"widget\" data-widget_type=\"text-editor.default\">\n\t\t\t\t<div class=\"elementor-widget-container\">\n\t\t\t\t\t\t\t<p>Dentagra Mund und Zahnklinikum hat \u00fcber 20 Jahre Erfahrung in der Behandlung von Patienten, die aus der ganzen Welt kommen. Wir sind die f\u00fchrende Zahnarztklinik in Izmir, T\u00fcrkei. Wir stehen Ihnen f\u00fcr alle zahn\u00e4rztlichen Fragen mit den 2 verschiedenen Zentrum in IZMIR \/ T\u00dcRKEI zur Verf\u00fcgung.<\/p><p>Unsere zahn\u00e4rztlichen Behandlungen werden von unserem erfahrenen medizinischen Team durchgef\u00fchrt; besteht aus 4 Zahn\u00e4rzten, 1 Mund- und Kieferchirurgen, 1 Prothetik-Spezialist, 1 Kieferorthop\u00e4die, 3 Zahnarzthelferinnen und 1 internationaler Patientenkoordinator und 1 Helpdesk-Spezialist. Wir sind eine gro\u00dfe DentAgora-Familie,die bieten Ihnen eine professionelle Betreuung, um Ihnen die besten zahn\u00e4rztlichen Leistungen zu bieten.<\/p><p>Jeder Patient, der durch unsere T\u00fcr geht, wird Mitglied unserer Gro\u00dffamilie.\u00a0<\/p>\t\t\t\t\t\t<\/div>\n\t\t\t\t<\/div>\n\t\t\t\t\t<\/div>\n\t\t<\/div>\n\t\t\t\t<div class=\"elementor-column elementor-col-50 elementor-top-column elementor-element elementor-element-5543e38\" data-id=\"5543e38\" data-element_type=\"column\">\n\t\t\t<div class=\"elementor-widget-wrap elementor-element-populated\">\n\t\t\t\t\t\t\t\t<div class=\"elementor-element elementor-element-596f0c3 elementor-widget elementor-widget-image\" data-id=\"596f0c3\" data-element_type=\"widget\" data-widget_type=\"image.default\">\n\t\t\t\t<div class=\"elementor-widget-container\">\n\t\t\t\t\t\t\t\t\t\t\t\t\t\t\t<img width=\"1024\" height=\"768\" src=\"https:\/\/dentagora.com.tr\/de\/wp-content\/uploads\/2022\/03\/IMG_6779-1024x768-1.jpg\" class=\"attachment-large size-large\" alt=\"\" loading=\"lazy\" srcset=\"https:\/\/dentagora.com.tr\/de\/wp-content\/uploads\/2022\/03\/IMG_6779-1024x768-1.jpg 1024w, https:\/\/dentagora.com.tr\/de\/wp-content\/uploads\/2022\/03\/IMG_6779-1024x768-1-300x225.jpg 300w, https:\/\/dentagora.com.tr\/de\/wp-content\/uploads\/2022\/03\/IMG_6779-1024x768-1-768x576.jpg 768w\" sizes=\"(max-width: 1024px) 100vw, 1024px\" \/>\t\t\t\t\t\t\t\t\t\t\t\t\t\t\t<\/div>\n\t\t\t\t<\/div>\n\t\t\t\t\t<\/div>\n\t\t<\/div>\n\t\t\t\t\t\t\t<\/div>\n\t\t<\/section>\n\t\t\t\t<section class=\"elementor-section elementor-top-section elementor-element elementor-element-775cf34 elementor-section-stretched elementor-section-content-middle elementor-section-height-min-height elementor-section-boxed elementor-section-height-default elementor-section-items-middle\" data-id=\"775cf34\" data-element_type=\"section\" data-settings=\"{&quot;stretch_section&quot;:&quot;section-stretched&quot;,&quot;background_background&quot;:&quot;classic&quot;}\">\n\t\t\t\t\t\t<div class=\"elementor-container elementor-column-gap-default\">\n\t\t\t\t\t<div class=\"elementor-column elementor-col-50 elementor-top-column elementor-element elementor-element-eb469c1\" data-id=\"eb469c1\" data-element_type=\"column\">\n\t\t\t<div class=\"elementor-widget-wrap elementor-element-populated\">\n\t\t\t\t\t\t\t\t<div class=\"elementor-element elementor-element-0e8d27b elementor-widget elementor-widget-image\" data-id=\"0e8d27b\" data-element_type=\"widget\" data-widget_type=\"image.default\">\n\t\t\t\t<div class=\"elementor-widget-container\">\n\t\t\t\t\t\t\t\t\t\t\t\t\t\t\t<img width=\"1024\" height=\"682\" src=\"https:\/\/dentagora.com.tr\/de\/wp-content\/uploads\/2021\/05\/pexels-cedric-fauntleroy-4270940-1-1024x682.jpg\" class=\"attachment-large size-large\" alt=\"\" loading=\"lazy\" srcset=\"https:\/\/dentagora.com.tr\/de\/wp-content\/uploads\/2021\/05\/pexels-cedric-fauntleroy-4270940-1-1024x682.jpg 1024w, https:\/\/dentagora.com.tr\/de\/wp-content\/uploads\/2021\/05\/pexels-cedric-fauntleroy-4270940-1-300x200.jpg 300w, https:\/\/dentagora.com.tr\/de\/wp-content\/uploads\/2021\/05\/pexels-cedric-fauntleroy-4270940-1-768x512.jpg 768w, https:\/\/dentagora.com.tr\/de\/wp-content\/uploads\/2021\/05\/pexels-cedric-fauntleroy-4270940-1.jpg 1280w\" sizes=\"(max-width: 1024px) 100vw, 1024px\" \/>\t\t\t\t\t\t\t\t\t\t\t\t\t\t\t<\/div>\n\t\t\t\t<\/div>\n\t\t\t\t\t<\/div>\n\t\t<\/div>\n\t\t\t\t<div class=\"elementor-column elementor-col-50 elementor-top-column elementor-element elementor-element-07da895\" data-id=\"07da895\" data-element_type=\"column\">\n\t\t\t<div class=\"elementor-widget-wrap elementor-element-populated\">\n\t\t\t\t\t\t\t\t<div class=\"elementor-element elementor-element-930105c elementor-mobile-align-center elementor-align-left elementor-widget elementor-widget-raven-heading\" data-id=\"930105c\" data-element_type=\"widget\" data-widget_type=\"raven-heading.default\">\n\t\t\t\t<div class=\"elementor-widget-container\">\n\t\t\t\t\t<div class=\"raven-widget-wrapper\"><h4 class=\"raven-heading raven-heading-h4\"><span class=\"raven-heading-title\">Unsere Aufgabe:<\/span><\/h4><\/div>\n\t\t\t\t<\/div>\n\t\t\t\t<\/div>\n\t\t\t\t<div class=\"elementor-element elementor-element-86164b2 elementor-widget elementor-widget-text-editor\" data-id=\"86164b2\" data-element_type=\"widget\" data-widget_type=\"text-editor.default\">\n\t\t\t\t<div class=\"elementor-widget-container\">\n\t\t\t\t\t\t\t<p><strong>Als private Dentagora-Klinik f\u00fcr Mund- und Zahngesundheit bietet wir mit unseren neuesten technologischen Einrichtungen Mund- und Zahngesundheitsdienste in allen Bereichen der Zahnmedizin nach internationalen Standards an und bietet einen qualitativ hochwertigen Gesundheitsdienst, um die Zufriedenheit von Patienten und Mitarbeitern sicherzustellen.<\/strong><\/p>\t\t\t\t\t\t<\/div>\n\t\t\t\t<\/div>\n\t\t\t\t<div class=\"elementor-element elementor-element-a170216 elementor-mobile-align-center elementor-align-left elementor-widget elementor-widget-raven-heading\" data-id=\"a170216\" data-element_type=\"widget\" data-widget_type=\"raven-heading.default\">\n\t\t\t\t<div class=\"elementor-widget-container\">\n\t\t\t\t\t<div class=\"raven-widget-wrapper\"><h4 class=\"raven-heading raven-heading-h4\"><span class=\"raven-heading-title\">Unsere Vision:<\/span><\/h4><\/div>\n\t\t\t\t<\/div>\n\t\t\t\t<\/div>\n\t\t\t\t<div class=\"elementor-element elementor-element-005384a elementor-widget elementor-widget-text-editor\" data-id=\"005384a\" data-element_type=\"widget\" data-widget_type=\"text-editor.default\">\n\t\t\t\t<div class=\"elementor-widget-container\">\n\t\t\t\t\t\t\t<p>Ein beispielhaftes Diagnose- und Behandlungszentrum in unserem Land und auf internationaler Ebene zu sein, unseren Patienten im Rahmen ethischer Grunds\u00e4tze zu dienen, die Patientenrechte zu respektieren und internationale wissenschaftliche Studien auf dem Gebiet der Mund- und Zahngesundheit durchzuf\u00fchren.<\/p>\t\t\t\t\t\t<\/div>\n\t\t\t\t<\/div>\n\t\t\t\t\t<\/div>\n\t\t<\/div>\n\t\t\t\t\t\t\t<\/div>\n\t\t<\/section>\n\t\t\t\t\t\t<\/div>\n\t\t\t\t\t<\/div>\n\t\t","protected":false},"excerpt":{"rendered":"<p>\u00dcBER UNS Dentagra Mund und Zahnklinikum hat \u00fcber 20 Jahre Erfahrung in der Behandlung von Patienten, die aus der ganzen Welt kommen. Wir sind die f\u00fchrende Zahnarztklinik in Izmir, T\u00fcrkei. Wir stehen Ihnen f\u00fcr alle zahn\u00e4rztlichen Fragen mit den 2 verschiedenen Zentrum in IZMIR \/ T\u00dcRKEI zur Verf\u00fcgung. Unsere zahn\u00e4rztlichen Behandlungen werden von unserem erfahrenen [&hellip;]<\/p>\n","protected":false},"author":1,"featured_media":0,"parent":0,"menu_order":0,"comment_status":"closed","ping_status":"closed","template":"elementor_header_footer","meta":[],"_links":{"self":[{"href":"https:\/\/dentagora.com.tr\/de\/wp-json\/wp\/v2\/pages\/16"}],"collection":[{"href":"https:\/\/dentagora.com.tr\/de\/wp-json\/wp\/v2\/pages"}],"about":[{"href":"https:\/\/dentagora.com.tr\/de\/wp-json\/wp\/v2\/types\/page"}],"author":[{"embeddable":true,"href":"https:\/\/dentagora.com.tr\/de\/wp-json\/wp\/v2\/users\/1"}],"replies":[{"embeddable":true,"href":"https:\/\/dentagora.com.tr\/de\/wp-json\/wp\/v2\/comments?post=16"}],"version-history":[{"count":6,"href":"https:\/\/dentagora.com.tr\/de\/wp-json\/wp\/v2\/pages\/16\/revisions"}],"predecessor-version":[{"id":4104,"href":"https:\/\/dentagora.com.tr\/de\/wp-json\/wp\/v2\/pages\/16\/revisions\/4104"}],"wp:attachment":[{"href":"https:\/\/dentagora.com.tr\/de\/wp-json\/wp\/v2\/media?parent=16"}],"curies":[{"name":"wp","href":"https:\/\/api.w.org\/{rel}","templated":true}]}}