{"id":3996,"date":"2021-12-28T16:20:56","date_gmt":"2021-12-28T13:20:56","guid":{"rendered":"https:\/\/dentagora.com.tr\/de\/?page_id=3996"},"modified":"2021-12-28T16:35:15","modified_gmt":"2021-12-28T13:35:15","slug":"zahnarztin-mehmet-aykut-bagci","status":"publish","type":"page","link":"https:\/\/dentagora.com.tr\/de\/zahnarztin-mehmet-aykut-bagci\/","title":{"rendered":"Zahnarzt  Mehmet Aykut Ba\u011fc\u0131"},"content":{"rendered":"\t\t<div data-elementor-type=\"wp-page\" data-elementor-id=\"3996\" class=\"elementor elementor-3996\" data-elementor-settings=\"[]\">\n\t\t\t\t\t\t\t<div class=\"elementor-section-wrap\">\n\t\t\t\t\t\t\t<section class=\"elementor-section elementor-top-section elementor-element elementor-element-6af3b04 elementor-section-stretched elementor-section-height-min-height elementor-section-boxed elementor-section-height-default elementor-section-items-middle\" data-id=\"6af3b04\" data-element_type=\"section\" data-settings=\"{&quot;stretch_section&quot;:&quot;section-stretched&quot;}\">\n\t\t\t\t\t\t<div class=\"elementor-container elementor-column-gap-default\">\n\t\t\t\t\t<div class=\"elementor-column elementor-col-50 elementor-top-column elementor-element elementor-element-38711ae\" data-id=\"38711ae\" data-element_type=\"column\">\n\t\t\t<div class=\"elementor-widget-wrap elementor-element-populated\">\n\t\t\t\t\t\t\t\t<div class=\"elementor-element elementor-element-a05db35 elementor-widget elementor-widget-image\" data-id=\"a05db35\" data-element_type=\"widget\" data-widget_type=\"image.default\">\n\t\t\t\t<div class=\"elementor-widget-container\">\n\t\t\t\t\t\t\t\t\t\t\t\t\t\t\t<img width=\"1024\" height=\"1024\" src=\"https:\/\/dentagora.com.tr\/de\/wp-content\/uploads\/2021\/12\/IMG_5212-1024x1024.jpg\" class=\"attachment-large size-large\" alt=\"\" loading=\"lazy\" srcset=\"https:\/\/dentagora.com.tr\/de\/wp-content\/uploads\/2021\/12\/IMG_5212-1024x1024.jpg 1024w, https:\/\/dentagora.com.tr\/de\/wp-content\/uploads\/2021\/12\/IMG_5212-300x300.jpg 300w, https:\/\/dentagora.com.tr\/de\/wp-content\/uploads\/2021\/12\/IMG_5212-150x150.jpg 150w, https:\/\/dentagora.com.tr\/de\/wp-content\/uploads\/2021\/12\/IMG_5212-768x768.jpg 768w, https:\/\/dentagora.com.tr\/de\/wp-content\/uploads\/2021\/12\/IMG_5212-500x500.jpg 500w, https:\/\/dentagora.com.tr\/de\/wp-content\/uploads\/2021\/12\/IMG_5212.jpg 1200w\" sizes=\"(max-width: 1024px) 100vw, 1024px\" \/>\t\t\t\t\t\t\t\t\t\t\t\t\t\t\t<\/div>\n\t\t\t\t<\/div>\n\t\t\t\t\t<\/div>\n\t\t<\/div>\n\t\t\t\t<div class=\"elementor-column elementor-col-50 elementor-top-column elementor-element elementor-element-10f8cc5\" data-id=\"10f8cc5\" data-element_type=\"column\">\n\t\t\t<div class=\"elementor-widget-wrap elementor-element-populated\">\n\t\t\t\t\t\t\t\t<div class=\"elementor-element elementor-element-f3dbd11 elementor-mobile-align-left elementor-align-left elementor-widget elementor-widget-raven-heading\" data-id=\"f3dbd11\" data-element_type=\"widget\" data-widget_type=\"raven-heading.default\">\n\t\t\t\t<div class=\"elementor-widget-container\">\n\t\t\t\t\t<div class=\"raven-widget-wrapper\"><h4 class=\"raven-heading raven-heading-h4\"><span class=\"raven-heading-title\">Zahnarzt Mehmet Aykut Ba\u011fc\u0131<\/span><\/h4><\/div>\n\t\t\t\t<\/div>\n\t\t\t\t<\/div>\n\t\t\t\t<div class=\"elementor-element elementor-element-84816fe elementor-widget elementor-widget-text-editor\" data-id=\"84816fe\" data-element_type=\"widget\" data-widget_type=\"text-editor.default\">\n\t\t\t\t<div class=\"elementor-widget-container\">\n\t\t\t\t\t\t\t<p>Zahnarzt Mehmet Aykut Ba\u011fc\u0131 wurde in Kayseri geboren. Er absolvierte seine High-School-Ausbildung an der Kayseri Science High School und seine Grundausbildung an der Fakult\u00e4t f\u00fcr Zahnmedizin der Ege-Universit\u00e4t. Er ist seit 2013 in der Privatwirtschaft in Izmir t\u00e4tig und betreut seine Patienten als Gr\u00fcndungspartner der im Jahr 2021 neu er\u00f6ffneten DentAgora Bornova Filiale.<\/p>\t\t\t\t\t\t<\/div>\n\t\t\t\t<\/div>\n\t\t\t\t\t<\/div>\n\t\t<\/div>\n\t\t\t\t\t\t\t<\/div>\n\t\t<\/section>\n\t\t\t\t\t\t<\/div>\n\t\t\t\t\t<\/div>\n\t\t","protected":false},"excerpt":{"rendered":"<p>Zahnarzt Mehmet Aykut Ba\u011fc\u0131 Zahnarzt Mehmet Aykut Ba\u011fc\u0131 wurde in Kayseri geboren. Er absolvierte seine High-School-Ausbildung an der Kayseri Science High School und seine Grundausbildung an der Fakult\u00e4t f\u00fcr Zahnmedizin der Ege-Universit\u00e4t. Er ist seit 2013 in der Privatwirtschaft in Izmir t\u00e4tig und betreut seine Patienten als Gr\u00fcndungspartner der im Jahr 2021 neu er\u00f6ffneten DentAgora [&hellip;]<\/p>\n","protected":false},"author":1,"featured_media":0,"parent":0,"menu_order":0,"comment_status":"closed","ping_status":"closed","template":"elementor_header_footer","meta":[],"_links":{"self":[{"href":"https:\/\/dentagora.com.tr\/de\/wp-json\/wp\/v2\/pages\/3996"}],"collection":[{"href":"https:\/\/dentagora.com.tr\/de\/wp-json\/wp\/v2\/pages"}],"about":[{"href":"https:\/\/dentagora.com.tr\/de\/wp-json\/wp\/v2\/types\/page"}],"author":[{"embeddable":true,"href":"https:\/\/dentagora.com.tr\/de\/wp-json\/wp\/v2\/users\/1"}],"replies":[{"embeddable":true,"href":"https:\/\/dentagora.com.tr\/de\/wp-json\/wp\/v2\/comments?post=3996"}],"version-history":[{"count":13,"href":"https:\/\/dentagora.com.tr\/de\/wp-json\/wp\/v2\/pages\/3996\/revisions"}],"predecessor-version":[{"id":4025,"href":"https:\/\/dentagora.com.tr\/de\/wp-json\/wp\/v2\/pages\/3996\/revisions\/4025"}],"wp:attachment":[{"href":"https:\/\/dentagora.com.tr\/de\/wp-json\/wp\/v2\/media?parent=3996"}],"curies":[{"name":"wp","href":"https:\/\/api.w.org\/{rel}","templated":true}]}}