{"id":799,"date":"2021-05-07T16:19:30","date_gmt":"2021-05-07T13:19:30","guid":{"rendered":"https:\/\/dentagora.com.tr\/?page_id=799"},"modified":"2021-05-25T11:24:24","modified_gmt":"2021-05-25T08:24:24","slug":"implantologie","status":"publish","type":"page","link":"https:\/\/dentagora.com.tr\/de\/implantologie\/","title":{"rendered":"Implantologie"},"content":{"rendered":"\t\t<div data-elementor-type=\"wp-page\" data-elementor-id=\"799\" class=\"elementor elementor-799\" data-elementor-settings=\"[]\">\n\t\t\t\t\t\t\t<div class=\"elementor-section-wrap\">\n\t\t\t\t\t\t\t<section class=\"elementor-section elementor-top-section elementor-element elementor-element-238e53e elementor-section-boxed elementor-section-height-default elementor-section-height-default\" data-id=\"238e53e\" data-element_type=\"section\">\n\t\t\t\t\t\t<div class=\"elementor-container elementor-column-gap-default\">\n\t\t\t\t\t<div class=\"elementor-column elementor-col-100 elementor-top-column elementor-element elementor-element-8315e89\" data-id=\"8315e89\" data-element_type=\"column\">\n\t\t\t<div class=\"elementor-widget-wrap elementor-element-populated\">\n\t\t\t\t\t\t\t\t<div class=\"elementor-element elementor-element-f3dbd11 elementor-mobile-align-left elementor-align-left elementor-widget elementor-widget-raven-heading\" data-id=\"f3dbd11\" data-element_type=\"widget\" data-widget_type=\"raven-heading.default\">\n\t\t\t\t<div class=\"elementor-widget-container\">\n\t\t\t\t\t<div class=\"raven-widget-wrapper\"><h4 class=\"raven-heading raven-heading-h4\"><span class=\"raven-heading-title\">Implantologie\n<\/span><\/h4><\/div>\n\t\t\t\t<\/div>\n\t\t\t\t<\/div>\n\t\t\t\t\t<\/div>\n\t\t<\/div>\n\t\t\t\t\t\t\t<\/div>\n\t\t<\/section>\n\t\t\t\t<section class=\"elementor-section elementor-top-section elementor-element elementor-element-349c19e elementor-section-boxed elementor-section-height-default elementor-section-height-default\" data-id=\"349c19e\" data-element_type=\"section\">\n\t\t\t\t\t\t<div class=\"elementor-container elementor-column-gap-default\">\n\t\t\t\t\t<div class=\"elementor-column elementor-col-50 elementor-top-column elementor-element elementor-element-a8474b5\" data-id=\"a8474b5\" data-element_type=\"column\">\n\t\t\t<div class=\"elementor-widget-wrap elementor-element-populated\">\n\t\t\t\t\t\t\t\t<div class=\"elementor-element elementor-element-8dcd6e1 elementor-widget elementor-widget-image\" data-id=\"8dcd6e1\" data-element_type=\"widget\" data-widget_type=\"image.default\">\n\t\t\t\t<div class=\"elementor-widget-container\">\n\t\t\t\t\t\t\t\t\t\t\t\t\t\t\t<img width=\"555\" height=\"339\" src=\"https:\/\/dentagora.com.tr\/de\/wp-content\/uploads\/2021\/05\/Implantoloji-2-555x339-1.jpg\" class=\"attachment-large size-large\" alt=\"\" loading=\"lazy\" srcset=\"https:\/\/dentagora.com.tr\/de\/wp-content\/uploads\/2021\/05\/Implantoloji-2-555x339-1.jpg 555w, https:\/\/dentagora.com.tr\/de\/wp-content\/uploads\/2021\/05\/Implantoloji-2-555x339-1-300x183.jpg 300w\" sizes=\"(max-width: 555px) 100vw, 555px\" \/>\t\t\t\t\t\t\t\t\t\t\t\t\t\t\t<\/div>\n\t\t\t\t<\/div>\n\t\t\t\t\t<\/div>\n\t\t<\/div>\n\t\t\t\t<div class=\"elementor-column elementor-col-50 elementor-top-column elementor-element elementor-element-8b73e82\" data-id=\"8b73e82\" data-element_type=\"column\">\n\t\t\t<div class=\"elementor-widget-wrap elementor-element-populated\">\n\t\t\t\t\t\t\t\t<div class=\"elementor-element elementor-element-a05db35 elementor-widget elementor-widget-image\" data-id=\"a05db35\" data-element_type=\"widget\" data-widget_type=\"image.default\">\n\t\t\t\t<div class=\"elementor-widget-container\">\n\t\t\t\t\t\t\t\t\t\t\t\t\t\t\t<img width=\"555\" height=\"339\" src=\"https:\/\/dentagora.com.tr\/de\/wp-content\/uploads\/2021\/05\/Implantoloji-555x339-1.jpg\" class=\"attachment-large size-large\" alt=\"\" loading=\"lazy\" srcset=\"https:\/\/dentagora.com.tr\/de\/wp-content\/uploads\/2021\/05\/Implantoloji-555x339-1.jpg 555w, https:\/\/dentagora.com.tr\/de\/wp-content\/uploads\/2021\/05\/Implantoloji-555x339-1-300x183.jpg 300w\" sizes=\"(max-width: 555px) 100vw, 555px\" \/>\t\t\t\t\t\t\t\t\t\t\t\t\t\t\t<\/div>\n\t\t\t\t<\/div>\n\t\t\t\t\t<\/div>\n\t\t<\/div>\n\t\t\t\t\t\t\t<\/div>\n\t\t<\/section>\n\t\t\t\t<section class=\"elementor-section elementor-top-section elementor-element elementor-element-6af3b04 elementor-section-stretched elementor-section-height-min-height elementor-section-boxed elementor-section-height-default elementor-section-items-middle\" data-id=\"6af3b04\" data-element_type=\"section\" data-settings=\"{&quot;stretch_section&quot;:&quot;section-stretched&quot;}\">\n\t\t\t\t\t\t<div class=\"elementor-container elementor-column-gap-default\">\n\t\t\t\t\t<div class=\"elementor-column elementor-col-100 elementor-top-column elementor-element elementor-element-10f8cc5\" data-id=\"10f8cc5\" data-element_type=\"column\">\n\t\t\t<div class=\"elementor-widget-wrap elementor-element-populated\">\n\t\t\t\t\t\t\t\t<div class=\"elementor-element elementor-element-28d07fb elementor-widget elementor-widget-heading\" data-id=\"28d07fb\" data-element_type=\"widget\" data-widget_type=\"heading.default\">\n\t\t\t\t<div class=\"elementor-widget-container\">\n\t\t\t<h2 class=\"elementor-heading-title elementor-size-default\">Was ist Implantatbehandlung Izmir?<\/h2>\t\t<\/div>\n\t\t\t\t<\/div>\n\t\t\t\t<div class=\"elementor-element elementor-element-84816fe elementor-widget elementor-widget-text-editor\" data-id=\"84816fe\" data-element_type=\"widget\" data-widget_type=\"text-editor.default\">\n\t\t\t\t<div class=\"elementor-widget-container\">\n\t\t\t\t\t\t\t<p>Zahnimplantate sind k\u00fcnstliche Zahnwurzeln aus Titan, die im Kieferknochen eingesetzt werden, um die Funktion und \u00c4sthetik der Z\u00e4hne wiederherzustellen, die aufgrund von Trauma, Zahnfleischerkrankungen oder Karies verlorengegangen sind.<\/p><p>Titan ist ein gewebefreundliches (biokompatibles) Material.\u00a0 Die im Mund verwendeten Zahnimplantate werden verschiedenen Prozessen wie Aufrauen und Beschichten mit verschiedenen Materialien unterzogen, um den Kieferknochen auf zellul\u00e4rer Ebene zu halten.\u00a0 Nachdem Zahnimplantate in den Kieferknochen eingesetzt wurden, gehen sie eine direkte molekulare Verbindung mit dem Knochen ein. Wenn Implantate in Knochen geschraubt werden, k\u00f6nnen Br\u00fccken und feststehende Kronen entstehen. Sie k\u00f6nnen sie an Implantaten befestigen (3-6 Monate).<\/p>\t\t\t\t\t\t<\/div>\n\t\t\t\t<\/div>\n\t\t\t\t\t<\/div>\n\t\t<\/div>\n\t\t\t\t\t\t\t<\/div>\n\t\t<\/section>\n\t\t\t\t<section class=\"elementor-section elementor-top-section elementor-element elementor-element-4ab3005 elementor-section-stretched elementor-section-height-min-height elementor-section-boxed elementor-section-height-default elementor-section-items-middle\" data-id=\"4ab3005\" data-element_type=\"section\" data-settings=\"{&quot;stretch_section&quot;:&quot;section-stretched&quot;}\">\n\t\t\t\t\t\t<div class=\"elementor-container elementor-column-gap-default\">\n\t\t\t\t\t<div class=\"elementor-column elementor-col-100 elementor-top-column elementor-element elementor-element-e83b818\" data-id=\"e83b818\" data-element_type=\"column\">\n\t\t\t<div class=\"elementor-widget-wrap elementor-element-populated\">\n\t\t\t\t\t\t\t\t<div class=\"elementor-element elementor-element-1bb2017 elementor-widget elementor-widget-heading\" data-id=\"1bb2017\" data-element_type=\"widget\" data-widget_type=\"heading.default\">\n\t\t\t\t<div class=\"elementor-widget-container\">\n\t\t\t<h2 class=\"elementor-heading-title elementor-size-default\">Anzahl der Implantate<\/h2>\t\t<\/div>\n\t\t\t\t<\/div>\n\t\t\t\t<div class=\"elementor-element elementor-element-c8bd207 elementor-widget elementor-widget-text-editor\" data-id=\"c8bd207\" data-element_type=\"widget\" data-widget_type=\"text-editor.default\">\n\t\t\t\t<div class=\"elementor-widget-container\">\n\t\t\t\t\t\t\t<p>Vor der Implantatbehandlung wird der systemische Zustand des Patienten bewertet und die notwendige intraorale und radiologische Untersuchungen durchgef\u00fchrt.\u00a0 Nach all diesen Bewertungen beginnt die Planungsphase mit der Ber\u00fccksichtigung der W\u00fcnsche und Erwartungen des Patienten.\u00a0 In der Planungsphase variiert die Anzahl der herzustellenden Zahnimplantate je nach Knochenstatus des Patienten, Anzahl der fehlenden Z\u00e4hne und Art der zu verwendenden Prothese (feste \/ bewegliche).<\/p>\t\t\t\t\t\t<\/div>\n\t\t\t\t<\/div>\n\t\t\t\t<div class=\"elementor-element elementor-element-7d9bdef elementor-widget elementor-widget-heading\" data-id=\"7d9bdef\" data-element_type=\"widget\" data-widget_type=\"heading.default\">\n\t\t\t\t<div class=\"elementor-widget-container\">\n\t\t\t<h2 class=\"elementor-heading-title elementor-size-default\">In welchen F\u00e4llen wird das Izmir-Implantat angewendet?<\/h2>\t\t<\/div>\n\t\t\t\t<\/div>\n\t\t\t\t<div class=\"elementor-element elementor-element-33ede40 elementor-widget elementor-widget-text-editor\" data-id=\"33ede40\" data-element_type=\"widget\" data-widget_type=\"text-editor.default\">\n\t\t\t\t<div class=\"elementor-widget-container\">\n\t\t\t\t\t\t\t<p>Izmir Implantatbehandlung;\u00a0 Mit Ausnahme von Kindern in der Entwicklungsphase kann die Implantatbehandlung f\u00fcr alle Personen ohne Alterstrennung angewendet werden, diejenigen einen einzelnen Zahn, mehrere Z\u00e4hne oder alle Z\u00e4hne fehlen.<\/p>\t\t\t\t\t\t<\/div>\n\t\t\t\t<\/div>\n\t\t\t\t<div class=\"elementor-element elementor-element-cab8653 elementor-widget elementor-widget-heading\" data-id=\"cab8653\" data-element_type=\"widget\" data-widget_type=\"heading.default\">\n\t\t\t\t<div class=\"elementor-widget-container\">\n\t\t\t<h2 class=\"elementor-heading-title elementor-size-default\">F\u00fcr wen sind Zahnimplantate nicht geiegnet?<\/h2>\t\t<\/div>\n\t\t\t\t<\/div>\n\t\t\t\t<div class=\"elementor-element elementor-element-c38ef6f elementor-widget elementor-widget-text-editor\" data-id=\"c38ef6f\" data-element_type=\"widget\" data-widget_type=\"text-editor.default\">\n\t\t\t\t<div class=\"elementor-widget-container\">\n\t\t\t\t\t\t\t<p>&#8211; Personen, die eine Strahlentherapie im Kopf- und Halsbereich erhalten haben,<\/p><p>&#8211; Jugendliche, die ihr Knochenwachstum und ihre Knochenentwicklung noch nicht abgeschlossen haben,<\/p><p>&#8211; Da Rauchen die Wundheilung im Mund unterdr\u00fcckt und den Erfolg der Zahnbehandlung mit \u0130zmir-Implantaten verringert, sind die Personen\u00a0mit \u00fcberm\u00e4\u00dfigem\u00a0Rauchen keine geeigneten Kandidaten\u00a0f\u00fcr ein\u00a0Implantat.<\/p><p>&#8211; Wenn geeignete Bedingungen \u00fcber die Gesundheitszust\u00e4nde von Personen mit systemischen Erkrankungen wie Diabetes, Bluthochdruck, H\u00e4mophilie und Autoimmunerkrankungen, die Bisphosphonate, Kortikosteroide oder Immunsuppressiva einnehmen, vom Arzt festgestellt werden k\u00f6nnen,\u00a0 kann Implantatbehandlung angewendet werden.<\/p>\t\t\t\t\t\t<\/div>\n\t\t\t\t<\/div>\n\t\t\t\t\t<\/div>\n\t\t<\/div>\n\t\t\t\t\t\t\t<\/div>\n\t\t<\/section>\n\t\t\t\t<section class=\"elementor-section elementor-top-section elementor-element elementor-element-f2940a5 elementor-section-boxed elementor-section-height-default elementor-section-height-default\" data-id=\"f2940a5\" data-element_type=\"section\">\n\t\t\t\t\t\t<div class=\"elementor-container elementor-column-gap-default\">\n\t\t\t\t\t<div class=\"elementor-column elementor-col-50 elementor-top-column elementor-element elementor-element-154f0d9\" data-id=\"154f0d9\" data-element_type=\"column\">\n\t\t\t<div class=\"elementor-widget-wrap elementor-element-populated\">\n\t\t\t\t\t\t\t\t<div class=\"elementor-element elementor-element-381daed elementor-widget elementor-widget-image\" data-id=\"381daed\" data-element_type=\"widget\" data-widget_type=\"image.default\">\n\t\t\t\t<div class=\"elementor-widget-container\">\n\t\t\t\t\t\t\t\t\t\t\t\t\t\t\t<img width=\"555\" height=\"339\" src=\"https:\/\/dentagora.com.tr\/de\/wp-content\/uploads\/2021\/05\/Implantoloji-3-555x339-1.jpg\" class=\"attachment-large size-large\" alt=\"\" loading=\"lazy\" srcset=\"https:\/\/dentagora.com.tr\/de\/wp-content\/uploads\/2021\/05\/Implantoloji-3-555x339-1.jpg 555w, https:\/\/dentagora.com.tr\/de\/wp-content\/uploads\/2021\/05\/Implantoloji-3-555x339-1-300x183.jpg 300w\" sizes=\"(max-width: 555px) 100vw, 555px\" \/>\t\t\t\t\t\t\t\t\t\t\t\t\t\t\t<\/div>\n\t\t\t\t<\/div>\n\t\t\t\t\t<\/div>\n\t\t<\/div>\n\t\t\t\t<div class=\"elementor-column elementor-col-50 elementor-top-column elementor-element elementor-element-27d6b03\" data-id=\"27d6b03\" data-element_type=\"column\">\n\t\t\t<div class=\"elementor-widget-wrap elementor-element-populated\">\n\t\t\t\t\t\t\t\t<div class=\"elementor-element elementor-element-3e84c5a elementor-widget elementor-widget-image\" data-id=\"3e84c5a\" data-element_type=\"widget\" data-widget_type=\"image.default\">\n\t\t\t\t<div class=\"elementor-widget-container\">\n\t\t\t\t\t\t\t\t\t\t\t\t\t\t\t<img width=\"555\" height=\"339\" src=\"https:\/\/dentagora.com.tr\/de\/wp-content\/uploads\/2021\/05\/Implantoloji-4-555x339-1.jpg\" class=\"attachment-full size-full\" alt=\"\" loading=\"lazy\" srcset=\"https:\/\/dentagora.com.tr\/de\/wp-content\/uploads\/2021\/05\/Implantoloji-4-555x339-1.jpg 555w, https:\/\/dentagora.com.tr\/de\/wp-content\/uploads\/2021\/05\/Implantoloji-4-555x339-1-300x183.jpg 300w\" sizes=\"(max-width: 555px) 100vw, 555px\" \/>\t\t\t\t\t\t\t\t\t\t\t\t\t\t\t<\/div>\n\t\t\t\t<\/div>\n\t\t\t\t\t<\/div>\n\t\t<\/div>\n\t\t\t\t\t\t\t<\/div>\n\t\t<\/section>\n\t\t\t\t<section class=\"elementor-section elementor-top-section elementor-element elementor-element-fe14fa4 elementor-section-stretched elementor-section-height-min-height elementor-section-boxed elementor-section-height-default elementor-section-items-middle\" data-id=\"fe14fa4\" data-element_type=\"section\" data-settings=\"{&quot;stretch_section&quot;:&quot;section-stretched&quot;}\">\n\t\t\t\t\t\t<div class=\"elementor-container elementor-column-gap-default\">\n\t\t\t\t\t<div class=\"elementor-column elementor-col-100 elementor-top-column elementor-element elementor-element-98f3fc3\" data-id=\"98f3fc3\" data-element_type=\"column\">\n\t\t\t<div class=\"elementor-widget-wrap elementor-element-populated\">\n\t\t\t\t\t\t\t\t<div class=\"elementor-element elementor-element-4c5b33a elementor-widget elementor-widget-heading\" data-id=\"4c5b33a\" data-element_type=\"widget\" data-widget_type=\"heading.default\">\n\t\t\t\t<div class=\"elementor-widget-container\">\n\t\t\t<h2 class=\"elementor-heading-title elementor-size-default\">Knochendicke und -h\u00f6he<\/h2>\t\t<\/div>\n\t\t\t\t<\/div>\n\t\t\t\t<div class=\"elementor-element elementor-element-4f9e413 elementor-widget elementor-widget-text-editor\" data-id=\"4f9e413\" data-element_type=\"widget\" data-widget_type=\"text-editor.default\">\n\t\t\t\t<div class=\"elementor-widget-container\">\n\t\t\t\t\t\t\t<p>Um den Kieferknochen zu st\u00e4rken und einen Platz f\u00fcr das Implantat zu schaffen werden von Mund-, Zahn- und Kieferchirurgen der Knochenaufbau (Knochenmehl, Knochenbl\u00f6cke) durchgef\u00fchrt. \u00a0In den F\u00e4llen der Beschaffung der erforderlichen Knochendicke und -h\u00f6he bleibt das mit der Implantatkonstruktion erhaltene Knochengewebe erhalten.<\/p>\t\t\t\t\t\t<\/div>\n\t\t\t\t<\/div>\n\t\t\t\t<div class=\"elementor-element elementor-element-83f5250 elementor-widget elementor-widget-heading\" data-id=\"83f5250\" data-element_type=\"widget\" data-widget_type=\"heading.default\">\n\t\t\t\t<div class=\"elementor-widget-container\">\n\t\t\t<h2 class=\"elementor-heading-title elementor-size-default\">Sinuslift (Sinusbodenelevation)<\/h2>\t\t<\/div>\n\t\t\t\t<\/div>\n\t\t\t\t<div class=\"elementor-element elementor-element-a36f5cd elementor-widget elementor-widget-text-editor\" data-id=\"a36f5cd\" data-element_type=\"widget\" data-widget_type=\"text-editor.default\">\n\t\t\t\t<div class=\"elementor-widget-container\">\n\t\t\t\t\t\t\t<p>Findet im seitlichen\u00a0<a href=\"https:\/\/www.zpk-herne.de\/lexikon\/oberkiefer\/\">Oberkiefer<\/a>\u00a0ein Knochenabbau statt, wird das Sinuslift-Verfahren angewandt, um hier ein ausreichendes Implantatlager zu schaffen. Das Sinuslifting ist eine chirurgische Methode, bei der die Sinush\u00f6hle mit Knochenmehl gef\u00fcllt wird, um eine festsitzende Implantatprothese herzustellen, wenn der Sinusboden im Oberkiefer durchh\u00e4ngt und die vertikale Knochenh\u00f6he unter 4 mm liegt, zusammen mit Zahnm\u00e4ngeln im Bereich der Oberkiefer-Pr\u00e4molaren und Molaren. Die Anwendung hat eine einfache Operationstechnik und ist f\u00fcr die Patienten nach der OP leicht tolerierbar.\u00a0 Obwohl die chirurgische Methode einfach ist, erfordert sie eine empfindliche Arbeit.<\/p>\t\t\t\t\t\t<\/div>\n\t\t\t\t<\/div>\n\t\t\t\t<div class=\"elementor-element elementor-element-799d1ba elementor-widget elementor-widget-text-editor\" data-id=\"799d1ba\" data-element_type=\"widget\" data-widget_type=\"text-editor.default\">\n\t\t\t\t<div class=\"elementor-widget-container\">\n\t\t\t\t\t\t\t<p><strong>Was sind die Nachteile der Zahnbehandlung mit Izmir-Implantaten?<\/strong><\/p><ul><li>Hohe Kosten<\/li><li>Eine akkurate Nachbehandlungszeit &#8211; erfordert sehr gute Pflege und Mundhygiene<\/li><\/ul><p><strong>Was sind die Vorteile der Zahnbehandlung mit Izmir-Implantaten?<\/strong><\/p><ul><li>Bequemes Kauen und damit gesunde Ern\u00e4hrung.<\/li><li>Bessere \u00e4sthetische Erscheinung und ein besseres L\u00e4cheln<\/li><li>Minimales Schmelzen im Knochengewebe um das Zahnimplantat<\/li><\/ul><p><strong>Zahnbehandlung Izmir-Implantat<\/strong><\/p><p>In Bezug der \u0130mplantatbehandlung steht Ihnen die private Mund- und Zahngesundheitsklinik Dentagora in \u0130zmir mit qualifiziertem und kompetentem Personal in allen Branchen zur Verf\u00fcgung. \u00a0F\u00fcr die Preisinformation k\u00f6nnen Sie sich an unsere Einrichtung wenden oder uns kontaktieren.<\/p>\t\t\t\t\t\t<\/div>\n\t\t\t\t<\/div>\n\t\t\t\t\t<\/div>\n\t\t<\/div>\n\t\t\t\t\t\t\t<\/div>\n\t\t<\/section>\n\t\t\t\t\t\t<\/div>\n\t\t\t\t\t<\/div>\n\t\t","protected":false},"excerpt":{"rendered":"<p>Implantologie Was ist Implantatbehandlung Izmir? Zahnimplantate sind k\u00fcnstliche Zahnwurzeln aus Titan, die im Kieferknochen eingesetzt werden, um die Funktion und \u00c4sthetik der Z\u00e4hne wiederherzustellen, die aufgrund von Trauma, Zahnfleischerkrankungen oder Karies verlorengegangen sind. Titan ist ein gewebefreundliches (biokompatibles) Material.\u00a0 Die im Mund verwendeten Zahnimplantate werden verschiedenen Prozessen wie Aufrauen und Beschichten mit verschiedenen Materialien unterzogen, [&hellip;]<\/p>\n","protected":false},"author":1,"featured_media":0,"parent":0,"menu_order":0,"comment_status":"closed","ping_status":"closed","template":"elementor_header_footer","meta":[],"_links":{"self":[{"href":"https:\/\/dentagora.com.tr\/de\/wp-json\/wp\/v2\/pages\/799"}],"collection":[{"href":"https:\/\/dentagora.com.tr\/de\/wp-json\/wp\/v2\/pages"}],"about":[{"href":"https:\/\/dentagora.com.tr\/de\/wp-json\/wp\/v2\/types\/page"}],"author":[{"embeddable":true,"href":"https:\/\/dentagora.com.tr\/de\/wp-json\/wp\/v2\/users\/1"}],"replies":[{"embeddable":true,"href":"https:\/\/dentagora.com.tr\/de\/wp-json\/wp\/v2\/comments?post=799"}],"version-history":[{"count":0,"href":"https:\/\/dentagora.com.tr\/de\/wp-json\/wp\/v2\/pages\/799\/revisions"}],"wp:attachment":[{"href":"https:\/\/dentagora.com.tr\/de\/wp-json\/wp\/v2\/media?parent=799"}],"curies":[{"name":"wp","href":"https:\/\/api.w.org\/{rel}","templated":true}]}}