{"id":852,"date":"2021-05-08T16:19:20","date_gmt":"2021-05-08T13:19:20","guid":{"rendered":"https:\/\/dentagora.com.tr\/?page_id=852"},"modified":"2021-05-25T11:46:17","modified_gmt":"2021-05-25T08:46:17","slug":"cerrahi","status":"publish","type":"page","link":"https:\/\/dentagora.com.tr\/de\/cerrahi\/","title":{"rendered":"Chirurgisch"},"content":{"rendered":"\t\t<div data-elementor-type=\"wp-page\" data-elementor-id=\"852\" class=\"elementor elementor-852\" data-elementor-settings=\"[]\">\n\t\t\t\t\t\t\t<div class=\"elementor-section-wrap\">\n\t\t\t\t\t\t\t<section class=\"elementor-section elementor-top-section elementor-element elementor-element-238e53e elementor-section-boxed elementor-section-height-default elementor-section-height-default\" data-id=\"238e53e\" data-element_type=\"section\">\n\t\t\t\t\t\t<div class=\"elementor-container elementor-column-gap-default\">\n\t\t\t\t\t<div class=\"elementor-column elementor-col-100 elementor-top-column elementor-element elementor-element-8315e89\" data-id=\"8315e89\" data-element_type=\"column\">\n\t\t\t<div class=\"elementor-widget-wrap elementor-element-populated\">\n\t\t\t\t\t\t\t\t<div class=\"elementor-element elementor-element-f3dbd11 elementor-mobile-align-center elementor-align-left elementor-widget elementor-widget-raven-heading\" data-id=\"f3dbd11\" data-element_type=\"widget\" data-widget_type=\"raven-heading.default\">\n\t\t\t\t<div class=\"elementor-widget-container\">\n\t\t\t\t\t<div class=\"raven-widget-wrapper\"><h4 class=\"raven-heading raven-heading-h4\"><span class=\"raven-heading-title\">Chirurgisch<\/span><\/h4><\/div>\n\t\t\t\t<\/div>\n\t\t\t\t<\/div>\n\t\t\t\t\t<\/div>\n\t\t<\/div>\n\t\t\t\t\t\t\t<\/div>\n\t\t<\/section>\n\t\t\t\t<section class=\"elementor-section elementor-top-section elementor-element elementor-element-6af3b04 elementor-section-stretched elementor-section-height-min-height elementor-section-boxed elementor-section-height-default elementor-section-items-middle\" data-id=\"6af3b04\" data-element_type=\"section\" data-settings=\"{&quot;stretch_section&quot;:&quot;section-stretched&quot;}\">\n\t\t\t\t\t\t<div class=\"elementor-container elementor-column-gap-default\">\n\t\t\t\t\t<div class=\"elementor-column elementor-col-50 elementor-top-column elementor-element elementor-element-10f8cc5\" data-id=\"10f8cc5\" data-element_type=\"column\">\n\t\t\t<div class=\"elementor-widget-wrap elementor-element-populated\">\n\t\t\t\t\t\t\t\t<div class=\"elementor-element elementor-element-28d07fb elementor-widget elementor-widget-heading\" data-id=\"28d07fb\" data-element_type=\"widget\" data-widget_type=\"heading.default\">\n\t\t\t\t<div class=\"elementor-widget-container\">\n\t\t\t<h2 class=\"elementor-heading-title elementor-size-default\">Mund, Zahn - Und Max\u0131llofac\u0131alch\u0131rurg\u0131e<\/h2>\t\t<\/div>\n\t\t\t\t<\/div>\n\t\t\t\t<div class=\"elementor-element elementor-element-84816fe elementor-widget elementor-widget-text-editor\" data-id=\"84816fe\" data-element_type=\"widget\" data-widget_type=\"text-editor.default\">\n\t\t\t\t<div class=\"elementor-widget-container\">\n\t\t\t\t\t\t\t<p>Als private Dentagora-Poliklinik f\u00fcr Mund und Zahngesundheit sind die Initiativen in Bezug auf Mund- und Kieferchirurgie in Izmir, die wir in allen unseren Branchen anwenden, wie folgt:<\/p><p><strong>Vergrabene Weisheitsz\u00e4hne<\/strong><\/p><p>Ein Erwachsener hat insgesamt 32 Z\u00e4hne im Mund. Oft befinden sich jedoch 28 Z\u00e4hne im Mund, und der dritte der verbleibenden 4 Z\u00e4hne, unsere Backenz\u00e4hne (auch als Weisheitsz\u00e4hne oder 20 Jahre alte Z\u00e4hne bekannt), sind normalerweise im Mund vergraben, was uns verschiedene Probleme verursacht.<\/p>\t\t\t\t\t\t<\/div>\n\t\t\t\t<\/div>\n\t\t\t\t\t<\/div>\n\t\t<\/div>\n\t\t\t\t<div class=\"elementor-column elementor-col-50 elementor-top-column elementor-element elementor-element-38711ae\" data-id=\"38711ae\" data-element_type=\"column\">\n\t\t\t<div class=\"elementor-widget-wrap elementor-element-populated\">\n\t\t\t\t\t\t\t\t<div class=\"elementor-element elementor-element-a05db35 elementor-widget elementor-widget-image\" data-id=\"a05db35\" data-element_type=\"widget\" data-widget_type=\"image.default\">\n\t\t\t\t<div class=\"elementor-widget-container\">\n\t\t\t\t\t\t\t\t\t\t\t\t\t\t\t<img width=\"358\" height=\"339\" src=\"https:\/\/dentagora.com.tr\/de\/wp-content\/uploads\/2021\/05\/cerrahi.jpg\" class=\"attachment-large size-large\" alt=\"\" loading=\"lazy\" srcset=\"https:\/\/dentagora.com.tr\/de\/wp-content\/uploads\/2021\/05\/cerrahi.jpg 358w, https:\/\/dentagora.com.tr\/de\/wp-content\/uploads\/2021\/05\/cerrahi-300x284.jpg 300w\" sizes=\"(max-width: 358px) 100vw, 358px\" \/>\t\t\t\t\t\t\t\t\t\t\t\t\t\t\t<\/div>\n\t\t\t\t<\/div>\n\t\t\t\t\t<\/div>\n\t\t<\/div>\n\t\t\t\t\t\t\t<\/div>\n\t\t<\/section>\n\t\t\t\t<section class=\"elementor-section elementor-top-section elementor-element elementor-element-4ab3005 elementor-section-stretched elementor-section-height-min-height elementor-section-boxed elementor-section-height-default elementor-section-items-middle\" data-id=\"4ab3005\" data-element_type=\"section\" data-settings=\"{&quot;stretch_section&quot;:&quot;section-stretched&quot;}\">\n\t\t\t\t\t\t<div class=\"elementor-container elementor-column-gap-default\">\n\t\t\t\t\t<div class=\"elementor-column elementor-col-100 elementor-top-column elementor-element elementor-element-e83b818\" data-id=\"e83b818\" data-element_type=\"column\">\n\t\t\t<div class=\"elementor-widget-wrap elementor-element-populated\">\n\t\t\t\t\t\t\t\t<div class=\"elementor-element elementor-element-c8bd207 elementor-widget elementor-widget-text-editor\" data-id=\"c8bd207\" data-element_type=\"widget\" data-widget_type=\"text-editor.default\">\n\t\t\t\t<div class=\"elementor-widget-container\">\n\t\t\t\t\t\t\t<p>Diese Z\u00e4hne, die sich auf dem Gebiet der Kiefer- und Gesichtschirurgie befinden, funktionieren einwandfrei, wenn sie einen Platz im Bereich des Kauens finden, und es ist angebracht, bei gesundem Zahnfleisch im Mund funktionsf\u00e4hig zu bleiben. Leider ist diese gew\u00fcnschte Situation die meiste Zeit nicht zu begegnen.<\/p><p>Sie \u00f6ffnen das Zahnfleisch nicht vollst\u00e4ndig und reiben nicht in Form eines Trapezes am Mund, was auf eine Fehlausrichtung der Position hinweist, die wir als Fehlausrichtung-Malpos bezeichnen.<\/p><p>In einigen F\u00e4llen bleiben sie vollst\u00e4ndig unter dem Zahnfleisch begraben. Ein Weisheitszahn, der im Kieferknochen steckt, kann keinen Raum finden, um sich vorw\u00e4rtszubewegen, indem er seine Position auf verschiedene Weise \u00e4ndert.<\/p><p>In F\u00e4llen, in denen der Zahn nicht vollst\u00e4ndig vorr\u00fccken kann, setzen sich Bakterien leicht im halb ge\u00f6ffneten Zahnfleisch um ihn herum ab und die Entz\u00fcndung, die wir &#8220;Perikoronitis&#8221; nennen, beginnt.<\/p><p>Wenn der Weisheitszahn falsch fortschreitet, \u00fcbt er Druck auf andere Z\u00e4hne aus und kann eine richtige Zahnreihe st\u00f6ren. Ein weiteres der wichtigsten Probleme, die auftreten k\u00f6nnen, ist : Es ist das Schmelzen des Kieferknochens aufgrund der Zyste und des Tumors, die um den vergrabenen Weisheitszahn auftreten.<\/p><p>Alle diese Probleme werden durch Zahnextraktion behandelt. Das Extrahieren von Weisheitsz\u00e4hnen im Fr\u00fchstadium ist eine Anwendung, die wir empfehlen, um zuk\u00fcnftige Probleme zu vermeiden.<\/p>\t\t\t\t\t\t<\/div>\n\t\t\t\t<\/div>\n\t\t\t\t<div class=\"elementor-element elementor-element-7d9bdef elementor-widget elementor-widget-heading\" data-id=\"7d9bdef\" data-element_type=\"widget\" data-widget_type=\"heading.default\">\n\t\t\t\t<div class=\"elementor-widget-container\">\n\t\t\t<h2 class=\"elementor-heading-title elementor-size-default\">Mund- und Kieferchirurgie Operationen in \u0130zmir<\/h2>\t\t<\/div>\n\t\t\t\t<\/div>\n\t\t\t\t<div class=\"elementor-element elementor-element-33ede40 elementor-widget elementor-widget-text-editor\" data-id=\"33ede40\" data-element_type=\"widget\" data-widget_type=\"text-editor.default\">\n\t\t\t\t<div class=\"elementor-widget-container\">\n\t\t\t\t\t\t\t<p><strong>Zyste Operationen <\/strong><\/p><p>Zysten k\u00f6nnen aus Gr\u00fcnden, die an Z\u00e4hnen haften und nicht mit Z\u00e4hnen verbunden sind, im Kiefer gesehen werden. Zysten f\u00fchren zu Substanzverlust und Schw\u00e4chung des Kieferknochens durch Schmelzen des Kieferknochens. Wenn sie nicht behandelt werden, entwickeln sie sich weiter und verursachen pl\u00f6tzliche Br\u00fcche im Kieferknochen sowie \u00e4sthetische und funktionelle St\u00f6rungen. Damit man rechtzeitig diagnostizieren kann, ist es vorteilhaft, Ihren Facharzt auf dem Gebiet der Mund- und Kieferchirurgie in Izmir alle 6 Monate mit einer Panorama-R\u00f6ntgenaufnahme untersuchen zu lassen.<\/p><p><strong>Apikale Resektionsoperation<\/strong><\/p><p>Man kann als \u201cDie apikale Resektionsoperation \u201c nennen , dass ein externer chirurgischer Eingriff, der direkt an den Zahnwurzeln durchgef\u00fchrt wird und trotz hartn\u00e4ckiger Behandlung und Wurzelkanalbehandlung keine vollst\u00e4ndige Genesung zeigt . Bei diesem Vorgang wird ein wenig Knochen entfernt und die Wurzelspitze des infizierten Zahns freigelegt.<\/p><p><strong>Bedingungen, die eine apikale Resektion erfordern:<\/strong><\/p><ul><li>Wenn die Wurzelkanalbehandlung aufgrund der Struktur oder Deformit\u00e4t der Zahnwurzel nicht vollst\u00e4ndig durchgef\u00fchrt werden kann<\/li><li>Wenn eine Wurzelkanalbehandlung aufgrund einer Restauration, die nicht an der Zahnoberfl\u00e4che entfernt werden kann, nicht durchgef\u00fchrt werden kann,<\/li><li>Wenn das Instrument w\u00e4hrend der Wurzelkanalbehandlung gebrochen ist, wenn das gebrochene Instrument entfernt werden muss, um das Instrument zu entfernen,<\/li><li>Wenn der Schmerz des Patienten trotz Wurzelkanalbehandlung anh\u00e4lt,<\/li><li>Wenn es F\u00e4lle mit Zysten in der Zahnwurzel gibt,<\/li><li>Falls die 1\/3 Spitze der Zahnwurzel im Knochen gebrochen ist<\/li><\/ul><p>Heutzutage besteht der Hauptzweck der heutigen Zahnmedizin darin, Zahnverlust so weit wie m\u00f6glich zu verhindern. Zahn\u00e4rzte bem\u00fchen sich nun, nat\u00fcrliche Z\u00e4hne im Mund zu halten, weil selbst der Verlust eines einzelnen Zahns f\u00fchrt zu negativen Ver\u00e4nderungen der allgemeinen Mund- und Zahngesundheit sowie des \u00e4sthetischen Erscheinungsbilds. Um Zahnverlust so weit wie m\u00f6glich zu vermeiden, ist es sehr wichtig, dass Sie sich von unseren Zahn\u00e4rzten behandeln lassen, die Experten auf dem Gebiet der Kiefer- und Gesichtschirurgie sind.<\/p><p><strong>Abszess- und Zystenoperationen<\/strong><\/p><p>Odontogene (z\u00e4hnliche Herkunft -) Zysten treten in jedem Bereich des Mundes auf. Diese Zysten k\u00f6nnen vom Patienten bemerkt werden, indem sie Schmerzen und Schwellungen verursachen. In einigen F\u00e4llen werden sie jedoch nicht ohne Symptome bemerkt und k\u00f6nnen ziemlich gro\u00dfe Probleme verursachen.<\/p><p>Nachdem die Kieferzysten von einem Mund- und Kieferchirurgen klinisch und radiologisch untersucht wurden, werden sie je nach Region und Gr\u00f6\u00dfe mit unterschiedlichen Methoden behandelt.<\/p><p><strong>Kiefer- und Gesichtstraumata<\/strong><\/p><p>Kiefer- und Gesichtsverletzungen verursachen bei Patienten sowohl k\u00f6rperliche als auch geistige Traumata. Diese Arten von Verletzungen k\u00f6nnen aus vielen Gr\u00fcnden auftreten, wie z. B. Kraftfahrzeugunf\u00e4llen, Sportverletzungen, Arbeitsunf\u00e4llen und Schl\u00e4gen. Infolge dieser Verletzungen k\u00f6nnen die Z\u00e4hne aus ihren H\u00f6hlen herauskommen, Weichteile innerhalb und au\u00dferhalb des Mundes k\u00f6nnen besch\u00e4digt werden oder es k\u00f6nnen viele pathologische Zust\u00e4nde wie einfache Knochenbr\u00fcche und komplizierte Kieferbr\u00fcche auftreten.<\/p><p>In solchen F\u00e4llen sollte der Patient vom Kiefer- und Gesichtschirurgen so bald wie m\u00f6glich klinisch und radiologisch detailliert untersucht werden, um fr\u00fchzeitig diagnostiziert zu werden und die Behandlung sofort zu beginnen.<\/p><p>Als Dentagora Mund- und Zahngesundheitspoliklinik; Wir stehen Ihnen mit unserem qualifizierten und kompetenten Personal f\u00fcr &#8220;Zahn- und Kieferchirurgie&#8221; in Izmir und allen unseren Niederlassungen f\u00fcr zahn\u00e4rztliche Implantatbehandlungen zur Verf\u00fcgung.<\/p>\t\t\t\t\t\t<\/div>\n\t\t\t\t<\/div>\n\t\t\t\t\t<\/div>\n\t\t<\/div>\n\t\t\t\t\t\t\t<\/div>\n\t\t<\/section>\n\t\t\t\t\t\t<\/div>\n\t\t\t\t\t<\/div>\n\t\t","protected":false},"excerpt":{"rendered":"<p>Chirurgisch Mund, Zahn &#8211; Und Max\u0131llofac\u0131alch\u0131rurg\u0131e Als private Dentagora-Poliklinik f\u00fcr Mund und Zahngesundheit sind die Initiativen in Bezug auf Mund- und Kieferchirurgie in Izmir, die wir in allen unseren Branchen anwenden, wie folgt: Vergrabene Weisheitsz\u00e4hne Ein Erwachsener hat insgesamt 32 Z\u00e4hne im Mund. Oft befinden sich jedoch 28 Z\u00e4hne im Mund, und der dritte der [&hellip;]<\/p>\n","protected":false},"author":1,"featured_media":0,"parent":0,"menu_order":0,"comment_status":"closed","ping_status":"closed","template":"elementor_header_footer","meta":[],"_links":{"self":[{"href":"https:\/\/dentagora.com.tr\/de\/wp-json\/wp\/v2\/pages\/852"}],"collection":[{"href":"https:\/\/dentagora.com.tr\/de\/wp-json\/wp\/v2\/pages"}],"about":[{"href":"https:\/\/dentagora.com.tr\/de\/wp-json\/wp\/v2\/types\/page"}],"author":[{"embeddable":true,"href":"https:\/\/dentagora.com.tr\/de\/wp-json\/wp\/v2\/users\/1"}],"replies":[{"embeddable":true,"href":"https:\/\/dentagora.com.tr\/de\/wp-json\/wp\/v2\/comments?post=852"}],"version-history":[{"count":0,"href":"https:\/\/dentagora.com.tr\/de\/wp-json\/wp\/v2\/pages\/852\/revisions"}],"wp:attachment":[{"href":"https:\/\/dentagora.com.tr\/de\/wp-json\/wp\/v2\/media?parent=852"}],"curies":[{"name":"wp","href":"https:\/\/api.w.org\/{rel}","templated":true}]}}