{"id":858,"date":"2021-05-08T16:26:40","date_gmt":"2021-05-08T13:26:40","guid":{"rendered":"https:\/\/dentagora.com.tr\/?page_id=858"},"modified":"2021-05-25T13:00:09","modified_gmt":"2021-05-25T10:00:09","slug":"prothetik-und-zahnasthetik","status":"publish","type":"page","link":"https:\/\/dentagora.com.tr\/de\/prothetik-und-zahnasthetik\/","title":{"rendered":"Prothetik und Zahn\u00e4sthetik"},"content":{"rendered":"\t\t<div data-elementor-type=\"wp-page\" data-elementor-id=\"858\" class=\"elementor elementor-858\" data-elementor-settings=\"[]\">\n\t\t\t\t\t\t\t<div class=\"elementor-section-wrap\">\n\t\t\t\t\t\t\t<section class=\"elementor-section elementor-top-section elementor-element elementor-element-238e53e elementor-section-boxed elementor-section-height-default elementor-section-height-default\" data-id=\"238e53e\" data-element_type=\"section\">\n\t\t\t\t\t\t<div class=\"elementor-container elementor-column-gap-default\">\n\t\t\t\t\t<div class=\"elementor-column elementor-col-100 elementor-top-column elementor-element elementor-element-8315e89\" data-id=\"8315e89\" data-element_type=\"column\">\n\t\t\t<div class=\"elementor-widget-wrap elementor-element-populated\">\n\t\t\t\t\t\t\t\t<div class=\"elementor-element elementor-element-f3dbd11 elementor-mobile-align-left elementor-align-left elementor-widget elementor-widget-raven-heading\" data-id=\"f3dbd11\" data-element_type=\"widget\" data-widget_type=\"raven-heading.default\">\n\t\t\t\t<div class=\"elementor-widget-container\">\n\t\t\t\t\t<div class=\"raven-widget-wrapper\"><h4 class=\"raven-heading raven-heading-h4\"><span class=\"raven-heading-title\">ZAHNVENEERS, PROTHESE UND ZAHN\u00c4STHETIK\n<\/span><\/h4><\/div>\n\t\t\t\t<\/div>\n\t\t\t\t<\/div>\n\t\t\t\t\t<\/div>\n\t\t<\/div>\n\t\t\t\t\t\t\t<\/div>\n\t\t<\/section>\n\t\t\t\t<section class=\"elementor-section elementor-top-section elementor-element elementor-element-6af3b04 elementor-section-stretched elementor-section-height-min-height elementor-section-boxed elementor-section-height-default elementor-section-items-middle\" data-id=\"6af3b04\" data-element_type=\"section\" data-settings=\"{&quot;stretch_section&quot;:&quot;section-stretched&quot;}\">\n\t\t\t\t\t\t<div class=\"elementor-container elementor-column-gap-default\">\n\t\t\t\t\t<div class=\"elementor-column elementor-col-50 elementor-top-column elementor-element elementor-element-10f8cc5\" data-id=\"10f8cc5\" data-element_type=\"column\">\n\t\t\t<div class=\"elementor-widget-wrap elementor-element-populated\">\n\t\t\t\t\t\t\t\t<div class=\"elementor-element elementor-element-28d07fb elementor-widget elementor-widget-heading\" data-id=\"28d07fb\" data-element_type=\"widget\" data-widget_type=\"heading.default\">\n\t\t\t\t<div class=\"elementor-widget-container\">\n\t\t\t<h2 class=\"elementor-heading-title elementor-size-default\">Porzellan-Zahnbeschichtung<\/h2>\t\t<\/div>\n\t\t\t\t<\/div>\n\t\t\t\t<div class=\"elementor-element elementor-element-84816fe elementor-widget elementor-widget-text-editor\" data-id=\"84816fe\" data-element_type=\"widget\" data-widget_type=\"text-editor.default\">\n\t\t\t\t<div class=\"elementor-widget-container\">\n\t\t\t\t\t\t\t<p>Auf Lateinisch bedeutet das \u201eBlatt\u201c.\u00a0 Die Zahnoberfl\u00e4che wird um 0,3 bis 0,7 mm leicht abgetragen, damit das Porzellan gut auf der Zahnoberfl\u00e4che anhaften kann.\u00a0 Die Porzellanbeschichtung wird mit speziellen Klebematerialien vorsichtig verklebt, nachdem die entsprechende Form und Farbe bereitgestellt wurde.<\/p>\t\t\t\t\t\t<\/div>\n\t\t\t\t<\/div>\n\t\t\t\t<div class=\"elementor-element elementor-element-d0aeaa2 elementor-widget elementor-widget-text-editor\" data-id=\"d0aeaa2\" data-element_type=\"widget\" data-widget_type=\"text-editor.default\">\n\t\t\t\t<div class=\"elementor-widget-container\">\n\t\t\t\t\t\t\t<h2><strong>In welchen F\u00e4llen kann eine laminierte Porzellanbeschichtung angewendet werden?<\/strong><\/h2><p>Bei Z\u00e4hnen mit fortgeschrittener F\u00e4rbung, bei denen die Zahnaufhellung kein Ergebnis gibt,<\/p><p>Bei Z\u00e4hnen mit Flecken und Deformit\u00e4t,<\/p><p>Um die L\u00fccken zwischen den Z\u00e4hnen (Diastema) zu schlie\u00dfen,<\/p><p>Bei der Behandlung von gebrochenen oder abgenutzten Z\u00e4hnen,<\/p><p>Bei der Korrektur alter F\u00fcllungen, deren Farbe und Struktur verschlechtert ist,<\/p><p>Bei einigen Personen mit Zahnverdr\u00e4ngung (als Alternative zur kieferorthop\u00e4dischen Behandlung) kann das eine Behandlungsoption sein, die eine nahezu perfekte \u00c4sthetik bietet.<\/p>\t\t\t\t\t\t<\/div>\n\t\t\t\t<\/div>\n\t\t\t\t\t<\/div>\n\t\t<\/div>\n\t\t\t\t<div class=\"elementor-column elementor-col-50 elementor-top-column elementor-element elementor-element-38711ae\" data-id=\"38711ae\" data-element_type=\"column\">\n\t\t\t<div class=\"elementor-widget-wrap elementor-element-populated\">\n\t\t\t\t\t\t\t\t<div class=\"elementor-element elementor-element-a05db35 elementor-widget elementor-widget-image\" data-id=\"a05db35\" data-element_type=\"widget\" data-widget_type=\"image.default\">\n\t\t\t\t<div class=\"elementor-widget-container\">\n\t\t\t\t\t\t\t\t\t\t\t\t\t\t\t<img width=\"670\" height=\"339\" src=\"https:\/\/dentagora.com.tr\/de\/wp-content\/uploads\/2021\/05\/Estetik-ve-Protez.jpg\" class=\"attachment-large size-large\" alt=\"\" loading=\"lazy\" srcset=\"https:\/\/dentagora.com.tr\/de\/wp-content\/uploads\/2021\/05\/Estetik-ve-Protez.jpg 670w, https:\/\/dentagora.com.tr\/de\/wp-content\/uploads\/2021\/05\/Estetik-ve-Protez-300x152.jpg 300w\" sizes=\"(max-width: 670px) 100vw, 670px\" \/>\t\t\t\t\t\t\t\t\t\t\t\t\t\t\t<\/div>\n\t\t\t\t<\/div>\n\t\t\t\t<div class=\"elementor-element elementor-element-030ec55 elementor-widget elementor-widget-image\" data-id=\"030ec55\" data-element_type=\"widget\" data-widget_type=\"image.default\">\n\t\t\t\t<div class=\"elementor-widget-container\">\n\t\t\t\t\t\t\t\t\t\t\t\t\t\t\t<img width=\"438\" height=\"205\" src=\"https:\/\/dentagora.com.tr\/de\/wp-content\/uploads\/2021\/05\/Estetik-ve-Protez2.jpg\" class=\"attachment-large size-large\" alt=\"\" loading=\"lazy\" srcset=\"https:\/\/dentagora.com.tr\/de\/wp-content\/uploads\/2021\/05\/Estetik-ve-Protez2.jpg 438w, https:\/\/dentagora.com.tr\/de\/wp-content\/uploads\/2021\/05\/Estetik-ve-Protez2-300x140.jpg 300w\" sizes=\"(max-width: 438px) 100vw, 438px\" \/>\t\t\t\t\t\t\t\t\t\t\t\t\t\t\t<\/div>\n\t\t\t\t<\/div>\n\t\t\t\t\t<\/div>\n\t\t<\/div>\n\t\t\t\t\t\t\t<\/div>\n\t\t<\/section>\n\t\t\t\t<section class=\"elementor-section elementor-top-section elementor-element elementor-element-4ab3005 elementor-section-stretched elementor-section-height-min-height elementor-section-boxed elementor-section-height-default elementor-section-items-middle\" data-id=\"4ab3005\" data-element_type=\"section\" data-settings=\"{&quot;stretch_section&quot;:&quot;section-stretched&quot;}\">\n\t\t\t\t\t\t<div class=\"elementor-container elementor-column-gap-default\">\n\t\t\t\t\t<div class=\"elementor-column elementor-col-100 elementor-top-column elementor-element elementor-element-e83b818\" data-id=\"e83b818\" data-element_type=\"column\">\n\t\t\t<div class=\"elementor-widget-wrap elementor-element-populated\">\n\t\t\t\t\t\t\t\t<div class=\"elementor-element elementor-element-1bb2017 elementor-widget elementor-widget-heading\" data-id=\"1bb2017\" data-element_type=\"widget\" data-widget_type=\"heading.default\">\n\t\t\t\t<div class=\"elementor-widget-container\">\n\t\t\t<h2 class=\"elementor-heading-title elementor-size-default\">Was sind die F\u00e4lle, in denen eine Behandlung mit laminierter Zahnbeschichtung nicht angewendet werden kann?<\/h2>\t\t<\/div>\n\t\t\t\t<\/div>\n\t\t\t\t<div class=\"elementor-element elementor-element-c8bd207 elementor-widget elementor-widget-text-editor\" data-id=\"c8bd207\" data-element_type=\"widget\" data-widget_type=\"text-editor.default\">\n\t\t\t\t<div class=\"elementor-widget-container\">\n\t\t\t\t\t\t\t<ul><li>Bruxismus (Z\u00e4hneknirschen), zusammenbei\u00dfende Z\u00e4hne,<\/li><li>Milchz\u00e4hne,<\/li><li>Bei Zahnschmelzerkrankungen, bei denen die Z\u00e4hne strukturell bestandlos sind,<\/li><li>Schlechte Gewohnheiten wie Nagelkauen, Pfeifen rauchen und Bleistifte bei\u00dfen,<\/li><li>Es wird nicht bei Personen mit schwerer Zahnfleischrezession und einer schlechten Mundhygiene angewendet.<\/li><\/ul><h3>Metallfreie Keramikrestaurationen<\/h3><p>Es handelt sich um die mit Kunststoff einzementierten Restaurationen, die eine brauchbare Alternative zu den metallgetragenen sind.\u00a0 Die Lichtdurchl\u00e4ssigkeit der nach dieser Methode hergestellten Restaurationen liegt n\u00e4her an der Transparenz des Zahns.\u00a0 In dieser Hinsicht wirken sie \u00e4sthetischer und nat\u00fcrlicher als Kronen und Br\u00fccken aus Metallkeramik.\u00a0 Das in Prothesen auf Metallbasis gebildete undurchsichtige Erscheinungsbild und die k\u00fcnftig an der Zahnfleischkante auftretende Metallbeleuchtung in Grau- und Purpurt\u00f6nen treten bei metallfreien Keramikprothesen nicht auf.\u00a0 Nichtmetallische Strukturen k\u00f6nnen aus Vollkeramik und ganzem Zikonium sein und werden im Bereich der Zahn\u00e4sthetik eingesetzt.<\/p>\t\t\t\t\t\t<\/div>\n\t\t\t\t<\/div>\n\t\t\t\t\t<\/div>\n\t\t<\/div>\n\t\t\t\t\t\t\t<\/div>\n\t\t<\/section>\n\t\t\t\t<section class=\"elementor-section elementor-top-section elementor-element elementor-element-f2940a5 elementor-section-boxed elementor-section-height-default elementor-section-height-default\" data-id=\"f2940a5\" data-element_type=\"section\">\n\t\t\t\t\t\t<div class=\"elementor-container elementor-column-gap-default\">\n\t\t\t\t\t<div class=\"elementor-column elementor-col-50 elementor-top-column elementor-element elementor-element-154f0d9\" data-id=\"154f0d9\" data-element_type=\"column\">\n\t\t\t<div class=\"elementor-widget-wrap elementor-element-populated\">\n\t\t\t\t\t\t\t\t<div class=\"elementor-element elementor-element-381daed elementor-widget elementor-widget-image\" data-id=\"381daed\" data-element_type=\"widget\" data-widget_type=\"image.default\">\n\t\t\t\t<div class=\"elementor-widget-container\">\n\t\t\t\t\t\t\t\t\t\t\t\t\t\t\t<img width=\"438\" height=\"205\" src=\"https:\/\/dentagora.com.tr\/de\/wp-content\/uploads\/2021\/05\/Estetik-ve-Protez3.jpg\" class=\"attachment-large size-large\" alt=\"\" loading=\"lazy\" srcset=\"https:\/\/dentagora.com.tr\/de\/wp-content\/uploads\/2021\/05\/Estetik-ve-Protez3.jpg 438w, https:\/\/dentagora.com.tr\/de\/wp-content\/uploads\/2021\/05\/Estetik-ve-Protez3-300x140.jpg 300w\" sizes=\"(max-width: 438px) 100vw, 438px\" \/>\t\t\t\t\t\t\t\t\t\t\t\t\t\t\t<\/div>\n\t\t\t\t<\/div>\n\t\t\t\t\t<\/div>\n\t\t<\/div>\n\t\t\t\t<div class=\"elementor-column elementor-col-50 elementor-top-column elementor-element elementor-element-27d6b03\" data-id=\"27d6b03\" data-element_type=\"column\">\n\t\t\t<div class=\"elementor-widget-wrap elementor-element-populated\">\n\t\t\t\t\t\t\t\t<div class=\"elementor-element elementor-element-a6f1c87 elementor-widget elementor-widget-image\" data-id=\"a6f1c87\" data-element_type=\"widget\" data-widget_type=\"image.default\">\n\t\t\t\t<div class=\"elementor-widget-container\">\n\t\t\t\t\t\t\t\t\t\t\t\t\t\t\t<img width=\"406\" height=\"272\" src=\"https:\/\/dentagora.com.tr\/de\/wp-content\/uploads\/2021\/05\/Estetik-ve-Protez5.jpg\" class=\"attachment-large size-large\" alt=\"\" loading=\"lazy\" srcset=\"https:\/\/dentagora.com.tr\/de\/wp-content\/uploads\/2021\/05\/Estetik-ve-Protez5.jpg 406w, https:\/\/dentagora.com.tr\/de\/wp-content\/uploads\/2021\/05\/Estetik-ve-Protez5-300x201.jpg 300w\" sizes=\"(max-width: 406px) 100vw, 406px\" \/>\t\t\t\t\t\t\t\t\t\t\t\t\t\t\t<\/div>\n\t\t\t\t<\/div>\n\t\t\t\t\t<\/div>\n\t\t<\/div>\n\t\t\t\t\t\t\t<\/div>\n\t\t<\/section>\n\t\t\t\t<section class=\"elementor-section elementor-top-section elementor-element elementor-element-fe14fa4 elementor-section-stretched elementor-section-height-min-height elementor-section-boxed elementor-section-height-default elementor-section-items-middle\" data-id=\"fe14fa4\" data-element_type=\"section\" data-settings=\"{&quot;stretch_section&quot;:&quot;section-stretched&quot;}\">\n\t\t\t\t\t\t<div class=\"elementor-container elementor-column-gap-default\">\n\t\t\t\t\t<div class=\"elementor-column elementor-col-100 elementor-top-column elementor-element elementor-element-98f3fc3\" data-id=\"98f3fc3\" data-element_type=\"column\">\n\t\t\t<div class=\"elementor-widget-wrap elementor-element-populated\">\n\t\t\t\t\t\t\t\t<div class=\"elementor-element elementor-element-4c5b33a elementor-widget elementor-widget-heading\" data-id=\"4c5b33a\" data-element_type=\"widget\" data-widget_type=\"heading.default\">\n\t\t\t\t<div class=\"elementor-widget-container\">\n\t\t\t<h2 class=\"elementor-heading-title elementor-size-default\">Keramikrestaurationen auf Zirkoniumbasis<\/h2>\t\t<\/div>\n\t\t\t\t<\/div>\n\t\t\t\t<div class=\"elementor-element elementor-element-4f9e413 elementor-widget elementor-widget-text-editor\" data-id=\"4f9e413\" data-element_type=\"widget\" data-widget_type=\"text-editor.default\">\n\t\t\t\t<div class=\"elementor-widget-container\">\n\t\t\t\t\t\t\t<p>Zirkonium ist ein wei\u00dfes Halbmetallmaterial und\u00a0 weist keine Graut\u00f6ne wie Metalle auf.\u00a0 Zirkonium mit Lichtdurchl\u00e4ssigkeit weist im Vergleich zu Metalllegierungen eine h\u00f6here Bruchfestigkeit auf und erscheint als \u00e4sthetische Alternative f\u00fcr Patienten, die ein Metallbasis ben\u00f6tigen.\u00a0 Zirkonium standh\u00e4lt eine Belastung von 950 bis 1400 Mpa und kann mit der entwickelter Technologie in verschiedenen Farben vorbereitet werden. Dank der Lichtdurchl\u00e4ssigkeit bietet es ein sehr nahes Erscheinungsbild der Zahnfarbe des Patienten.\u00a0 Dar\u00fcber hinaus besteht kein Allergierisiko \u00fcie bei Nickelmetalllegierungen, da Zirkonium ein biokompatibles Material ist.<\/p><h3>Vollkeramikprothesen (Empress, E-max)<\/h3><p>Die verst\u00e4rkte Keramik mit einer h\u00f6heren Lichtdurchl\u00e4ssigkeit als Zirkonium sind die Basismaterialien zur Zahnbehandlung in Izmir, die dem Zahn das nat\u00fcrlihe \u00e4sthetische Aussehen verleihen.\u00a0 Lithiumdisilikat-Glaskeramik wird heute am h\u00e4ufigsten verwendet.\u00a0 Die Erstellphasen deren Strukturen sind arbeits- und zeitaufw\u00e4ndiger, werden sowohl mit Guss- als auch mit CAD-CAM-Technologie erstellt.\u00a0 Der Einsatzbereich f\u00fcr Kronen und Br\u00fccken reicht bis zu den zweiten kleinen Backenz\u00e4hne, mechanische Festigkeit ist geringer als bei Zirkonium- und Metallstrukturen.\u00a0 Sie werden h\u00e4ufig f\u00fcr die vordere \u00c4sthetik verwendet, wie Porzellanbeschichtung.\u00a0 Sie sind biokompatible Materialien wie Zirkonium.<\/p>\t\t\t\t\t\t<\/div>\n\t\t\t\t<\/div>\n\t\t\t\t<div class=\"elementor-element elementor-element-b91b461 elementor-widget elementor-widget-heading\" data-id=\"b91b461\" data-element_type=\"widget\" data-widget_type=\"heading.default\">\n\t\t\t\t<div class=\"elementor-widget-container\">\n\t\t\t<h2 class=\"elementor-heading-title elementor-size-default\">Keramikrestaurationen auf Metallbasis<\/h2>\t\t<\/div>\n\t\t\t\t<\/div>\n\t\t\t\t<div class=\"elementor-element elementor-element-cfbdba4 elementor-widget elementor-widget-text-editor\" data-id=\"cfbdba4\" data-element_type=\"widget\" data-widget_type=\"text-editor.default\">\n\t\t\t\t<div class=\"elementor-widget-container\">\n\t\t\t\t\t\t\t<p>Eine Krone wird eingesetzt, um einen besch\u00e4digten oder gebrochenen Zahn vollst\u00e4ndig zu bedecken. Eine Br\u00fccke wird m\u00f6glicherweise empfohlen, wenn ein oder mehrere Z\u00e4hne fehlen. Sie erstrecken sich \u00fcber den Bereich, in dem die Z\u00e4hne fehlen.<\/p><p>Wenn aus irgendeinem Grund ein Zahnverlust auftritt, k\u00f6nnen benachbarte Z\u00e4hne in Richtung dieser L\u00fccke kippen.\u00a0 Infolgedessen treten Zahnfleischprobleme, Knochenschwund und eine Verringerung des effektiven Kauens in den benachbarten Z\u00e4hnen auf.\u00a0 Wenn zahnloses Bereich in kurzer Zeit durch die Behandlungsmethoden wie Implantate, Br\u00fccken usw.\u00a0 nicht abgeschlossen sind, kann es negative Folgen haben, \u00a0wie ein intensiver Knochenverlust oder Extraktion benachbarter Z\u00e4hne.<\/p><h3>Herausnehmbare Prothesen<\/h3><ul><li>Vollprothesen: In F\u00e4llen, in denen der Patient alle Z\u00e4hne verloren hat, wird Vollprothese angewendet. Obwohl erfolgreiche Ergebnisse mit Vollprothesen im Oberkiefer erzielt werden, k\u00f6nnen die meisten Patienten auf Schwierigkeiten bei den Vollprothesen im Unterkiefer sto\u00dfen.<\/li><li>Insbesondere im Unterkiefer ist es notwendig, einen einzigen Zahn zu bewerten und eine Teilprothesenalternative zu ber\u00fccksichtigen. Implantatgest\u00fctzte Prothesenoptionen sollten bei Patienten mit zahnlosem Unterkiefer in Betracht gezogen werden.<\/li><li>Teilprothesen: In F\u00e4llen, in denen der Patient einige seiner Z\u00e4hne verloren hat, werden Teilprothesen angewendet, wenn eine festsitzende Prothese (Br\u00fccke) nicht herzustellen ist (zu viele fehlende Z\u00e4hne oder die Z\u00e4hne k\u00f6nnen nicht genug Last tragen usw.).<\/li><li>Man unterscheidet nach der Verbindung zwischen folgenden Prothesen: Teleskopprothesen, Geschiebeprothesen, Stegprothesen, Deckprothesen<\/li><\/ul><p>In Bezug auf aller Art Zahnbeschichtung, Prothesebehandlung, L\u00e4cheln\/Zahn\u00e4sthetik in Izmir steht Dentagora Mund- und Zahngesundheitspoliklinik Ihnen mit qualifiziertem und kompetentem Personal in allen Branchen zur Verf\u00fcgung.<\/p>\t\t\t\t\t\t<\/div>\n\t\t\t\t<\/div>\n\t\t\t\t\t<\/div>\n\t\t<\/div>\n\t\t\t\t\t\t\t<\/div>\n\t\t<\/section>\n\t\t\t\t\t\t<\/div>\n\t\t\t\t\t<\/div>\n\t\t","protected":false},"excerpt":{"rendered":"<p>ZAHNVENEERS, PROTHESE UND ZAHN\u00c4STHETIK Porzellan-Zahnbeschichtung Auf Lateinisch bedeutet das \u201eBlatt\u201c.\u00a0 Die Zahnoberfl\u00e4che wird um 0,3 bis 0,7 mm leicht abgetragen, damit das Porzellan gut auf der Zahnoberfl\u00e4che anhaften kann.\u00a0 Die Porzellanbeschichtung wird mit speziellen Klebematerialien vorsichtig verklebt, nachdem die entsprechende Form und Farbe bereitgestellt wurde. In welchen F\u00e4llen kann eine laminierte Porzellanbeschichtung angewendet werden? Bei [&hellip;]<\/p>\n","protected":false},"author":1,"featured_media":0,"parent":0,"menu_order":0,"comment_status":"closed","ping_status":"closed","template":"elementor_header_footer","meta":[],"_links":{"self":[{"href":"https:\/\/dentagora.com.tr\/de\/wp-json\/wp\/v2\/pages\/858"}],"collection":[{"href":"https:\/\/dentagora.com.tr\/de\/wp-json\/wp\/v2\/pages"}],"about":[{"href":"https:\/\/dentagora.com.tr\/de\/wp-json\/wp\/v2\/types\/page"}],"author":[{"embeddable":true,"href":"https:\/\/dentagora.com.tr\/de\/wp-json\/wp\/v2\/users\/1"}],"replies":[{"embeddable":true,"href":"https:\/\/dentagora.com.tr\/de\/wp-json\/wp\/v2\/comments?post=858"}],"version-history":[{"count":0,"href":"https:\/\/dentagora.com.tr\/de\/wp-json\/wp\/v2\/pages\/858\/revisions"}],"wp:attachment":[{"href":"https:\/\/dentagora.com.tr\/de\/wp-json\/wp\/v2\/media?parent=858"}],"curies":[{"name":"wp","href":"https:\/\/api.w.org\/{rel}","templated":true}]}}