{"id":877,"date":"2021-05-08T17:36:48","date_gmt":"2021-05-08T14:36:48","guid":{"rendered":"https:\/\/dentagora.com.tr\/?page_id=877"},"modified":"2021-05-25T12:59:16","modified_gmt":"2021-05-25T09:59:16","slug":"kieferorthopadie","status":"publish","type":"page","link":"https:\/\/dentagora.com.tr\/de\/kieferorthopadie\/","title":{"rendered":"Kieferorthop\u00e4die"},"content":{"rendered":"\t\t<div data-elementor-type=\"wp-page\" data-elementor-id=\"877\" class=\"elementor elementor-877\" data-elementor-settings=\"[]\">\n\t\t\t\t\t\t\t<div class=\"elementor-section-wrap\">\n\t\t\t\t\t\t\t<section class=\"elementor-section elementor-top-section elementor-element elementor-element-238e53e elementor-section-boxed elementor-section-height-default elementor-section-height-default\" data-id=\"238e53e\" data-element_type=\"section\">\n\t\t\t\t\t\t<div class=\"elementor-container elementor-column-gap-default\">\n\t\t\t\t\t<div class=\"elementor-column elementor-col-100 elementor-top-column elementor-element elementor-element-8315e89\" data-id=\"8315e89\" data-element_type=\"column\">\n\t\t\t<div class=\"elementor-widget-wrap elementor-element-populated\">\n\t\t\t\t\t\t\t\t<div class=\"elementor-element elementor-element-f3dbd11 elementor-mobile-align-left elementor-align-left elementor-widget elementor-widget-raven-heading\" data-id=\"f3dbd11\" data-element_type=\"widget\" data-widget_type=\"raven-heading.default\">\n\t\t\t\t<div class=\"elementor-widget-container\">\n\t\t\t\t\t<div class=\"raven-widget-wrapper\"><h4 class=\"raven-heading raven-heading-h4\"><span class=\"raven-heading-title\">Kieferorthop\u00e4die\n<\/span><\/h4><\/div>\n\t\t\t\t<\/div>\n\t\t\t\t<\/div>\n\t\t\t\t\t<\/div>\n\t\t<\/div>\n\t\t\t\t\t\t\t<\/div>\n\t\t<\/section>\n\t\t\t\t<section class=\"elementor-section elementor-top-section elementor-element elementor-element-6af3b04 elementor-section-stretched elementor-section-height-min-height elementor-section-boxed elementor-section-height-default elementor-section-items-middle\" data-id=\"6af3b04\" data-element_type=\"section\" data-settings=\"{&quot;stretch_section&quot;:&quot;section-stretched&quot;}\">\n\t\t\t\t\t\t<div class=\"elementor-container elementor-column-gap-default\">\n\t\t\t\t\t<div class=\"elementor-column elementor-col-50 elementor-top-column elementor-element elementor-element-10f8cc5\" data-id=\"10f8cc5\" data-element_type=\"column\">\n\t\t\t<div class=\"elementor-widget-wrap elementor-element-populated\">\n\t\t\t\t\t\t\t\t<div class=\"elementor-element elementor-element-28d07fb elementor-widget elementor-widget-heading\" data-id=\"28d07fb\" data-element_type=\"widget\" data-widget_type=\"heading.default\">\n\t\t\t\t<div class=\"elementor-widget-container\">\n\t\t\t<h2 class=\"elementor-heading-title elementor-size-default\">Kieferorthop\u00e4dische Behandlung in \u0130zmir<\/h2>\t\t<\/div>\n\t\t\t\t<\/div>\n\t\t\t\t<div class=\"elementor-element elementor-element-84816fe elementor-widget elementor-widget-text-editor\" data-id=\"84816fe\" data-element_type=\"widget\" data-widget_type=\"text-editor.default\">\n\t\t\t\t<div class=\"elementor-widget-container\">\n\t\t\t\t\t\t\t<p>Malokklusion (Zahnfehlstellung) ist die abnormale Stellung der Z\u00e4hnen im Unter- und Oberkiefer.\u00a0 Beschwerden von Patienten k\u00f6nnen \u00e4sthetisch oder funktional sein.<\/p><p>Skelettale Fehlstellungen sind die Unregelm\u00e4\u00dfigkeiten in der Beziehung zwischen den Unter- und Oberkieferknochen untereinander und dem Sch\u00e4delskelett.<\/p><p>Die Kieferorthop\u00e4die ist ein Fachgebiet, das sich mit der Behandlung dieser Probleme besch\u00e4ftigt.<\/p><p>Die Art und Dauer der kieferorthop\u00e4dischen Behandlung h\u00e4ngt von der Art der Anomalie und dem Alter des Patienten ab.<\/p>\t\t\t\t\t\t<\/div>\n\t\t\t\t<\/div>\n\t\t\t\t\t<\/div>\n\t\t<\/div>\n\t\t\t\t<div class=\"elementor-column elementor-col-50 elementor-top-column elementor-element elementor-element-38711ae\" data-id=\"38711ae\" data-element_type=\"column\">\n\t\t\t<div class=\"elementor-widget-wrap elementor-element-populated\">\n\t\t\t\t\t\t\t\t<div class=\"elementor-element elementor-element-a05db35 elementor-widget elementor-widget-image\" data-id=\"a05db35\" data-element_type=\"widget\" data-widget_type=\"image.default\">\n\t\t\t\t<div class=\"elementor-widget-container\">\n\t\t\t\t\t\t\t\t\t\t\t\t\t\t\t<img width=\"1000\" height=\"662\" src=\"https:\/\/dentagora.com.tr\/de\/wp-content\/uploads\/2021\/05\/Ortodonti.jpg\" class=\"attachment-large size-large\" alt=\"\" loading=\"lazy\" srcset=\"https:\/\/dentagora.com.tr\/de\/wp-content\/uploads\/2021\/05\/Ortodonti.jpg 1000w, https:\/\/dentagora.com.tr\/de\/wp-content\/uploads\/2021\/05\/Ortodonti-300x199.jpg 300w, https:\/\/dentagora.com.tr\/de\/wp-content\/uploads\/2021\/05\/Ortodonti-768x508.jpg 768w\" sizes=\"(max-width: 1000px) 100vw, 1000px\" \/>\t\t\t\t\t\t\t\t\t\t\t\t\t\t\t<\/div>\n\t\t\t\t<\/div>\n\t\t\t\t\t<\/div>\n\t\t<\/div>\n\t\t\t\t\t\t\t<\/div>\n\t\t<\/section>\n\t\t\t\t<section class=\"elementor-section elementor-top-section elementor-element elementor-element-4ab3005 elementor-section-stretched elementor-section-height-min-height elementor-section-boxed elementor-section-height-default elementor-section-items-middle\" data-id=\"4ab3005\" data-element_type=\"section\" data-settings=\"{&quot;stretch_section&quot;:&quot;section-stretched&quot;}\">\n\t\t\t\t\t\t<div class=\"elementor-container elementor-column-gap-default\">\n\t\t\t\t\t<div class=\"elementor-column elementor-col-100 elementor-top-column elementor-element elementor-element-e83b818\" data-id=\"e83b818\" data-element_type=\"column\">\n\t\t\t<div class=\"elementor-widget-wrap elementor-element-populated\">\n\t\t\t\t\t\t\t\t<div class=\"elementor-element elementor-element-1bb2017 elementor-widget elementor-widget-heading\" data-id=\"1bb2017\" data-element_type=\"widget\" data-widget_type=\"heading.default\">\n\t\t\t\t<div class=\"elementor-widget-container\">\n\t\t\t<h2 class=\"elementor-heading-title elementor-size-default\">Arten der kieferorthop\u00e4dischen Behandlung in \u0130zmir<\/h2>\t\t<\/div>\n\t\t\t\t<\/div>\n\t\t\t\t<div class=\"elementor-element elementor-element-c8bd207 elementor-widget elementor-widget-text-editor\" data-id=\"c8bd207\" data-element_type=\"widget\" data-widget_type=\"text-editor.default\">\n\t\t\t\t<div class=\"elementor-widget-container\">\n\t\t\t\t\t\t\t<ul><li>Protektive Kieferorthop\u00e4die<\/li><\/ul><p>Es umfasst die Behandlungen, die durchgef\u00fchrt werden, um das Auftreten kieferorthop\u00e4discher Anomalien im Kindesalter zu verhindern.<\/p><ul><li>behandelnde Kieferorthop\u00e4die<\/li><\/ul><p>Es umfasst die Anwendungen zur Korrektur der Fehlstellungen, die nach dem Auftreten einer kieferorthop\u00e4dischen Anomalie eine Behandlung beantragt haben.<\/p>\t\t\t\t\t\t<\/div>\n\t\t\t\t<\/div>\n\t\t\t\t<div class=\"elementor-element elementor-element-7d9bdef elementor-widget elementor-widget-heading\" data-id=\"7d9bdef\" data-element_type=\"widget\" data-widget_type=\"heading.default\">\n\t\t\t\t<div class=\"elementor-widget-container\">\n\t\t\t<h2 class=\"elementor-heading-title elementor-size-default\">Ursachen von Zahn - Kiefer- und Gesichtsanomalien<\/h2>\t\t<\/div>\n\t\t\t\t<\/div>\n\t\t\t\t<div class=\"elementor-element elementor-element-33ede40 elementor-widget elementor-widget-text-editor\" data-id=\"33ede40\" data-element_type=\"widget\" data-widget_type=\"text-editor.default\">\n\t\t\t\t<div class=\"elementor-widget-container\">\n\t\t\t\t\t\t\t<p>&#8211; Genetische St\u00f6rungen<\/p><p>-Trauma,<\/p><p>&#8211; Schlechte Ern\u00e4hrung,<\/p><p>-Schlechte Gewohnheiten (falsches Schlucken, Daumenlutschen),<\/p><p>&#8211; Entwicklungsst\u00f6rungen, die in der pr\u00e4natalen und postnatalen Phase auftreten,<\/p><p>&#8211; Hormonelle Unregelm\u00e4\u00dfigkeiten und Krankheiten<\/p><p>Art und Dauer der kieferorthop\u00e4dischen Behandlung variiert abh\u00e4ngig von der Art der Anomalie und dem Alter des Patienten.\u00a0 Aus diesen Gr\u00fcnden ist es wichtig, sich von Fach\u00e4rzten f\u00fcr die kieferorthop\u00e4dische Behandlung in Izmir behandeln zu lassen.<\/p>\t\t\t\t\t\t<\/div>\n\t\t\t\t<\/div>\n\t\t\t\t\t<\/div>\n\t\t<\/div>\n\t\t\t\t\t\t\t<\/div>\n\t\t<\/section>\n\t\t\t\t<section class=\"elementor-section elementor-top-section elementor-element elementor-element-fe14fa4 elementor-section-stretched elementor-section-height-min-height elementor-section-boxed elementor-section-height-default elementor-section-items-middle\" data-id=\"fe14fa4\" data-element_type=\"section\" data-settings=\"{&quot;stretch_section&quot;:&quot;section-stretched&quot;}\">\n\t\t\t\t\t\t<div class=\"elementor-container elementor-column-gap-default\">\n\t\t\t\t\t<div class=\"elementor-column elementor-col-100 elementor-top-column elementor-element elementor-element-98f3fc3\" data-id=\"98f3fc3\" data-element_type=\"column\">\n\t\t\t<div class=\"elementor-widget-wrap elementor-element-populated\">\n\t\t\t\t\t\t\t\t<div class=\"elementor-element elementor-element-4c5b33a elementor-widget elementor-widget-heading\" data-id=\"4c5b33a\" data-element_type=\"widget\" data-widget_type=\"heading.default\">\n\t\t\t\t<div class=\"elementor-widget-container\">\n\t\t\t<h2 class=\"elementor-heading-title elementor-size-default\">Behandlungstests vor der Kieferorthop\u00e4die<\/h2>\t\t<\/div>\n\t\t\t\t<\/div>\n\t\t\t\t<div class=\"elementor-element elementor-element-4f9e413 elementor-widget elementor-widget-text-editor\" data-id=\"4f9e413\" data-element_type=\"widget\" data-widget_type=\"text-editor.default\">\n\t\t\t\t<div class=\"elementor-widget-container\">\n\t\t\t\t\t\t\t<ul><li>Untersuchung<\/li><li>Intra- und extraorale Fotos<\/li><li>Panoramische R\u00f6ntgenaufnahme<\/li><li>Kephalometrische R\u00f6ntgenaufnahme<\/li><li>Hand &#8211; Handgelenk R\u00f6ntgenaufnahme<\/li><\/ul><p>Das kieferorthop\u00e4dische Modell wird erstellt.<\/p><p>Die Kieferorthop\u00e4die in \u0130zmir ist eine Behandlungsmethode f\u00fcr Kinder und Erwachsene.<\/p><p>Die Durchf\u00fchrung erfolgt gem\u00e4\u00df der von Ihrem Arzt vorgeschriebenen Diagnose und Behandlungsplanung mittels herausnehmbaren Schienen, extraoralen Apparate und fester Systeme an den Z\u00e4hnen.<\/p><p>Obwohl die Zahnstangen meistens aus Metall bestehen, werden sie auch farbig hergestellt, um sie f\u00fcr Kinder niedlich zu machen.<\/p><p>Porzellanstangen werden auch verwendet, um das \u00e4sthetische Problem zu \u00fcberwinden.<\/p><p>Fehlstellungen (Malokklusion) in der Beziehung zwischen der oberen und unteren Zahnkurve k\u00f6nnen in jedem Alter im kieferorthop\u00e4dischen Behandlungszentrum in Izmir korrigiert werden.\u00a0 W\u00e4hrend der Behandlungen k\u00f6nnen die Zahnextraktion und weitere\u00a0 chirurgische Eingriffe erforderlich sein.\u00a0 Die Preise im Zentrum variieren auch je nach Art der Behandlung.<\/p><p>Die meisten Anomalien des Kiefers und des Gesichtsskeletts k\u00f6nnen durch kieferorthop\u00e4dische Behandlung im Kindesalter korrigiert werden.\u00a0 Mit zunehmendem Alter kann eine umfangreichere Kiefer- und Gesichtschirurgie erforderlich sein.<\/p><p>In Bezug auf aller Art kieferorthop\u00e4dischen Behandlungen in Izmir steht Dentagora Mund- und Zahngesundheitspoliklinik Ihnen mit qualifiziertem und kompetentem Personal in allen Branchen zur Verf\u00fcgung. F\u00fcr detailliertere Informationen und Preise f\u00fcr kieferorthop\u00e4dische Behandlungen in Izmir k\u00f6nnen Sie uns kontaktieren oder unsere Klinik besuchen.<\/p>\t\t\t\t\t\t<\/div>\n\t\t\t\t<\/div>\n\t\t\t\t\t<\/div>\n\t\t<\/div>\n\t\t\t\t\t\t\t<\/div>\n\t\t<\/section>\n\t\t\t\t\t\t<\/div>\n\t\t\t\t\t<\/div>\n\t\t","protected":false},"excerpt":{"rendered":"<p>Kieferorthop\u00e4die Kieferorthop\u00e4dische Behandlung in \u0130zmir Malokklusion (Zahnfehlstellung) ist die abnormale Stellung der Z\u00e4hnen im Unter- und Oberkiefer.\u00a0 Beschwerden von Patienten k\u00f6nnen \u00e4sthetisch oder funktional sein. Skelettale Fehlstellungen sind die Unregelm\u00e4\u00dfigkeiten in der Beziehung zwischen den Unter- und Oberkieferknochen untereinander und dem Sch\u00e4delskelett. Die Kieferorthop\u00e4die ist ein Fachgebiet, das sich mit der Behandlung dieser Probleme besch\u00e4ftigt. [&hellip;]<\/p>\n","protected":false},"author":1,"featured_media":0,"parent":0,"menu_order":0,"comment_status":"closed","ping_status":"closed","template":"elementor_header_footer","meta":[],"_links":{"self":[{"href":"https:\/\/dentagora.com.tr\/de\/wp-json\/wp\/v2\/pages\/877"}],"collection":[{"href":"https:\/\/dentagora.com.tr\/de\/wp-json\/wp\/v2\/pages"}],"about":[{"href":"https:\/\/dentagora.com.tr\/de\/wp-json\/wp\/v2\/types\/page"}],"author":[{"embeddable":true,"href":"https:\/\/dentagora.com.tr\/de\/wp-json\/wp\/v2\/users\/1"}],"replies":[{"embeddable":true,"href":"https:\/\/dentagora.com.tr\/de\/wp-json\/wp\/v2\/comments?post=877"}],"version-history":[{"count":0,"href":"https:\/\/dentagora.com.tr\/de\/wp-json\/wp\/v2\/pages\/877\/revisions"}],"wp:attachment":[{"href":"https:\/\/dentagora.com.tr\/de\/wp-json\/wp\/v2\/media?parent=877"}],"curies":[{"name":"wp","href":"https:\/\/api.w.org\/{rel}","templated":true}]}}