{"id":883,"date":"2021-05-08T17:56:38","date_gmt":"2021-05-08T14:56:38","guid":{"rendered":"https:\/\/dentagora.com.tr\/?page_id=883"},"modified":"2021-05-25T12:58:28","modified_gmt":"2021-05-25T09:58:28","slug":"endodontie","status":"publish","type":"page","link":"https:\/\/dentagora.com.tr\/de\/endodontie\/","title":{"rendered":"Endodontie"},"content":{"rendered":"\t\t<div data-elementor-type=\"wp-page\" data-elementor-id=\"883\" class=\"elementor elementor-883\" data-elementor-settings=\"[]\">\n\t\t\t\t\t\t\t<div class=\"elementor-section-wrap\">\n\t\t\t\t\t\t\t<section class=\"elementor-section elementor-top-section elementor-element elementor-element-238e53e elementor-section-boxed elementor-section-height-default elementor-section-height-default\" data-id=\"238e53e\" data-element_type=\"section\">\n\t\t\t\t\t\t<div class=\"elementor-container elementor-column-gap-default\">\n\t\t\t\t\t<div class=\"elementor-column elementor-col-100 elementor-top-column elementor-element elementor-element-8315e89\" data-id=\"8315e89\" data-element_type=\"column\">\n\t\t\t<div class=\"elementor-widget-wrap elementor-element-populated\">\n\t\t\t\t\t\t\t\t<div class=\"elementor-element elementor-element-f3dbd11 elementor-mobile-align-left elementor-align-left elementor-widget elementor-widget-raven-heading\" data-id=\"f3dbd11\" data-element_type=\"widget\" data-widget_type=\"raven-heading.default\">\n\t\t\t\t<div class=\"elementor-widget-container\">\n\t\t\t\t\t<div class=\"raven-widget-wrapper\"><h4 class=\"raven-heading raven-heading-h4\"><span class=\"raven-heading-title\">Endodontie \n\n<\/span><\/h4><\/div>\n\t\t\t\t<\/div>\n\t\t\t\t<\/div>\n\t\t\t\t\t<\/div>\n\t\t<\/div>\n\t\t\t\t\t\t\t<\/div>\n\t\t<\/section>\n\t\t\t\t<section class=\"elementor-section elementor-top-section elementor-element elementor-element-6af3b04 elementor-section-stretched elementor-section-height-min-height elementor-section-boxed elementor-section-height-default elementor-section-items-middle\" data-id=\"6af3b04\" data-element_type=\"section\" data-settings=\"{&quot;stretch_section&quot;:&quot;section-stretched&quot;}\">\n\t\t\t\t\t\t<div class=\"elementor-container elementor-column-gap-default\">\n\t\t\t\t\t<div class=\"elementor-column elementor-col-50 elementor-top-column elementor-element elementor-element-10f8cc5\" data-id=\"10f8cc5\" data-element_type=\"column\">\n\t\t\t<div class=\"elementor-widget-wrap elementor-element-populated\">\n\t\t\t\t\t\t\t\t<div class=\"elementor-element elementor-element-28d07fb elementor-widget elementor-widget-heading\" data-id=\"28d07fb\" data-element_type=\"widget\" data-widget_type=\"heading.default\">\n\t\t\t\t<div class=\"elementor-widget-container\">\n\t\t\t<h2 class=\"elementor-heading-title elementor-size-default\">Endodontie (Wurzelkanalbehandlung)<\/h2>\t\t<\/div>\n\t\t\t\t<\/div>\n\t\t\t\t<div class=\"elementor-element elementor-element-84816fe elementor-widget elementor-widget-text-editor\" data-id=\"84816fe\" data-element_type=\"widget\" data-widget_type=\"text-editor.default\">\n\t\t\t\t<div class=\"elementor-widget-container\">\n\t\t\t\t\t\t\t<p>Die endodontische Behandlung ist der Wissenschaftszweig, in dem Wurzelkanalbehandlungen durchgef\u00fchrt werden.\u00a0 Heutzutage wird die Wurzelkanalbehandlung in einer Sitzung f\u00fcr vitale Z\u00e4hne und normalerweise in zwei oder drei Sitzungen f\u00fcr devitale Z\u00e4hne abgeschlossen.<\/p><p>Der Zweck der endodontischen Kanalbehandlung besteht darin, den Teil der Zahnpulpa zu entfernen, der durch \u00e4u\u00dfere Faktoren wie Karies oder Trauma mit speziellen Kanalwerkzeugen irreversibel beeinflusst wird, die Wurzelkan\u00e4le nach der L\u00e4ngenbestimmung mit rotierenden Werkzeugen zu formen und die Wurzelkan\u00e4le mit antiseptischen L\u00f6sungen zu waschen und anschlie\u00dfend von Mikroorganismen zu reinigen.\u00a0 Auf diese Weise funktionieren die Z\u00e4hne, die ihre Vitalit\u00e4t verloren haben, aber frei von Infektionen sind, weiterhin im Mund.<\/p>\t\t\t\t\t\t<\/div>\n\t\t\t\t<\/div>\n\t\t\t\t\t<\/div>\n\t\t<\/div>\n\t\t\t\t<div class=\"elementor-column elementor-col-50 elementor-top-column elementor-element elementor-element-38711ae\" data-id=\"38711ae\" data-element_type=\"column\">\n\t\t\t<div class=\"elementor-widget-wrap elementor-element-populated\">\n\t\t\t\t\t\t\t\t<div class=\"elementor-element elementor-element-a05db35 elementor-widget elementor-widget-image\" data-id=\"a05db35\" data-element_type=\"widget\" data-widget_type=\"image.default\">\n\t\t\t\t<div class=\"elementor-widget-container\">\n\t\t\t\t\t\t\t\t\t\t\t\t\t\t\t<img width=\"670\" height=\"339\" src=\"https:\/\/dentagora.com.tr\/de\/wp-content\/uploads\/2021\/05\/Endodonti-1.jpg\" class=\"attachment-large size-large\" alt=\"\" loading=\"lazy\" srcset=\"https:\/\/dentagora.com.tr\/de\/wp-content\/uploads\/2021\/05\/Endodonti-1.jpg 670w, https:\/\/dentagora.com.tr\/de\/wp-content\/uploads\/2021\/05\/Endodonti-1-300x152.jpg 300w\" sizes=\"(max-width: 670px) 100vw, 670px\" \/>\t\t\t\t\t\t\t\t\t\t\t\t\t\t\t<\/div>\n\t\t\t\t<\/div>\n\t\t\t\t\t<\/div>\n\t\t<\/div>\n\t\t\t\t\t\t\t<\/div>\n\t\t<\/section>\n\t\t\t\t<section class=\"elementor-section elementor-top-section elementor-element elementor-element-4ab3005 elementor-section-stretched elementor-section-height-min-height elementor-section-boxed elementor-section-height-default elementor-section-items-middle\" data-id=\"4ab3005\" data-element_type=\"section\" data-settings=\"{&quot;stretch_section&quot;:&quot;section-stretched&quot;}\">\n\t\t\t\t\t\t<div class=\"elementor-container elementor-column-gap-default\">\n\t\t\t\t\t<div class=\"elementor-column elementor-col-100 elementor-top-column elementor-element elementor-element-e83b818\" data-id=\"e83b818\" data-element_type=\"column\">\n\t\t\t<div class=\"elementor-widget-wrap elementor-element-populated\">\n\t\t\t\t\t\t\t\t<div class=\"elementor-element elementor-element-c8bd207 elementor-widget elementor-widget-text-editor\" data-id=\"c8bd207\" data-element_type=\"widget\" data-widget_type=\"text-editor.default\">\n\t\t\t\t<div class=\"elementor-widget-container\">\n\t\t\t\t\t\t\t<p><strong><em>Unsere wertvollen Patienten;<\/em><\/strong><\/p><ul><li>Wenn Sie ziehende Zahnschmerzen bei sehr hei\u00dfen oder sehr\u00a0kalten Speisen\u00a0oder Getr\u00e4nken haben,<\/li><li>Wenn sich Verdunkelung der Zahnfarbe haben, obwohl keine Schmerzen auftreten,<\/li><li>Wenn Sie Schmerzen beim Kauen haben,<\/li><li>Wenn Sie Aphthen oder einen entz\u00fcndlichen Ausfluss im Mund haben,<\/li><li>Wenn Sie aus irgendeinem Grund einen gebrochenen Zahn haben,<\/li><li>Wenn Sie im Schlaf starke Schmerzen haben<\/li><\/ul><p>wenden Sie sich so bald wie m\u00f6glich an Ihren Zahnarzt.<\/p><p>Wenn die Pulpa-Infektion in Ihren Z\u00e4hnen nicht behandelt wird, kann dies zu einer Schwellung der Zahnwurzel und des umgebenden Gewebes f\u00fchren, indem Abszesse verursacht werden.\u00a0 In diesem Fall erh\u00f6ht sich die Wahrscheinlichkeit, den entsprechenden Zahn zu verlieren.<\/p><p>In Bezug auf endodontische Wurzelkanalbehandlung in \u0130zmir steht Ihnen die Mund- und Zahngesundheitspoliklinik Dentagora mit qualifiziertem und kompetentem Personal in allen Branchen zur Verf\u00fcgung.<\/p>\t\t\t\t\t\t<\/div>\n\t\t\t\t<\/div>\n\t\t\t\t\t<\/div>\n\t\t<\/div>\n\t\t\t\t\t\t\t<\/div>\n\t\t<\/section>\n\t\t\t\t\t\t<\/div>\n\t\t\t\t\t<\/div>\n\t\t","protected":false},"excerpt":{"rendered":"<p>Endodontie Endodontie (Wurzelkanalbehandlung) Die endodontische Behandlung ist der Wissenschaftszweig, in dem Wurzelkanalbehandlungen durchgef\u00fchrt werden.\u00a0 Heutzutage wird die Wurzelkanalbehandlung in einer Sitzung f\u00fcr vitale Z\u00e4hne und normalerweise in zwei oder drei Sitzungen f\u00fcr devitale Z\u00e4hne abgeschlossen. Der Zweck der endodontischen Kanalbehandlung besteht darin, den Teil der Zahnpulpa zu entfernen, der durch \u00e4u\u00dfere Faktoren wie Karies oder [&hellip;]<\/p>\n","protected":false},"author":1,"featured_media":0,"parent":0,"menu_order":0,"comment_status":"closed","ping_status":"closed","template":"elementor_header_footer","meta":[],"_links":{"self":[{"href":"https:\/\/dentagora.com.tr\/de\/wp-json\/wp\/v2\/pages\/883"}],"collection":[{"href":"https:\/\/dentagora.com.tr\/de\/wp-json\/wp\/v2\/pages"}],"about":[{"href":"https:\/\/dentagora.com.tr\/de\/wp-json\/wp\/v2\/types\/page"}],"author":[{"embeddable":true,"href":"https:\/\/dentagora.com.tr\/de\/wp-json\/wp\/v2\/users\/1"}],"replies":[{"embeddable":true,"href":"https:\/\/dentagora.com.tr\/de\/wp-json\/wp\/v2\/comments?post=883"}],"version-history":[{"count":0,"href":"https:\/\/dentagora.com.tr\/de\/wp-json\/wp\/v2\/pages\/883\/revisions"}],"wp:attachment":[{"href":"https:\/\/dentagora.com.tr\/de\/wp-json\/wp\/v2\/media?parent=883"}],"curies":[{"name":"wp","href":"https:\/\/api.w.org\/{rel}","templated":true}]}}