{"id":889,"date":"2021-05-08T18:10:15","date_gmt":"2021-05-08T15:10:15","guid":{"rendered":"https:\/\/dentagora.com.tr\/?page_id=889"},"modified":"2021-05-25T12:59:40","modified_gmt":"2021-05-25T09:59:40","slug":"pedodonti","status":"publish","type":"page","link":"https:\/\/dentagora.com.tr\/de\/pedodonti\/","title":{"rendered":"P\u00e4dodontie"},"content":{"rendered":"\t\t<div data-elementor-type=\"wp-page\" data-elementor-id=\"889\" class=\"elementor elementor-889\" data-elementor-settings=\"[]\">\n\t\t\t\t\t\t\t<div class=\"elementor-section-wrap\">\n\t\t\t\t\t\t\t<section class=\"elementor-section elementor-top-section elementor-element elementor-element-238e53e elementor-section-boxed elementor-section-height-default elementor-section-height-default\" data-id=\"238e53e\" data-element_type=\"section\">\n\t\t\t\t\t\t<div class=\"elementor-container elementor-column-gap-default\">\n\t\t\t\t\t<div class=\"elementor-column elementor-col-100 elementor-top-column elementor-element elementor-element-8315e89\" data-id=\"8315e89\" data-element_type=\"column\">\n\t\t\t<div class=\"elementor-widget-wrap elementor-element-populated\">\n\t\t\t\t\t\t\t\t<div class=\"elementor-element elementor-element-f3dbd11 elementor-mobile-align-left elementor-align-left elementor-widget elementor-widget-raven-heading\" data-id=\"f3dbd11\" data-element_type=\"widget\" data-widget_type=\"raven-heading.default\">\n\t\t\t\t<div class=\"elementor-widget-container\">\n\t\t\t\t\t<div class=\"raven-widget-wrapper\"><h4 class=\"raven-heading raven-heading-h4\"><span class=\"raven-heading-title\">P\u00e4dodontie<\/span><\/h4><\/div>\n\t\t\t\t<\/div>\n\t\t\t\t<\/div>\n\t\t\t\t\t<\/div>\n\t\t<\/div>\n\t\t\t\t\t\t\t<\/div>\n\t\t<\/section>\n\t\t\t\t<section class=\"elementor-section elementor-top-section elementor-element elementor-element-6af3b04 elementor-section-stretched elementor-section-height-min-height elementor-section-boxed elementor-section-height-default elementor-section-items-middle\" data-id=\"6af3b04\" data-element_type=\"section\" data-settings=\"{&quot;stretch_section&quot;:&quot;section-stretched&quot;}\">\n\t\t\t\t\t\t<div class=\"elementor-container elementor-column-gap-default\">\n\t\t\t\t\t<div class=\"elementor-column elementor-col-50 elementor-top-column elementor-element elementor-element-10f8cc5\" data-id=\"10f8cc5\" data-element_type=\"column\">\n\t\t\t<div class=\"elementor-widget-wrap elementor-element-populated\">\n\t\t\t\t\t\t\t\t<div class=\"elementor-element elementor-element-28d07fb elementor-widget elementor-widget-heading\" data-id=\"28d07fb\" data-element_type=\"widget\" data-widget_type=\"heading.default\">\n\t\t\t\t<div class=\"elementor-widget-container\">\n\t\t\t<h2 class=\"elementor-heading-title elementor-size-default\">Pedodontie in \u0130zmir (Kinderzahnheilkunde)<\/h2>\t\t<\/div>\n\t\t\t\t<\/div>\n\t\t\t\t<div class=\"elementor-element elementor-element-84816fe elementor-widget elementor-widget-text-editor\" data-id=\"84816fe\" data-element_type=\"widget\" data-widget_type=\"text-editor.default\">\n\t\t\t\t<div class=\"elementor-widget-container\">\n\t\t\t\t\t\t\t<p>Die \u0130zmir Kinderzahnheilkunde zielt darauf ab, die Probleme zu beseitigen, die an den Milch- und bleibenden Z\u00e4hnen von Kindern im Alter von 0-14 Jahren aufgrund von Karies, Trauma, erblichen und \u00e4hnlichen Gr\u00fcnden auftreten k\u00f6nnen, und die Z\u00e4hne im Mund auf gesunde Weise zu sch\u00fctzen.<\/p>\t\t\t\t\t\t<\/div>\n\t\t\t\t<\/div>\n\t\t\t\t\t<\/div>\n\t\t<\/div>\n\t\t\t\t<div class=\"elementor-column elementor-col-50 elementor-top-column elementor-element elementor-element-38711ae\" data-id=\"38711ae\" data-element_type=\"column\">\n\t\t\t<div class=\"elementor-widget-wrap elementor-element-populated\">\n\t\t\t\t\t\t\t\t<div class=\"elementor-element elementor-element-a05db35 elementor-widget elementor-widget-image\" data-id=\"a05db35\" data-element_type=\"widget\" data-widget_type=\"image.default\">\n\t\t\t\t<div class=\"elementor-widget-container\">\n\t\t\t\t\t\t\t\t\t\t\t\t\t\t\t<img width=\"1024\" height=\"576\" src=\"https:\/\/dentagora.com.tr\/de\/wp-content\/uploads\/2021\/05\/Cocuk-Dis-Hekimligi-1-1024x576.jpg\" class=\"attachment-large size-large\" alt=\"\" loading=\"lazy\" srcset=\"https:\/\/dentagora.com.tr\/de\/wp-content\/uploads\/2021\/05\/Cocuk-Dis-Hekimligi-1-1024x576.jpg 1024w, https:\/\/dentagora.com.tr\/de\/wp-content\/uploads\/2021\/05\/Cocuk-Dis-Hekimligi-1-300x169.jpg 300w, https:\/\/dentagora.com.tr\/de\/wp-content\/uploads\/2021\/05\/Cocuk-Dis-Hekimligi-1-768x432.jpg 768w, https:\/\/dentagora.com.tr\/de\/wp-content\/uploads\/2021\/05\/Cocuk-Dis-Hekimligi-1.jpg 1280w\" sizes=\"(max-width: 1024px) 100vw, 1024px\" \/>\t\t\t\t\t\t\t\t\t\t\t\t\t\t\t<\/div>\n\t\t\t\t<\/div>\n\t\t\t\t\t<\/div>\n\t\t<\/div>\n\t\t\t\t\t\t\t<\/div>\n\t\t<\/section>\n\t\t\t\t<section class=\"elementor-section elementor-top-section elementor-element elementor-element-2703080 elementor-section-boxed elementor-section-height-default elementor-section-height-default\" data-id=\"2703080\" data-element_type=\"section\">\n\t\t\t\t\t\t<div class=\"elementor-container elementor-column-gap-default\">\n\t\t\t\t\t<div class=\"elementor-column elementor-col-100 elementor-top-column elementor-element elementor-element-d21bd9f\" data-id=\"d21bd9f\" data-element_type=\"column\">\n\t\t\t<div class=\"elementor-widget-wrap elementor-element-populated\">\n\t\t\t\t\t\t\t\t<div class=\"elementor-element elementor-element-c8bd207 elementor-widget elementor-widget-text-editor\" data-id=\"c8bd207\" data-element_type=\"widget\" data-widget_type=\"text-editor.default\">\n\t\t\t\t<div class=\"elementor-widget-container\">\n\t\t\t\t\t\t\t<p>Es gibt insgesamt 20 Milchz\u00e4hne im Mund.\u00a0 Milchz\u00e4hne spielen eine aktive Rolle in der Ern\u00e4hrung und sind sehr wichtig f\u00fcr das Wachstum und die Entwicklung von Kindern.\u00a0 Dar\u00fcber hinaus hat es eine sehr wichtige Aufgabe bei der F\u00e4higkeit von Kindern richtig zu sprechen.<\/p><p>Eine ausgezeichnete Mund- und Zahngesundheit von Kindern kann durch die regelm\u00e4\u00dfige Untersuchung des Kinderzahnarztes alle 6 Monate sichergestellt werden.\u00a0 Bei diesen Untersuchungen k\u00f6nnen alle Arten von Problemen festgestellt werden, die die Mund- und Zahngesundheit gef\u00e4hrden.\u00a0 Wichtig ist hier die fr\u00fchzeitige Feststellung und Behandlung der Probleme. Eine fr\u00fchzeitige Diagnose beim p\u00e4diatrischen Patienten wird sich positiv auf die k\u00f6rperliche und emotionale Entwicklung des Kindes auswirken<\/p><p>Die erste Untersuchung beim p\u00e4diatrischen Patienten beginnt mit einem Gespr\u00e4ch sowohl mit dem Kind als auch mit den Eltern des Kindes. Nach dem Gespr\u00e4ch wird die medizinische und zahnmedizinische Anamnese des Patienten erhoben. Dann wird mit der klinischen und radiologischen Untersuchung begonnen.\u00a0 Nach diesen Phasen wird der Patient und das betreffende Familienmitglied \u00fcber die Diagnose und Behandlungsplanung informiert.\u00a0 Insbesondere werden viele Methoden angewendet, um den Milchfaktor und die bleibenden Z\u00e4hne vor schweren Munderkrankungen wie Karies und Parodontalerkrankungen zu sch\u00fctzen.<\/p>\t\t\t\t\t\t<\/div>\n\t\t\t\t<\/div>\n\t\t\t\t\t<\/div>\n\t\t<\/div>\n\t\t\t\t\t\t\t<\/div>\n\t\t<\/section>\n\t\t\t\t<section class=\"elementor-section elementor-top-section elementor-element elementor-element-572d2f4 elementor-section-boxed elementor-section-height-default elementor-section-height-default\" data-id=\"572d2f4\" data-element_type=\"section\">\n\t\t\t\t\t\t<div class=\"elementor-container elementor-column-gap-default\">\n\t\t\t\t\t<div class=\"elementor-column elementor-col-50 elementor-top-column elementor-element elementor-element-f0ad532\" data-id=\"f0ad532\" data-element_type=\"column\">\n\t\t\t<div class=\"elementor-widget-wrap elementor-element-populated\">\n\t\t\t\t\t\t\t\t<div class=\"elementor-element elementor-element-a7433da elementor-widget elementor-widget-image\" data-id=\"a7433da\" data-element_type=\"widget\" data-widget_type=\"image.default\">\n\t\t\t\t<div class=\"elementor-widget-container\">\n\t\t\t\t\t\t\t\t\t\t\t\t\t\t\t<img width=\"670\" height=\"450\" src=\"https:\/\/dentagora.com.tr\/de\/wp-content\/uploads\/2021\/05\/Cocuk-Dis-Hekimligi-2-1.jpg\" class=\"attachment-large size-large\" alt=\"\" loading=\"lazy\" srcset=\"https:\/\/dentagora.com.tr\/de\/wp-content\/uploads\/2021\/05\/Cocuk-Dis-Hekimligi-2-1.jpg 670w, https:\/\/dentagora.com.tr\/de\/wp-content\/uploads\/2021\/05\/Cocuk-Dis-Hekimligi-2-1-300x201.jpg 300w\" sizes=\"(max-width: 670px) 100vw, 670px\" \/>\t\t\t\t\t\t\t\t\t\t\t\t\t\t\t<\/div>\n\t\t\t\t<\/div>\n\t\t\t\t\t<\/div>\n\t\t<\/div>\n\t\t\t\t<div class=\"elementor-column elementor-col-50 elementor-top-column elementor-element elementor-element-e5b6b04\" data-id=\"e5b6b04\" data-element_type=\"column\">\n\t\t\t<div class=\"elementor-widget-wrap elementor-element-populated\">\n\t\t\t\t\t\t\t\t<div class=\"elementor-element elementor-element-fe44100 elementor-widget elementor-widget-image\" data-id=\"fe44100\" data-element_type=\"widget\" data-widget_type=\"image.default\">\n\t\t\t\t<div class=\"elementor-widget-container\">\n\t\t\t\t\t\t\t\t\t\t\t\t\t\t\t<img width=\"454\" height=\"183\" src=\"https:\/\/dentagora.com.tr\/de\/wp-content\/uploads\/2021\/05\/Cocuk-Dis-Hekimligi-3-1.jpg\" class=\"attachment-large size-large\" alt=\"\" loading=\"lazy\" srcset=\"https:\/\/dentagora.com.tr\/de\/wp-content\/uploads\/2021\/05\/Cocuk-Dis-Hekimligi-3-1.jpg 454w, https:\/\/dentagora.com.tr\/de\/wp-content\/uploads\/2021\/05\/Cocuk-Dis-Hekimligi-3-1-300x121.jpg 300w\" sizes=\"(max-width: 454px) 100vw, 454px\" \/>\t\t\t\t\t\t\t\t\t\t\t\t\t\t\t<\/div>\n\t\t\t\t<\/div>\n\t\t\t\t\t<\/div>\n\t\t<\/div>\n\t\t\t\t\t\t\t<\/div>\n\t\t<\/section>\n\t\t\t\t<section class=\"elementor-section elementor-top-section elementor-element elementor-element-4ab3005 elementor-section-stretched elementor-section-height-min-height elementor-section-boxed elementor-section-height-default elementor-section-items-middle\" data-id=\"4ab3005\" data-element_type=\"section\" data-settings=\"{&quot;stretch_section&quot;:&quot;section-stretched&quot;}\">\n\t\t\t\t\t\t<div class=\"elementor-container elementor-column-gap-default\">\n\t\t\t\t\t<div class=\"elementor-column elementor-col-100 elementor-top-column elementor-element elementor-element-e83b818\" data-id=\"e83b818\" data-element_type=\"column\">\n\t\t\t<div class=\"elementor-widget-wrap elementor-element-populated\">\n\t\t\t\t\t\t\t\t<div class=\"elementor-element elementor-element-1608bc2 elementor-widget elementor-widget-text-editor\" data-id=\"1608bc2\" data-element_type=\"widget\" data-widget_type=\"text-editor.default\">\n\t\t\t\t<div class=\"elementor-widget-container\">\n\t\t\t\t\t\t\t<p>Fluoridbehandlungen, die als die wirksamste Behandlungsform in der pr\u00e4ventiven Zahnheilkunde gelten, k\u00f6nnen bei gesunden Patienten angewendet werden, die anf\u00e4llig f\u00fcr Karies, Zahnempfindlichkeit und Erosionsbehandlung sind, sowie bei Personen mit chronisch Erkrankungen, die besondere Pflege ben\u00f6tigen.\u00a0 Die Anwendungen werden in H\u00e4ufigkeit und Mengen durchgef\u00fchrt, die sich nach dem Alter und dem Risiko der Kariesbildung des Patienten richten.<\/p><p>Anatomisch schaffen die Vertiefungen und Vorspr\u00fcnge auf den Kaufl\u00e4chen der Backenz\u00e4hne die Bereiche, in denen die Lebensmittelreste haften bleiben k\u00f6nnen.<\/p><p>Die Fissurenversiegelungen tragen dazu bei, eine Oberfl\u00e4che zu schaffen, die das Anhaften von Lebensmittelreste verringert und das Z\u00e4hneputzen erleichtert. Es ist bekannt, dass die Kariesrate nach klinischen Anwendungen um 70% bis 80% reduziert wird.<\/p><p>In Bezug auf aller Art pedodontischen Behandlungen in Izmir steht Dentagora Mund- und Zahngesundheitspoliklinik Ihnen mit qualifiziertem und kompetentem Personal in allen Branchen zur Verf\u00fcgung.<\/p>\t\t\t\t\t\t<\/div>\n\t\t\t\t<\/div>\n\t\t\t\t\t<\/div>\n\t\t<\/div>\n\t\t\t\t\t\t\t<\/div>\n\t\t<\/section>\n\t\t\t\t\t\t<\/div>\n\t\t\t\t\t<\/div>\n\t\t","protected":false},"excerpt":{"rendered":"<p>P\u00e4dodontie Pedodontie in \u0130zmir (Kinderzahnheilkunde) Die \u0130zmir Kinderzahnheilkunde zielt darauf ab, die Probleme zu beseitigen, die an den Milch- und bleibenden Z\u00e4hnen von Kindern im Alter von 0-14 Jahren aufgrund von Karies, Trauma, erblichen und \u00e4hnlichen Gr\u00fcnden auftreten k\u00f6nnen, und die Z\u00e4hne im Mund auf gesunde Weise zu sch\u00fctzen. Es gibt insgesamt 20 Milchz\u00e4hne im [&hellip;]<\/p>\n","protected":false},"author":1,"featured_media":0,"parent":0,"menu_order":0,"comment_status":"closed","ping_status":"closed","template":"elementor_header_footer","meta":[],"_links":{"self":[{"href":"https:\/\/dentagora.com.tr\/de\/wp-json\/wp\/v2\/pages\/889"}],"collection":[{"href":"https:\/\/dentagora.com.tr\/de\/wp-json\/wp\/v2\/pages"}],"about":[{"href":"https:\/\/dentagora.com.tr\/de\/wp-json\/wp\/v2\/types\/page"}],"author":[{"embeddable":true,"href":"https:\/\/dentagora.com.tr\/de\/wp-json\/wp\/v2\/users\/1"}],"replies":[{"embeddable":true,"href":"https:\/\/dentagora.com.tr\/de\/wp-json\/wp\/v2\/comments?post=889"}],"version-history":[{"count":0,"href":"https:\/\/dentagora.com.tr\/de\/wp-json\/wp\/v2\/pages\/889\/revisions"}],"wp:attachment":[{"href":"https:\/\/dentagora.com.tr\/de\/wp-json\/wp\/v2\/media?parent=889"}],"curies":[{"name":"wp","href":"https:\/\/api.w.org\/{rel}","templated":true}]}}