{"id":897,"date":"2021-05-08T19:20:29","date_gmt":"2021-05-08T16:20:29","guid":{"rendered":"https:\/\/dentagora.com.tr\/?page_id=897"},"modified":"2021-05-25T12:59:49","modified_gmt":"2021-05-25T09:59:49","slug":"parodontologie","status":"publish","type":"page","link":"https:\/\/dentagora.com.tr\/de\/parodontologie\/","title":{"rendered":"Parodontologie"},"content":{"rendered":"\t\t<div data-elementor-type=\"wp-page\" data-elementor-id=\"897\" class=\"elementor elementor-897\" data-elementor-settings=\"[]\">\n\t\t\t\t\t\t\t<div class=\"elementor-section-wrap\">\n\t\t\t\t\t\t\t<section class=\"elementor-section elementor-top-section elementor-element elementor-element-238e53e elementor-section-boxed elementor-section-height-default elementor-section-height-default\" data-id=\"238e53e\" data-element_type=\"section\">\n\t\t\t\t\t\t<div class=\"elementor-container elementor-column-gap-default\">\n\t\t\t\t\t<div class=\"elementor-column elementor-col-100 elementor-top-column elementor-element elementor-element-8315e89\" data-id=\"8315e89\" data-element_type=\"column\">\n\t\t\t<div class=\"elementor-widget-wrap elementor-element-populated\">\n\t\t\t\t\t\t\t\t<div class=\"elementor-element elementor-element-f3dbd11 elementor-mobile-align-left elementor-align-left elementor-widget elementor-widget-raven-heading\" data-id=\"f3dbd11\" data-element_type=\"widget\" data-widget_type=\"raven-heading.default\">\n\t\t\t\t<div class=\"elementor-widget-container\">\n\t\t\t\t\t<div class=\"raven-widget-wrapper\"><h4 class=\"raven-heading raven-heading-h4\"><span class=\"raven-heading-title\">Parodontologie<\/span><\/h4><\/div>\n\t\t\t\t<\/div>\n\t\t\t\t<\/div>\n\t\t\t\t\t<\/div>\n\t\t<\/div>\n\t\t\t\t\t\t\t<\/div>\n\t\t<\/section>\n\t\t\t\t<section class=\"elementor-section elementor-top-section elementor-element elementor-element-6af3b04 elementor-section-stretched elementor-section-height-min-height elementor-section-boxed elementor-section-height-default elementor-section-items-middle\" data-id=\"6af3b04\" data-element_type=\"section\" data-settings=\"{&quot;stretch_section&quot;:&quot;section-stretched&quot;}\">\n\t\t\t\t\t\t<div class=\"elementor-container elementor-column-gap-default\">\n\t\t\t\t\t<div class=\"elementor-column elementor-col-50 elementor-top-column elementor-element elementor-element-10f8cc5\" data-id=\"10f8cc5\" data-element_type=\"column\">\n\t\t\t<div class=\"elementor-widget-wrap elementor-element-populated\">\n\t\t\t\t\t\t\t\t<div class=\"elementor-element elementor-element-28d07fb elementor-widget elementor-widget-heading\" data-id=\"28d07fb\" data-element_type=\"widget\" data-widget_type=\"heading.default\">\n\t\t\t\t<div class=\"elementor-widget-container\">\n\t\t\t<h2 class=\"elementor-heading-title elementor-size-default\">Zahnfleischerkrankungen und Behandlung (Parodontologie)<\/h2>\t\t<\/div>\n\t\t\t\t<\/div>\n\t\t\t\t<div class=\"elementor-element elementor-element-84816fe elementor-widget elementor-widget-text-editor\" data-id=\"84816fe\" data-element_type=\"widget\" data-widget_type=\"text-editor.default\">\n\t\t\t\t<div class=\"elementor-widget-container\">\n\t\t\t\t\t\t\t<p>Parodontologie ist die Behandlung von Zahnfleischerkrankungen. Eine entz\u00fcndliche Erkrankung des Zahnfleisches und des Zahngewebes wird als Zahnfleischerkrankung bezeichnet. Parodontitis ist die durch Bakterien verursachte Entz\u00fcndung, die mit der irreversiblen Zerst\u00f6rung des Zahnst\u00fctzsystems einhergeht.<\/p><p>Genetische, umweltbedingte und systemische Faktoren spielen eine Rolle bei der Entwicklung von Zahnfleischerkrankungen.\u00a0 Systemische Faktoren sind Epilepsie, Diabetes, Herz-Kreislauf-Erkrankungen, Down-Syndrom, AIDS und Blutkrankheiten.<\/p><p>Das h\u00e4ufigste Symptom f\u00fcr Parodontitis ist Zahnfleischblutung.\u00a0 In diesem Fall wird das rote, gl\u00e4nzende und geschwollene Zahnfleisch beobachtet. Zus\u00e4tzlich zu diesen Symptomen k\u00f6nnen auch Mundgeruch, Zahnfleischblutung und Zahnempfindlichkeit auftreten.<\/p><p>Zahnfleischerkrankungen, die in jedem Alter beobachtet werden k\u00f6nnen, betreffen heute jeden Menschen in unterschiedlichen Dimensionen.\u00a0 Meistens kann es ohne Symptome fortschreiten, da keine st\u00f6renden Symptome wie Schmerzen beobachtet werden.\u00a0 In diesem Fall kann bei Personen mit fortgeschrittener Parodontitis der Verlust eines ein gesunden Zahns ohne Karies aufgrund der Zerst\u00f6rung des Zahnst\u00fctzgewebes beobachtet werden.<\/p>\t\t\t\t\t\t<\/div>\n\t\t\t\t<\/div>\n\t\t\t\t\t<\/div>\n\t\t<\/div>\n\t\t\t\t<div class=\"elementor-column elementor-col-50 elementor-top-column elementor-element elementor-element-38711ae\" data-id=\"38711ae\" data-element_type=\"column\">\n\t\t\t<div class=\"elementor-widget-wrap elementor-element-populated\">\n\t\t\t\t\t\t\t\t<div class=\"elementor-element elementor-element-a05db35 elementor-widget elementor-widget-image\" data-id=\"a05db35\" data-element_type=\"widget\" data-widget_type=\"image.default\">\n\t\t\t\t<div class=\"elementor-widget-container\">\n\t\t\t\t\t\t\t\t\t\t\t\t\t\t\t<img width=\"670\" height=\"339\" src=\"https:\/\/dentagora.com.tr\/de\/wp-content\/uploads\/2021\/05\/Periodontoloji-Diseti-Hastaliklari-Tedavisi.jpg\" class=\"attachment-large size-large\" alt=\"\" loading=\"lazy\" srcset=\"https:\/\/dentagora.com.tr\/de\/wp-content\/uploads\/2021\/05\/Periodontoloji-Diseti-Hastaliklari-Tedavisi.jpg 670w, https:\/\/dentagora.com.tr\/de\/wp-content\/uploads\/2021\/05\/Periodontoloji-Diseti-Hastaliklari-Tedavisi-300x152.jpg 300w\" sizes=\"(max-width: 670px) 100vw, 670px\" \/>\t\t\t\t\t\t\t\t\t\t\t\t\t\t\t<\/div>\n\t\t\t\t<\/div>\n\t\t\t\t\t<\/div>\n\t\t<\/div>\n\t\t\t\t\t\t\t<\/div>\n\t\t<\/section>\n\t\t\t\t<section class=\"elementor-section elementor-top-section elementor-element elementor-element-4ab3005 elementor-section-stretched elementor-section-height-min-height elementor-section-boxed elementor-section-height-default elementor-section-items-middle\" data-id=\"4ab3005\" data-element_type=\"section\" data-settings=\"{&quot;stretch_section&quot;:&quot;section-stretched&quot;}\">\n\t\t\t\t\t\t<div class=\"elementor-container elementor-column-gap-default\">\n\t\t\t\t\t<div class=\"elementor-column elementor-col-100 elementor-top-column elementor-element elementor-element-e83b818\" data-id=\"e83b818\" data-element_type=\"column\">\n\t\t\t<div class=\"elementor-widget-wrap elementor-element-populated\">\n\t\t\t\t\t\t\t\t<div class=\"elementor-element elementor-element-c8bd207 elementor-widget elementor-widget-text-editor\" data-id=\"c8bd207\" data-element_type=\"widget\" data-widget_type=\"text-editor.default\">\n\t\t\t\t<div class=\"elementor-widget-container\">\n\t\t\t\t\t\t\t<p>Parodontologische Behandlung zielt das Bleiben der ungesunden Z\u00e4hne im Mund so lange wie m\u00f6glich. \u00a0Je nach Art und Schwere der Parodontitis werden unterschiedliche Behandlungsmethoden angewendet.\u00a0 Diese Methoden sind in erster Linie als Mundhygienetraining, Zahnsteinreinigung, Gl\u00e4tten der Wurzeloberfl\u00e4che, regenerative, rekonstruktive und mukogingivale Operationen zusammengefasst werden.<\/p><p>Dar\u00fcber hinaus geh\u00f6rt die Bereitstellung von Zahnfleisch\u00e4sthetik f\u00fcr Personen mit hoher Lachlinie auch zur parodontalen Behandlung. \u00a0Art und Schwere der Erkrankung,\u00a0 die Gewohnheiten des Patienten und seine Koordination mit dem Arzt wirken sich direkt auf den Standard der Mundhygiene, die Behandlungsplanung und den Erfolg aus.<\/p><p>Die parodontologische Behandlung ist eine Behandlungsform, bei der die Ergebnisse eindeutig sind und die Patientenzufriedenheit am h\u00f6chsten ist, wenn die erforderlichen Eingriffe mit fr\u00fchzeitiger Diagnose vorgenommen werden.\u00a0 Deshalb ist eine regelm\u00e4\u00dfige zahn\u00e4rztliche Untersuchung immer wichtig.<\/p><p>In Bezug der Zahnfleischbehandlung in Izmir steht Dentagora Mund- und Zahngesundheitspoliklinik Ihnen mit qualifiziertem und kompetentem Personal in allen Branchen zur Verf\u00fcgung.<\/p>\t\t\t\t\t\t<\/div>\n\t\t\t\t<\/div>\n\t\t\t\t\t<\/div>\n\t\t<\/div>\n\t\t\t\t\t\t\t<\/div>\n\t\t<\/section>\n\t\t\t\t<section class=\"elementor-section elementor-top-section elementor-element elementor-element-f2940a5 elementor-section-boxed elementor-section-height-default elementor-section-height-default\" data-id=\"f2940a5\" data-element_type=\"section\">\n\t\t\t\t\t\t<div class=\"elementor-container elementor-column-gap-default\">\n\t\t\t\t\t<div class=\"elementor-column elementor-col-50 elementor-top-column elementor-element elementor-element-154f0d9\" data-id=\"154f0d9\" data-element_type=\"column\">\n\t\t\t<div class=\"elementor-widget-wrap elementor-element-populated\">\n\t\t\t\t\t\t\t\t<div class=\"elementor-element elementor-element-680dc8a elementor-widget elementor-widget-image\" data-id=\"680dc8a\" data-element_type=\"widget\" data-widget_type=\"image.default\">\n\t\t\t\t<div class=\"elementor-widget-container\">\n\t\t\t\t\t\t\t\t\t\t\t\t\t\t\t<img width=\"552\" height=\"186\" src=\"https:\/\/dentagora.com.tr\/de\/wp-content\/uploads\/2021\/05\/Periodontoloji-Diseti-Hastaliklari-Tedavisi-2.jpg\" class=\"attachment-large size-large\" alt=\"\" loading=\"lazy\" srcset=\"https:\/\/dentagora.com.tr\/de\/wp-content\/uploads\/2021\/05\/Periodontoloji-Diseti-Hastaliklari-Tedavisi-2.jpg 552w, https:\/\/dentagora.com.tr\/de\/wp-content\/uploads\/2021\/05\/Periodontoloji-Diseti-Hastaliklari-Tedavisi-2-300x101.jpg 300w\" sizes=\"(max-width: 552px) 100vw, 552px\" \/>\t\t\t\t\t\t\t\t\t\t\t\t\t\t\t<\/div>\n\t\t\t\t<\/div>\n\t\t\t\t\t<\/div>\n\t\t<\/div>\n\t\t\t\t<div class=\"elementor-column elementor-col-50 elementor-top-column elementor-element elementor-element-27d6b03\" data-id=\"27d6b03\" data-element_type=\"column\">\n\t\t\t<div class=\"elementor-widget-wrap elementor-element-populated\">\n\t\t\t\t\t\t\t\t<div class=\"elementor-element elementor-element-3e84c5a elementor-widget elementor-widget-image\" data-id=\"3e84c5a\" data-element_type=\"widget\" data-widget_type=\"image.default\">\n\t\t\t\t<div class=\"elementor-widget-container\">\n\t\t\t\t\t\t\t\t\t\t\t\t\t\t\t<img width=\"670\" height=\"211\" src=\"https:\/\/dentagora.com.tr\/de\/wp-content\/uploads\/2021\/05\/Periodontoloji-Diseti-Hastaliklari-Tedavisi-4.jpg\" class=\"attachment-large size-large\" alt=\"\" loading=\"lazy\" srcset=\"https:\/\/dentagora.com.tr\/de\/wp-content\/uploads\/2021\/05\/Periodontoloji-Diseti-Hastaliklari-Tedavisi-4.jpg 670w, https:\/\/dentagora.com.tr\/de\/wp-content\/uploads\/2021\/05\/Periodontoloji-Diseti-Hastaliklari-Tedavisi-4-300x94.jpg 300w\" sizes=\"(max-width: 670px) 100vw, 670px\" \/>\t\t\t\t\t\t\t\t\t\t\t\t\t\t\t<\/div>\n\t\t\t\t<\/div>\n\t\t\t\t\t<\/div>\n\t\t<\/div>\n\t\t\t\t\t\t\t<\/div>\n\t\t<\/section>\n\t\t\t\t\t\t<\/div>\n\t\t\t\t\t<\/div>\n\t\t","protected":false},"excerpt":{"rendered":"<p>Parodontologie Zahnfleischerkrankungen und Behandlung (Parodontologie) Parodontologie ist die Behandlung von Zahnfleischerkrankungen. Eine entz\u00fcndliche Erkrankung des Zahnfleisches und des Zahngewebes wird als Zahnfleischerkrankung bezeichnet. Parodontitis ist die durch Bakterien verursachte Entz\u00fcndung, die mit der irreversiblen Zerst\u00f6rung des Zahnst\u00fctzsystems einhergeht. Genetische, umweltbedingte und systemische Faktoren spielen eine Rolle bei der Entwicklung von Zahnfleischerkrankungen.\u00a0 Systemische Faktoren sind Epilepsie, [&hellip;]<\/p>\n","protected":false},"author":1,"featured_media":0,"parent":0,"menu_order":0,"comment_status":"closed","ping_status":"closed","template":"elementor_header_footer","meta":[],"_links":{"self":[{"href":"https:\/\/dentagora.com.tr\/de\/wp-json\/wp\/v2\/pages\/897"}],"collection":[{"href":"https:\/\/dentagora.com.tr\/de\/wp-json\/wp\/v2\/pages"}],"about":[{"href":"https:\/\/dentagora.com.tr\/de\/wp-json\/wp\/v2\/types\/page"}],"author":[{"embeddable":true,"href":"https:\/\/dentagora.com.tr\/de\/wp-json\/wp\/v2\/users\/1"}],"replies":[{"embeddable":true,"href":"https:\/\/dentagora.com.tr\/de\/wp-json\/wp\/v2\/comments?post=897"}],"version-history":[{"count":0,"href":"https:\/\/dentagora.com.tr\/de\/wp-json\/wp\/v2\/pages\/897\/revisions"}],"wp:attachment":[{"href":"https:\/\/dentagora.com.tr\/de\/wp-json\/wp\/v2\/media?parent=897"}],"curies":[{"name":"wp","href":"https:\/\/api.w.org\/{rel}","templated":true}]}}