{"id":905,"date":"2021-05-08T19:30:03","date_gmt":"2021-05-08T16:30:03","guid":{"rendered":"https:\/\/dentagora.com.tr\/?page_id=905"},"modified":"2021-05-25T12:59:32","modified_gmt":"2021-05-25T09:59:32","slug":"restaurative","status":"publish","type":"page","link":"https:\/\/dentagora.com.tr\/de\/restaurative\/","title":{"rendered":"Konservative (restaurative) Zahnbehandlungen"},"content":{"rendered":"\t\t<div data-elementor-type=\"wp-page\" data-elementor-id=\"905\" class=\"elementor elementor-905\" data-elementor-settings=\"[]\">\n\t\t\t\t\t\t\t<div class=\"elementor-section-wrap\">\n\t\t\t\t\t\t\t<section class=\"elementor-section elementor-top-section elementor-element elementor-element-238e53e elementor-section-boxed elementor-section-height-default elementor-section-height-default\" data-id=\"238e53e\" data-element_type=\"section\">\n\t\t\t\t\t\t<div class=\"elementor-container elementor-column-gap-default\">\n\t\t\t\t\t<div class=\"elementor-column elementor-col-100 elementor-top-column elementor-element elementor-element-8315e89\" data-id=\"8315e89\" data-element_type=\"column\">\n\t\t\t<div class=\"elementor-widget-wrap elementor-element-populated\">\n\t\t\t\t\t\t\t\t<div class=\"elementor-element elementor-element-f3dbd11 elementor-mobile-align-left elementor-align-left elementor-widget elementor-widget-raven-heading\" data-id=\"f3dbd11\" data-element_type=\"widget\" data-widget_type=\"raven-heading.default\">\n\t\t\t\t<div class=\"elementor-widget-container\">\n\t\t\t\t\t<div class=\"raven-widget-wrapper\"><h4 class=\"raven-heading raven-heading-h4\"><span class=\"raven-heading-title\">Konservative Zahnbehandlung (restaurativ)<\/span><\/h4><\/div>\n\t\t\t\t<\/div>\n\t\t\t\t<\/div>\n\t\t\t\t\t<\/div>\n\t\t<\/div>\n\t\t\t\t\t\t\t<\/div>\n\t\t<\/section>\n\t\t\t\t<section class=\"elementor-section elementor-top-section elementor-element elementor-element-6af3b04 elementor-section-stretched elementor-section-height-min-height elementor-section-boxed elementor-section-height-default elementor-section-items-middle\" data-id=\"6af3b04\" data-element_type=\"section\" data-settings=\"{&quot;stretch_section&quot;:&quot;section-stretched&quot;}\">\n\t\t\t\t\t\t<div class=\"elementor-container elementor-column-gap-default\">\n\t\t\t\t\t<div class=\"elementor-column elementor-col-100 elementor-top-column elementor-element elementor-element-10f8cc5\" data-id=\"10f8cc5\" data-element_type=\"column\">\n\t\t\t<div class=\"elementor-widget-wrap elementor-element-populated\">\n\t\t\t\t\t\t\t\t<div class=\"elementor-element elementor-element-28d07fb elementor-widget elementor-widget-heading\" data-id=\"28d07fb\" data-element_type=\"widget\" data-widget_type=\"heading.default\">\n\t\t\t\t<div class=\"elementor-widget-container\">\n\t\t\t<h2 class=\"elementor-heading-title elementor-size-default\">Wie Wird Eine Konservative (Restorative) Zahnbehandlung Durchgef\u00fchrt?<\/h2>\t\t<\/div>\n\t\t\t\t<\/div>\n\t\t\t\t<div class=\"elementor-element elementor-element-84816fe elementor-widget elementor-widget-text-editor\" data-id=\"84816fe\" data-element_type=\"widget\" data-widget_type=\"text-editor.default\">\n\t\t\t\t<div class=\"elementor-widget-container\">\n\t\t\t\t\t\t\t<p>Die konservative Zahnbehandlung versucht, einen Zahn wiederherzustellen, der durch eine degenerative Erkrankung des Zahnschmelzes, des harten Zahngewebes und des Dentins besch\u00e4digt wurde, aber h\u00e4ufig auch bei dunklen Verf\u00e4rbungen auftritt.<\/p><p>Karies an den Z\u00e4hnen wird durch eine detaillierte klinische und radiologische Untersuchung festgestellt.\u00a0 Die festgestellte Karies wird unter \u00f6rtlicher Bet\u00e4ubung schmerzfrei gereinigt, die f\u00fcr den Zahn geeigneten F\u00fcllmaterialien wiederhergestellt und der F\u00fcllvorgang abgeschlossen.\u00a0 F\u00fcllmaterialien daf\u00fcr sind Amalgam- und Kompositf\u00fcllungen.<\/p><p>In unserer Klinik werden Kompositf\u00fcllungen angewendet, die meist als \u00e4sthetische F\u00fcllungen bezeichnet werden. Da es sich um ein Restaurationsmaterial handelt, das mit der nat\u00fcrlichen Zahnfarbe kompatibel ist, wird ein \u00e4sthetischeres Ergebnis erzielt.\u00a0 Jetzt werden Komposite nicht nur an Frontz\u00e4hnen, aber auch an Seitenz\u00e4hnen verwendet werden.<\/p><h2><strong>Bonding-Anwendungen<\/strong><\/h2><p>Es ist die Wiederherstellung von\u00a0Karies, Br\u00fcchen, Kerben oder gef\u00e4rbten Z\u00e4hnen mit Kompositmaterial.<\/p><h2><strong>\u00c4sthetische Zahnheilkunde \/ Bonding-Anwendungen<\/strong><\/h2><p>Verbindung; Das Gewebe wird nicht von der Zahnoberfl\u00e4che entfernt und es handelt sich um das Aufbringen von Bindematerial und zahnfarbenem Kompositharz auf die gew\u00fcnschten Bereiche.<\/p><p>Bei der Behandlung mit Komposit Laminaten ist es m\u00f6glich, einige \u00dcberf\u00fcllungen, Br\u00fcche oder L\u00fccken, die wir als Diastema bezeichnen, zu schlie\u00dfen, indem sehr wenig Gewebe von der Vorderseite der Z\u00e4hne entfernt wird.\u00a0 Somit kann eine L\u00e4cheln\u00e4sthetik erzielt werden.<\/p><p>In Bezug auf aller Art der Front- und Hinterz\u00e4hnenf\u00fcllungen, Bonding-Anwendungen in Izmir steht Dentagora Mund- und Zahngesundheitspoliklinik Ihnen mit qualifiziertem und kompetentem Personal in allen Branchen zur Verf\u00fcgung.<\/p>\t\t\t\t\t\t<\/div>\n\t\t\t\t<\/div>\n\t\t\t\t\t<\/div>\n\t\t<\/div>\n\t\t\t\t\t\t\t<\/div>\n\t\t<\/section>\n\t\t\t\t<section class=\"elementor-section elementor-top-section elementor-element elementor-element-4ade032 elementor-section-boxed elementor-section-height-default elementor-section-height-default\" data-id=\"4ade032\" data-element_type=\"section\">\n\t\t\t\t\t\t<div class=\"elementor-container elementor-column-gap-default\">\n\t\t\t\t\t<div class=\"elementor-column elementor-col-33 elementor-top-column elementor-element elementor-element-e2ba99e\" data-id=\"e2ba99e\" data-element_type=\"column\">\n\t\t\t<div class=\"elementor-widget-wrap elementor-element-populated\">\n\t\t\t\t\t\t\t\t<div class=\"elementor-element elementor-element-7fd0f12 elementor-widget elementor-widget-image\" data-id=\"7fd0f12\" data-element_type=\"widget\" data-widget_type=\"image.default\">\n\t\t\t\t<div class=\"elementor-widget-container\">\n\t\t\t\t\t\t\t\t\t\t\t\t\t\t\t<img width=\"670\" height=\"339\" src=\"https:\/\/dentagora.com.tr\/de\/wp-content\/uploads\/2021\/05\/Konservatif-Restoratif-Dis-Tedavileri.jpg\" class=\"attachment-large size-large\" alt=\"\" loading=\"lazy\" srcset=\"https:\/\/dentagora.com.tr\/de\/wp-content\/uploads\/2021\/05\/Konservatif-Restoratif-Dis-Tedavileri.jpg 670w, https:\/\/dentagora.com.tr\/de\/wp-content\/uploads\/2021\/05\/Konservatif-Restoratif-Dis-Tedavileri-300x152.jpg 300w\" sizes=\"(max-width: 670px) 100vw, 670px\" \/>\t\t\t\t\t\t\t\t\t\t\t\t\t\t\t<\/div>\n\t\t\t\t<\/div>\n\t\t\t\t\t<\/div>\n\t\t<\/div>\n\t\t\t\t<div class=\"elementor-column elementor-col-33 elementor-top-column elementor-element elementor-element-a1c5123\" data-id=\"a1c5123\" data-element_type=\"column\">\n\t\t\t<div class=\"elementor-widget-wrap elementor-element-populated\">\n\t\t\t\t\t\t\t\t<div class=\"elementor-element elementor-element-a05db35 elementor-widget elementor-widget-image\" data-id=\"a05db35\" data-element_type=\"widget\" data-widget_type=\"image.default\">\n\t\t\t\t<div class=\"elementor-widget-container\">\n\t\t\t\t\t\t\t\t\t\t\t\t\t\t\t<img width=\"338\" height=\"232\" src=\"https:\/\/dentagora.com.tr\/de\/wp-content\/uploads\/2021\/05\/Konservatif-Restoratif-Dis-Tedavileri-3.jpg\" class=\"attachment-large size-large\" alt=\"\" loading=\"lazy\" srcset=\"https:\/\/dentagora.com.tr\/de\/wp-content\/uploads\/2021\/05\/Konservatif-Restoratif-Dis-Tedavileri-3.jpg 338w, https:\/\/dentagora.com.tr\/de\/wp-content\/uploads\/2021\/05\/Konservatif-Restoratif-Dis-Tedavileri-3-300x206.jpg 300w\" sizes=\"(max-width: 338px) 100vw, 338px\" \/>\t\t\t\t\t\t\t\t\t\t\t\t\t\t\t<\/div>\n\t\t\t\t<\/div>\n\t\t\t\t\t<\/div>\n\t\t<\/div>\n\t\t\t\t<div class=\"elementor-column elementor-col-33 elementor-top-column elementor-element elementor-element-f3491d6\" data-id=\"f3491d6\" data-element_type=\"column\">\n\t\t\t<div class=\"elementor-widget-wrap elementor-element-populated\">\n\t\t\t\t\t\t\t\t<div class=\"elementor-element elementor-element-8f825ac elementor-widget elementor-widget-image\" data-id=\"8f825ac\" data-element_type=\"widget\" data-widget_type=\"image.default\">\n\t\t\t\t<div class=\"elementor-widget-container\">\n\t\t\t\t\t\t\t\t\t\t\t\t\t\t\t<img width=\"670\" height=\"232\" src=\"https:\/\/dentagora.com.tr\/de\/wp-content\/uploads\/2021\/05\/Konservatif-Restoratif-Dis-Tedavileri-2.jpg\" class=\"attachment-large size-large\" alt=\"\" loading=\"lazy\" srcset=\"https:\/\/dentagora.com.tr\/de\/wp-content\/uploads\/2021\/05\/Konservatif-Restoratif-Dis-Tedavileri-2.jpg 670w, https:\/\/dentagora.com.tr\/de\/wp-content\/uploads\/2021\/05\/Konservatif-Restoratif-Dis-Tedavileri-2-300x104.jpg 300w\" sizes=\"(max-width: 670px) 100vw, 670px\" \/>\t\t\t\t\t\t\t\t\t\t\t\t\t\t\t<\/div>\n\t\t\t\t<\/div>\n\t\t\t\t\t<\/div>\n\t\t<\/div>\n\t\t\t\t\t\t\t<\/div>\n\t\t<\/section>\n\t\t\t\t\t\t<\/div>\n\t\t\t\t\t<\/div>\n\t\t","protected":false},"excerpt":{"rendered":"<p>Konservative Zahnbehandlung (restaurativ) Wie Wird Eine Konservative (Restorative) Zahnbehandlung Durchgef\u00fchrt? Die konservative Zahnbehandlung versucht, einen Zahn wiederherzustellen, der durch eine degenerative Erkrankung des Zahnschmelzes, des harten Zahngewebes und des Dentins besch\u00e4digt wurde, aber h\u00e4ufig auch bei dunklen Verf\u00e4rbungen auftritt. Karies an den Z\u00e4hnen wird durch eine detaillierte klinische und radiologische Untersuchung festgestellt.\u00a0 Die festgestellte Karies [&hellip;]<\/p>\n","protected":false},"author":1,"featured_media":0,"parent":0,"menu_order":0,"comment_status":"closed","ping_status":"closed","template":"elementor_header_footer","meta":[],"_links":{"self":[{"href":"https:\/\/dentagora.com.tr\/de\/wp-json\/wp\/v2\/pages\/905"}],"collection":[{"href":"https:\/\/dentagora.com.tr\/de\/wp-json\/wp\/v2\/pages"}],"about":[{"href":"https:\/\/dentagora.com.tr\/de\/wp-json\/wp\/v2\/types\/page"}],"author":[{"embeddable":true,"href":"https:\/\/dentagora.com.tr\/de\/wp-json\/wp\/v2\/users\/1"}],"replies":[{"embeddable":true,"href":"https:\/\/dentagora.com.tr\/de\/wp-json\/wp\/v2\/comments?post=905"}],"version-history":[{"count":0,"href":"https:\/\/dentagora.com.tr\/de\/wp-json\/wp\/v2\/pages\/905\/revisions"}],"wp:attachment":[{"href":"https:\/\/dentagora.com.tr\/de\/wp-json\/wp\/v2\/media?parent=905"}],"curies":[{"name":"wp","href":"https:\/\/api.w.org\/{rel}","templated":true}]}}