{"id":913,"date":"2021-05-08T19:45:20","date_gmt":"2021-05-08T16:45:20","guid":{"rendered":"https:\/\/dentagora.com.tr\/?page_id=913"},"modified":"2021-05-25T12:50:07","modified_gmt":"2021-05-25T09:50:07","slug":"dis-beyazlatma","status":"publish","type":"page","link":"https:\/\/dentagora.com.tr\/de\/dis-beyazlatma\/","title":{"rendered":"Zahnaufhellung"},"content":{"rendered":"\t\t<div data-elementor-type=\"wp-page\" data-elementor-id=\"913\" class=\"elementor elementor-913\" data-elementor-settings=\"[]\">\n\t\t\t\t\t\t\t<div class=\"elementor-section-wrap\">\n\t\t\t\t\t\t\t<section class=\"elementor-section elementor-top-section elementor-element elementor-element-238e53e elementor-section-boxed elementor-section-height-default elementor-section-height-default\" data-id=\"238e53e\" data-element_type=\"section\">\n\t\t\t\t\t\t<div class=\"elementor-container elementor-column-gap-default\">\n\t\t\t\t\t<div class=\"elementor-column elementor-col-100 elementor-top-column elementor-element elementor-element-8315e89\" data-id=\"8315e89\" data-element_type=\"column\">\n\t\t\t<div class=\"elementor-widget-wrap elementor-element-populated\">\n\t\t\t\t\t\t\t\t<div class=\"elementor-element elementor-element-f3dbd11 elementor-mobile-align-left elementor-align-left elementor-widget elementor-widget-raven-heading\" data-id=\"f3dbd11\" data-element_type=\"widget\" data-widget_type=\"raven-heading.default\">\n\t\t\t\t<div class=\"elementor-widget-container\">\n\t\t\t\t\t<div class=\"raven-widget-wrapper\"><h4 class=\"raven-heading raven-heading-h4\"><span class=\"raven-heading-title\">Di\u015f Beyazlatma<\/span><\/h4><\/div>\n\t\t\t\t<\/div>\n\t\t\t\t<\/div>\n\t\t\t\t\t<\/div>\n\t\t<\/div>\n\t\t\t\t\t\t\t<\/div>\n\t\t<\/section>\n\t\t\t\t<section class=\"elementor-section elementor-top-section elementor-element elementor-element-6af3b04 elementor-section-stretched elementor-section-height-min-height elementor-section-boxed elementor-section-height-default elementor-section-items-middle\" data-id=\"6af3b04\" data-element_type=\"section\" data-settings=\"{&quot;stretch_section&quot;:&quot;section-stretched&quot;}\">\n\t\t\t\t\t\t<div class=\"elementor-container elementor-column-gap-default\">\n\t\t\t\t\t<div class=\"elementor-column elementor-col-50 elementor-top-column elementor-element elementor-element-10f8cc5\" data-id=\"10f8cc5\" data-element_type=\"column\">\n\t\t\t<div class=\"elementor-widget-wrap elementor-element-populated\">\n\t\t\t\t\t\t\t\t<div class=\"elementor-element elementor-element-28d07fb elementor-widget elementor-widget-heading\" data-id=\"28d07fb\" data-element_type=\"widget\" data-widget_type=\"heading.default\">\n\t\t\t\t<div class=\"elementor-widget-container\">\n\t\t\t<h2 class=\"elementor-heading-title elementor-size-default\">Zahnaufhellungsbehandlung in \u0130zmir (Bleaching)<\/h2>\t\t<\/div>\n\t\t\t\t<\/div>\n\t\t\t\t<div class=\"elementor-element elementor-element-84816fe elementor-widget elementor-widget-text-editor\" data-id=\"84816fe\" data-element_type=\"widget\" data-widget_type=\"text-editor.default\">\n\t\t\t\t<div class=\"elementor-widget-container\">\n\t\t\t\t\t\t\t<p>Zahnaufhellungsbehandlung in \u0130zmir;\u00a0 Zahnaufhellungsbehandlung kann bei den Personen angewendet werden, deren Zahnfarbe von Geburt an dunkel ist oder <a href=\"https:\/\/www.multitran.com\/m.exe?s=sp%C3%A4ter&amp;l1=3&amp;l2=2\">sp\u00e4ter<\/a> aus verschiedenen Gr\u00fcnden gelb geworden ist.\u00a0 Beim Bleaching werden die Z\u00e4hne mindestens auf 2 T\u00f6ne heller. Doch f\u00fcr die \u00a0Anwendung des Bleichmittels sollen die Kontraindikationen wie Zahnfleischrezession oder Empfindlichkeit gefasst werden.\u00a0 Es gibt zwei verschiedene Arten der Zahnaufhellung: f\u00fcr vitale und devitale\u00a0 Z\u00e4hne.<\/p><h2><strong>Bleaching devitaler Z\u00e4hne<\/strong><\/h2><p>Es ist eine Methode, die auf Z\u00e4hne mit Wurzelkanalbehandlung und Verdunkelung der Zahnfarbe angewendet wird.\u00a0 Bei dieser Methode wird ein Bleichmittel unter Verwendung verschiedener Methoden in der klinischen Umgebung in den relevanten Zahn aufgetragen.\u00a0 Auf diese Weise wird der Zahnaufhellungsprozess abgeschlossen, indem der Vorgang fortgesetzt wird, bis der gew\u00fcnschte Ton im betreffenden Zahn erreicht ist.<\/p><h2><strong>Bleaching vitaler Z\u00e4hne<\/strong><\/h2><p>Der Zahnaufhellungsprozess der vitalen Z\u00e4hne wird mit Hilfe von Wasserstoffperoxid enthaltenden Bleichgelen durchgef\u00fchrt.\u00a0 Es gibt zwei Arten der Bleaching vitaler Z\u00e4hne:<\/p>\t\t\t\t\t\t<\/div>\n\t\t\t\t<\/div>\n\t\t\t\t\t<\/div>\n\t\t<\/div>\n\t\t\t\t<div class=\"elementor-column elementor-col-50 elementor-top-column elementor-element elementor-element-38711ae\" data-id=\"38711ae\" data-element_type=\"column\">\n\t\t\t<div class=\"elementor-widget-wrap elementor-element-populated\">\n\t\t\t\t\t\t\t\t<div class=\"elementor-element elementor-element-a05db35 elementor-widget elementor-widget-image\" data-id=\"a05db35\" data-element_type=\"widget\" data-widget_type=\"image.default\">\n\t\t\t\t<div class=\"elementor-widget-container\">\n\t\t\t\t\t\t\t\t\t\t\t\t\t\t\t<img width=\"670\" height=\"339\" src=\"https:\/\/dentagora.com.tr\/de\/wp-content\/uploads\/2021\/05\/Dis-Beyazlatma-Bleaching.jpg\" class=\"attachment-large size-large\" alt=\"\" loading=\"lazy\" srcset=\"https:\/\/dentagora.com.tr\/de\/wp-content\/uploads\/2021\/05\/Dis-Beyazlatma-Bleaching.jpg 670w, https:\/\/dentagora.com.tr\/de\/wp-content\/uploads\/2021\/05\/Dis-Beyazlatma-Bleaching-300x152.jpg 300w\" sizes=\"(max-width: 670px) 100vw, 670px\" \/>\t\t\t\t\t\t\t\t\t\t\t\t\t\t\t<\/div>\n\t\t\t\t<\/div>\n\t\t\t\t<div class=\"elementor-element elementor-element-03c178e elementor-widget elementor-widget-image\" data-id=\"03c178e\" data-element_type=\"widget\" data-widget_type=\"image.default\">\n\t\t\t\t<div class=\"elementor-widget-container\">\n\t\t\t\t\t\t\t\t\t\t\t\t\t\t\t<img width=\"346\" height=\"232\" src=\"https:\/\/dentagora.com.tr\/de\/wp-content\/uploads\/2021\/05\/Dis-Beyazlatma-Bleaching-2.jpg\" class=\"attachment-large size-large\" alt=\"\" loading=\"lazy\" srcset=\"https:\/\/dentagora.com.tr\/de\/wp-content\/uploads\/2021\/05\/Dis-Beyazlatma-Bleaching-2.jpg 346w, https:\/\/dentagora.com.tr\/de\/wp-content\/uploads\/2021\/05\/Dis-Beyazlatma-Bleaching-2-300x201.jpg 300w\" sizes=\"(max-width: 346px) 100vw, 346px\" \/>\t\t\t\t\t\t\t\t\t\t\t\t\t\t\t<\/div>\n\t\t\t\t<\/div>\n\t\t\t\t\t<\/div>\n\t\t<\/div>\n\t\t\t\t\t\t\t<\/div>\n\t\t<\/section>\n\t\t\t\t<section class=\"elementor-section elementor-top-section elementor-element elementor-element-4ab3005 elementor-section-stretched elementor-section-height-min-height elementor-section-boxed elementor-section-height-default elementor-section-items-middle\" data-id=\"4ab3005\" data-element_type=\"section\" data-settings=\"{&quot;stretch_section&quot;:&quot;section-stretched&quot;}\">\n\t\t\t\t\t\t<div class=\"elementor-container elementor-column-gap-default\">\n\t\t\t\t\t<div class=\"elementor-column elementor-col-100 elementor-top-column elementor-element elementor-element-e83b818\" data-id=\"e83b818\" data-element_type=\"column\">\n\t\t\t<div class=\"elementor-widget-wrap elementor-element-populated\">\n\t\t\t\t\t\t\t\t<div class=\"elementor-element elementor-element-c8bd207 elementor-widget elementor-widget-text-editor\" data-id=\"c8bd207\" data-element_type=\"widget\" data-widget_type=\"text-editor.default\">\n\t\t\t\t<div class=\"elementor-widget-container\">\n\t\t\t\t\t\t\t<h2><strong>In-Office-Bleaching:<\/strong><\/h2><p>In-Office-Bleaching wird in der Zahnarztpraxis von dem Arzt durchgef\u00fchrt.\u00a0 Vor dem Bleaching wird eine Schutzschicht auf das Zahnfleisch des Patienten aufgetragen, damit Zahnfleisch zu verwendenden Mittel nicht in Kontakt kommt.\u00a0 Anschlie\u00dfend werden die Zahnoberfl\u00e4chen getrocknet und auf diese Oberfl\u00e4chen die Bleichmittel aufgetragen.<\/p><p>In dieser Anwendung werden die Wasserstoffperoxid enthaltene Mittel verwendet.\u00a0 Diese Mittel k\u00f6nnen manchmal in allein angewendeten Formen vorliegen, und manchmal k\u00f6nnen ihre Wirksamkeit durch einige Lichtquellen erh\u00f6ht werden.<\/p><p>In-Office-Bleaching kann 1-2 Mal wiederholt werden bis die Wunsch-Zahnfarbe erreicht ist. Jedes Mal \u00a0dauert das Bleaching etwa eine Stunde.<\/p><h2><strong>Home-Bleaching<\/strong><\/h2><p>Home-Bleaching wird Zuhause durchgef\u00fchrt. Der Zahnarzt nimmt Gebissabdr\u00fccke des Ober- und des Unterkiefers und gibt dem Patienten eine speziell gefertigte Schiene. Der Patient selbst kann das Bleichgel in bestimmten Perioden auftragen.\u00a0<\/p><p>In Bezug der Zahnaufhellung \/ Bleaching in Izmir steht Dentagora Mund- und Zahngesundheitspoliklinik Ihnen mit qualifiziertem und kompetentem Personal in allen Branchen zur Verf\u00fcgung.<\/p>\t\t\t\t\t\t<\/div>\n\t\t\t\t<\/div>\n\t\t\t\t\t<\/div>\n\t\t<\/div>\n\t\t\t\t\t\t\t<\/div>\n\t\t<\/section>\n\t\t\t\t\t\t<\/div>\n\t\t\t\t\t<\/div>\n\t\t","protected":false},"excerpt":{"rendered":"<p>Di\u015f Beyazlatma Zahnaufhellungsbehandlung in \u0130zmir (Bleaching) Zahnaufhellungsbehandlung in \u0130zmir;\u00a0 Zahnaufhellungsbehandlung kann bei den Personen angewendet werden, deren Zahnfarbe von Geburt an dunkel ist oder sp\u00e4ter aus verschiedenen Gr\u00fcnden gelb geworden ist.\u00a0 Beim Bleaching werden die Z\u00e4hne mindestens auf 2 T\u00f6ne heller. Doch f\u00fcr die \u00a0Anwendung des Bleichmittels sollen die Kontraindikationen wie Zahnfleischrezession oder Empfindlichkeit gefasst [&hellip;]<\/p>\n","protected":false},"author":1,"featured_media":0,"parent":0,"menu_order":0,"comment_status":"closed","ping_status":"closed","template":"elementor_header_footer","meta":[],"_links":{"self":[{"href":"https:\/\/dentagora.com.tr\/de\/wp-json\/wp\/v2\/pages\/913"}],"collection":[{"href":"https:\/\/dentagora.com.tr\/de\/wp-json\/wp\/v2\/pages"}],"about":[{"href":"https:\/\/dentagora.com.tr\/de\/wp-json\/wp\/v2\/types\/page"}],"author":[{"embeddable":true,"href":"https:\/\/dentagora.com.tr\/de\/wp-json\/wp\/v2\/users\/1"}],"replies":[{"embeddable":true,"href":"https:\/\/dentagora.com.tr\/de\/wp-json\/wp\/v2\/comments?post=913"}],"version-history":[{"count":0,"href":"https:\/\/dentagora.com.tr\/de\/wp-json\/wp\/v2\/pages\/913\/revisions"}],"wp:attachment":[{"href":"https:\/\/dentagora.com.tr\/de\/wp-json\/wp\/v2\/media?parent=913"}],"curies":[{"name":"wp","href":"https:\/\/api.w.org\/{rel}","templated":true}]}}