{"id":933,"date":"2021-05-08T20:05:46","date_gmt":"2021-05-08T17:05:46","guid":{"rendered":"https:\/\/dentagora.com.tr\/?page_id=933"},"modified":"2021-05-25T12:58:17","modified_gmt":"2021-05-25T09:58:17","slug":"invisalign","status":"publish","type":"page","link":"https:\/\/dentagora.com.tr\/de\/invisalign\/","title":{"rendered":"Drahtlose kieferorthop\u00e4dische Behandlung (Invisalign)"},"content":{"rendered":"\t\t<div data-elementor-type=\"wp-page\" data-elementor-id=\"933\" class=\"elementor elementor-933\" data-elementor-settings=\"[]\">\n\t\t\t\t\t\t\t<div class=\"elementor-section-wrap\">\n\t\t\t\t\t\t\t<section class=\"elementor-section elementor-top-section elementor-element elementor-element-238e53e elementor-section-boxed elementor-section-height-default elementor-section-height-default\" data-id=\"238e53e\" data-element_type=\"section\">\n\t\t\t\t\t\t<div class=\"elementor-container elementor-column-gap-default\">\n\t\t\t\t\t<div class=\"elementor-column elementor-col-100 elementor-top-column elementor-element elementor-element-8315e89\" data-id=\"8315e89\" data-element_type=\"column\">\n\t\t\t<div class=\"elementor-widget-wrap elementor-element-populated\">\n\t\t\t\t\t\t\t\t<div class=\"elementor-element elementor-element-f3dbd11 elementor-mobile-align-left elementor-align-left elementor-widget elementor-widget-raven-heading\" data-id=\"f3dbd11\" data-element_type=\"widget\" data-widget_type=\"raven-heading.default\">\n\t\t\t\t<div class=\"elementor-widget-container\">\n\t\t\t\t\t<div class=\"raven-widget-wrapper\"><h4 class=\"raven-heading raven-heading-h4\"><span class=\"raven-heading-title\"><h1><span style=\"color: rgb(114, 200, 242); -webkit-text-fill-color: initial; font-family: var( --e-global-typography-primary-font-family ), Sans-serif; font-size: 24px; font-weight: var( --e-global-typography-primary-font-weight );\">Drahtlose kieferorthop\u00e4dische Behandlung (Invisalign)(Invisalign)<\/span><\/h1><\/span><\/h4><\/div>\n\t\t\t\t<\/div>\n\t\t\t\t<\/div>\n\t\t\t\t\t<\/div>\n\t\t<\/div>\n\t\t\t\t\t\t\t<\/div>\n\t\t<\/section>\n\t\t\t\t<section class=\"elementor-section elementor-top-section elementor-element elementor-element-6df8abb elementor-section-boxed elementor-section-height-default elementor-section-height-default\" data-id=\"6df8abb\" data-element_type=\"section\">\n\t\t\t\t\t\t<div class=\"elementor-container elementor-column-gap-default\">\n\t\t\t\t\t<div class=\"elementor-column elementor-col-50 elementor-top-column elementor-element elementor-element-8e1b7f8\" data-id=\"8e1b7f8\" data-element_type=\"column\">\n\t\t\t<div class=\"elementor-widget-wrap elementor-element-populated\">\n\t\t\t\t\t\t\t\t<div class=\"elementor-element elementor-element-cd67beb elementor-widget elementor-widget-image\" data-id=\"cd67beb\" data-element_type=\"widget\" data-widget_type=\"image.default\">\n\t\t\t\t<div class=\"elementor-widget-container\">\n\t\t\t\t\t\t\t\t\t\t\t\t\t\t\t<img width=\"800\" height=\"500\" src=\"https:\/\/dentagora.com.tr\/de\/wp-content\/uploads\/2021\/05\/telsiz-tedavi-invislang.jpg\" class=\"attachment-large size-large\" alt=\"\" loading=\"lazy\" srcset=\"https:\/\/dentagora.com.tr\/de\/wp-content\/uploads\/2021\/05\/telsiz-tedavi-invislang.jpg 800w, https:\/\/dentagora.com.tr\/de\/wp-content\/uploads\/2021\/05\/telsiz-tedavi-invislang-300x188.jpg 300w, https:\/\/dentagora.com.tr\/de\/wp-content\/uploads\/2021\/05\/telsiz-tedavi-invislang-768x480.jpg 768w\" sizes=\"(max-width: 800px) 100vw, 800px\" \/>\t\t\t\t\t\t\t\t\t\t\t\t\t\t\t<\/div>\n\t\t\t\t<\/div>\n\t\t\t\t\t<\/div>\n\t\t<\/div>\n\t\t\t\t<div class=\"elementor-column elementor-col-50 elementor-top-column elementor-element elementor-element-1875376\" data-id=\"1875376\" data-element_type=\"column\">\n\t\t\t<div class=\"elementor-widget-wrap elementor-element-populated\">\n\t\t\t\t\t\t\t\t<div class=\"elementor-element elementor-element-cd09199 elementor-widget elementor-widget-image\" data-id=\"cd09199\" data-element_type=\"widget\" data-widget_type=\"image.default\">\n\t\t\t\t<div class=\"elementor-widget-container\">\n\t\t\t\t\t\t\t\t\t\t\t\t\t\t\t<img width=\"1024\" height=\"575\" src=\"https:\/\/dentagora.com.tr\/de\/wp-content\/uploads\/2021\/05\/invisalign-tedavileri-1024x575-1.jpg\" class=\"attachment-large size-large\" alt=\"\" loading=\"lazy\" srcset=\"https:\/\/dentagora.com.tr\/de\/wp-content\/uploads\/2021\/05\/invisalign-tedavileri-1024x575-1.jpg 1024w, https:\/\/dentagora.com.tr\/de\/wp-content\/uploads\/2021\/05\/invisalign-tedavileri-1024x575-1-300x168.jpg 300w, https:\/\/dentagora.com.tr\/de\/wp-content\/uploads\/2021\/05\/invisalign-tedavileri-1024x575-1-768x431.jpg 768w\" sizes=\"(max-width: 1024px) 100vw, 1024px\" \/>\t\t\t\t\t\t\t\t\t\t\t\t\t\t\t<\/div>\n\t\t\t\t<\/div>\n\t\t\t\t\t<\/div>\n\t\t<\/div>\n\t\t\t\t\t\t\t<\/div>\n\t\t<\/section>\n\t\t\t\t<section class=\"elementor-section elementor-top-section elementor-element elementor-element-4ab3005 elementor-section-stretched elementor-section-height-min-height elementor-section-boxed elementor-section-height-default elementor-section-items-middle\" data-id=\"4ab3005\" data-element_type=\"section\" data-settings=\"{&quot;stretch_section&quot;:&quot;section-stretched&quot;}\">\n\t\t\t\t\t\t<div class=\"elementor-container elementor-column-gap-default\">\n\t\t\t\t\t<div class=\"elementor-column elementor-col-100 elementor-top-column elementor-element elementor-element-e83b818\" data-id=\"e83b818\" data-element_type=\"column\">\n\t\t\t<div class=\"elementor-widget-wrap elementor-element-populated\">\n\t\t\t\t\t\t\t\t<div class=\"elementor-element elementor-element-c8bd207 elementor-widget elementor-widget-text-editor\" data-id=\"c8bd207\" data-element_type=\"widget\" data-widget_type=\"text-editor.default\">\n\t\t\t\t<div class=\"elementor-widget-container\">\n\t\t\t\t\t\t\t<p>Die drahtlose kieferorthop\u00e4dische Behandlung (Invisalign) ist die Korrektur einer bestimmten Schwere der Zahnverdr\u00e4ngung und -fehlstellung ohne Verwendung herk\u00f6mmlicher Metallb\u00e4nder, Zahnspangen oder Dr\u00e4hte mithilfe speziell entwickelter unsichtbarer transparenter Spange. In diesem System werden nahezu unsichtbare, herausnehmbare Serienschienen verwendet.\u00a0 Diese Schienen werden alle zwei Wochen durch die n\u00e4chste Serie ersetzt.\u00a0 Jede Schiene wird exklusiv f\u00fcr Ihre Z\u00e4hne hergestellt.<\/p><p>Die Z\u00e4hne bewegen sich mit jedem Schienenwechsel allm\u00e4hlich und erreichen die von Ihrem Arzt f\u00fcr Sie festgelegten Endpositionen. Die Besonderheit dieses Systems ist, dass es im Gegensatz zur herk\u00f6mmlichen Behandlung keine Metallb\u00e4nder, Zahnspangen oder Dr\u00e4hte verwendet, an denen Speisereste und bakterieller Zahnbelag festhalten k\u00f6nnen.\u00a0 Da die bei der Behandlung verwendeten Schienen abnehmbar sind, ist die Mundhygiene im Vergleich zu anderen Systemen einfacher aufrechtzuerhalten.\u00a0 Somit kann das Risiko einer Ansammlung von bakteriellem Belag, Karies und Zahnfleischerkrankungen verringert werden.<\/p><h2><strong>Behandlungsprozess f\u00fcr drahtlose Kieferorthop\u00e4die (Invisalign)<\/strong><\/h2><p>Der Abdruck Ihrer Z\u00e4hne werden gemacht.\u00a0 Es wird eine Simulation vorbereitet, die die Phasen der Fehlstellungskorrektur umfasst (In unserer Klinik wird diese Simulation durch 3D-Kiefer-Scanner Itero Digital vorbereitet und \u00a0invisalign (transparente Schienen) und incognito (linguale Kieferorthop\u00e4die) Behandlungen ohne\u00a0 klassische Abformmethoden bequem durchgef\u00fchrt). Nach der Simulation wird eine Serie transparenter Schienen vorbereitet und Ihnen abgegeben.\u00a0 Der Schienenwechsel alle zwei Wochen bestimmt die Anzahl der Schienen in Abh\u00e4ngigkeit von der Behandlungsdauer.<\/p><h2><strong>Wer kann eine Invisalign-Behandlung erhalten?<\/strong><\/h2><p>Die Invisalign-Behandlung ist eine kieferorthop\u00e4dische Behandlung, die bei Jugendlichen und Kindern angewendet werden kann und erwachsenen Patienten \u00e4hnelt. Ob Sie f\u00fcr eine Invisalign-Behandlung in Frage kommen, wird jedoch erst nach der in unserer Klinik durchgef\u00fchrten Untersuchung klar. M\u00e4\u00dfige und leichte Zahnverdr\u00e4ngung kann mit Invisalign behandelt werden. Auch eine kieferorthop\u00e4dische Behandlung, die eine Zahnextraktion erfordert, kann mit Invisalign behandelt werden. Doch die Invisalign-Behandlung mit der Zahnexraktion kann nur durch den Arzt bestimmt werden.<\/p><h2><strong>Was ist der Preis f\u00fcr die Invisalign-Kieferorthop\u00e4diebehandlung?<\/strong><\/h2><p>Wir verstehen, dass der Preis ein wichtiger Faktor ist.\u00a0 Es gibt jedoch keine endg\u00fcltige Antwort auf diese Frage, bis Sie einen ausgebildeten Arzt besuchen und Ihre erste Untersuchung durchf\u00fchren lassen.<\/p><p>Wie bei allen kieferorthop\u00e4dischen Behandlungen h\u00e4ngen die Kosten f\u00fcr die Invisalign-Behandlung\u00a0 vom Sch\u00fcierigkeitsgrad Ihres Vorkommens und seiner Behandlung ab, aber der Preis liegt nahe an herk\u00f6mmlichen Bracket-Behandlungen.\u00a0 Die Preise f\u00fcr kieferorthop\u00e4dische Behandlungen werden vom Arzt festgelegt, der die Behandlung durchf\u00fchren wird.<\/p><p>Erste Untersuchung in der drahtlosen Kieferorthop\u00e4die<\/p><p>W\u00e4hrend der ersten Untersuchung informiert der Kieferorthop\u00e4de den Patienten \u00fcber die Probleme seiner Z\u00e4hne und dar\u00fcber, wie Ergebnisse erzielt werden k\u00f6nnen.\u00a0 Wenn Invisalign f\u00fcr den Patienten geeignet ist, wird ein Behandlungsplan zwecks Erzielung der gew\u00fcnschten Ergebnisse erstellt.\u00a0 Der Kieferorthop\u00e4de misst die Z\u00e4hne des Patienten und sendet die Messdaten an ein Invisalign-Labor.<\/p><h2><strong>Behandlungsplan f\u00fcr drahtlose Kieferorthop\u00e4die<\/strong><\/h2><p>Beim Kieferorthop\u00e4den wird ein digitales Bild erhalten, um das 3D-Bild der Z\u00e4hne des Patienten im Computer zu untersuchen.\u00a0 Der Zahnarzt wird die Bewegung der Z\u00e4hne des Patienten w\u00e4hrend der Behandlung bestimmen und untersuchen.\u00a0 Der Patient kann die virtuelle Pr\u00e4sentation seiner Z\u00e4hne vor und nach der Invisalign-Behandlung sehen und dadurch beobachten, wie sein L\u00e4cheln am Ende der Behandlung sein wird.<\/p><h2><strong>Personenbezogene Aligner<\/strong><\/h2><p>Wenn der Kieferorthop\u00e4de und der Patient gemeinsam \u00fcber den Behandlungsplan entscheiden, werden spezielle Aligner hergestellt, die dem Patienten entsprechen.\u00a0 Jeder Aligner muss 2 Wochen lang getragen werden, bevor mit dem n\u00e4chsten in der Serie fortgefahren werden kann.\u00a0 Obwohl die Anzahl der Aligner von Person zu Person unterschiedlich ist, ist f\u00fcr eine vollst\u00e4ndige Behandlung der Ober- und Unterkiefer 18-36 Aligner erforderlich, was je nach Fall einem Zeitraum von ungef\u00e4hr 9-18 Monaten entspricht.<\/p><h2><strong>W\u00e4hrend des Behandlungsprozesses<\/strong><\/h2><p>Um die drahtlose kieferorthop\u00e4dische Behandlung innerhalb der vom Patienten und vom Arzt festgelegten Zeit abzuschlie\u00dfen, sollten die Aligner Tag und Nacht getragen werden, mit Ausnahme von Esszeiten und Z\u00e4hneputzen.\u00a0 Sie sollten alle 4-6 Wochen Ihren Arzt aufsuchen, um die Behandlung zu verfolgen und den n\u00e4chsten Aligner-Set zu erhalten.\u00a0 W\u00e4hrend der gesamten Behandlung werden Sie kleine Bewegungen bemerken und Ihre Z\u00e4hne werden sich allm\u00e4hlich in Richtung eines ausgeglichenen und gesunden L\u00e4chelns entwickeln.<\/p><p>Dentagora Mund- und Zahngesundheitspoliklinik;\u00a0 In Bezug auf drahtlose kieferorthop\u00e4dische Behandlungen (Invisalign) in Izmir steht Ihnen unsere Poliklinik mit qualifiziertem und kompetentem Personal in allen Branchen zur Verf\u00fcgung.<\/p>\t\t\t\t\t\t<\/div>\n\t\t\t\t<\/div>\n\t\t\t\t\t<\/div>\n\t\t<\/div>\n\t\t\t\t\t\t\t<\/div>\n\t\t<\/section>\n\t\t\t\t\t\t<\/div>\n\t\t\t\t\t<\/div>\n\t\t","protected":false},"excerpt":{"rendered":"<p>Drahtlose kieferorthop\u00e4dische Behandlung (Invisalign)(Invisalign) Die drahtlose kieferorthop\u00e4dische Behandlung (Invisalign) ist die Korrektur einer bestimmten Schwere der Zahnverdr\u00e4ngung und -fehlstellung ohne Verwendung herk\u00f6mmlicher Metallb\u00e4nder, Zahnspangen oder Dr\u00e4hte mithilfe speziell entwickelter unsichtbarer transparenter Spange. In diesem System werden nahezu unsichtbare, herausnehmbare Serienschienen verwendet.\u00a0 Diese Schienen werden alle zwei Wochen durch die n\u00e4chste Serie ersetzt.\u00a0 Jede Schiene wird [&hellip;]<\/p>\n","protected":false},"author":1,"featured_media":0,"parent":0,"menu_order":0,"comment_status":"closed","ping_status":"closed","template":"elementor_header_footer","meta":[],"_links":{"self":[{"href":"https:\/\/dentagora.com.tr\/de\/wp-json\/wp\/v2\/pages\/933"}],"collection":[{"href":"https:\/\/dentagora.com.tr\/de\/wp-json\/wp\/v2\/pages"}],"about":[{"href":"https:\/\/dentagora.com.tr\/de\/wp-json\/wp\/v2\/types\/page"}],"author":[{"embeddable":true,"href":"https:\/\/dentagora.com.tr\/de\/wp-json\/wp\/v2\/users\/1"}],"replies":[{"embeddable":true,"href":"https:\/\/dentagora.com.tr\/de\/wp-json\/wp\/v2\/comments?post=933"}],"version-history":[{"count":0,"href":"https:\/\/dentagora.com.tr\/de\/wp-json\/wp\/v2\/pages\/933\/revisions"}],"wp:attachment":[{"href":"https:\/\/dentagora.com.tr\/de\/wp-json\/wp\/v2\/media?parent=933"}],"curies":[{"name":"wp","href":"https:\/\/api.w.org\/{rel}","templated":true}]}}