{"id":961,"date":"2021-05-08T20:28:36","date_gmt":"2021-05-08T17:28:36","guid":{"rendered":"https:\/\/dentagora.com.tr\/?page_id=961"},"modified":"2021-12-28T16:18:09","modified_gmt":"2021-12-28T13:18:09","slug":"zahnarzt-yasin-er","status":"publish","type":"page","link":"https:\/\/dentagora.com.tr\/de\/zahnarzt-yasin-er\/","title":{"rendered":"Zahnarzt Yasin ER"},"content":{"rendered":"\t\t<div data-elementor-type=\"wp-page\" data-elementor-id=\"961\" class=\"elementor elementor-961\" data-elementor-settings=\"[]\">\n\t\t\t\t\t\t\t<div class=\"elementor-section-wrap\">\n\t\t\t\t\t\t\t<section class=\"elementor-section elementor-top-section elementor-element elementor-element-6af3b04 elementor-section-stretched elementor-section-height-min-height elementor-section-boxed elementor-section-height-default elementor-section-items-middle\" data-id=\"6af3b04\" data-element_type=\"section\" data-settings=\"{&quot;stretch_section&quot;:&quot;section-stretched&quot;}\">\n\t\t\t\t\t\t<div class=\"elementor-container elementor-column-gap-default\">\n\t\t\t\t\t<div class=\"elementor-column elementor-col-50 elementor-top-column elementor-element elementor-element-38711ae\" data-id=\"38711ae\" data-element_type=\"column\">\n\t\t\t<div class=\"elementor-widget-wrap elementor-element-populated\">\n\t\t\t\t\t\t\t\t<div class=\"elementor-element elementor-element-a05db35 elementor-widget elementor-widget-image\" data-id=\"a05db35\" data-element_type=\"widget\" data-widget_type=\"image.default\">\n\t\t\t\t<div class=\"elementor-widget-container\">\n\t\t\t\t\t\t\t\t\t\t\t\t\t\t\t<img width=\"750\" height=\"750\" src=\"https:\/\/dentagora.com.tr\/de\/wp-content\/uploads\/2021\/05\/dekupe2-750x750-1.jpg\" class=\"attachment-large size-large\" alt=\"\" loading=\"lazy\" srcset=\"https:\/\/dentagora.com.tr\/de\/wp-content\/uploads\/2021\/05\/dekupe2-750x750-1.jpg 750w, https:\/\/dentagora.com.tr\/de\/wp-content\/uploads\/2021\/05\/dekupe2-750x750-1-300x300.jpg 300w, https:\/\/dentagora.com.tr\/de\/wp-content\/uploads\/2021\/05\/dekupe2-750x750-1-150x150.jpg 150w, https:\/\/dentagora.com.tr\/de\/wp-content\/uploads\/2021\/05\/dekupe2-750x750-1-500x500.jpg 500w\" sizes=\"(max-width: 750px) 100vw, 750px\" \/>\t\t\t\t\t\t\t\t\t\t\t\t\t\t\t<\/div>\n\t\t\t\t<\/div>\n\t\t\t\t\t<\/div>\n\t\t<\/div>\n\t\t\t\t<div class=\"elementor-column elementor-col-50 elementor-top-column elementor-element elementor-element-10f8cc5\" data-id=\"10f8cc5\" data-element_type=\"column\">\n\t\t\t<div class=\"elementor-widget-wrap elementor-element-populated\">\n\t\t\t\t\t\t\t\t<div class=\"elementor-element elementor-element-f3dbd11 elementor-mobile-align-left elementor-align-left elementor-widget elementor-widget-raven-heading\" data-id=\"f3dbd11\" data-element_type=\"widget\" data-widget_type=\"raven-heading.default\">\n\t\t\t\t<div class=\"elementor-widget-container\">\n\t\t\t\t\t<div class=\"raven-widget-wrapper\"><h4 class=\"raven-heading raven-heading-h4\"><span class=\"raven-heading-title\">Zahnarzt Yasin ER<\/span><\/h4><\/div>\n\t\t\t\t<\/div>\n\t\t\t\t<\/div>\n\t\t\t\t<div class=\"elementor-element elementor-element-28d07fb elementor-widget elementor-widget-heading\" data-id=\"28d07fb\" data-element_type=\"widget\" data-widget_type=\"heading.default\">\n\t\t\t\t<div class=\"elementor-widget-container\">\n\t\t\t<h2 class=\"elementor-heading-title elementor-size-default\">Facharzt f\u00fcr Mund-, Kiefer- und Gesichtschirurgie<\/h2>\t\t<\/div>\n\t\t\t\t<\/div>\n\t\t\t\t<div class=\"elementor-element elementor-element-84816fe elementor-widget elementor-widget-text-editor\" data-id=\"84816fe\" data-element_type=\"widget\" data-widget_type=\"text-editor.default\">\n\t\t\t\t<div class=\"elementor-widget-container\">\n\t\t\t\t\t\t\t<p>Facharzt f\u00fcr Kiefer- und Gesichtschirurgie Yasin Er wurde in Eski\u015fehir geboren. Er absolvierte sein Abitur in Eski\u015fehir und sein Grundstudium an der Fakult\u00e4t f\u00fcr Zahnmedizin der Universit\u00e4t Ege. Nach ihrer Grundausbildung schloss er 2013 seine Promotion an der Fakult\u00e4t f\u00fcr Zahnmedizin der Universit\u00e4t Ege, Abteilung f\u00fcr Mund-, Kiefer- und Gesichtschirurgie ab. Im Jahr 2015 wurde er Gr\u00fcndungspartner der privaten Bornova Dent Oral and Dental Health Poliklinik. Die private DentAgora Oral and Dental Health Policlinic, unsere neue Unternehmensmarke mit seinem wachsenden Personal im Jahr 2021, betreut weiterhin seine Patienten in den Filialen Bayrakl\u0131 und Bornova.<\/p>\t\t\t\t\t\t<\/div>\n\t\t\t\t<\/div>\n\t\t\t\t\t<\/div>\n\t\t<\/div>\n\t\t\t\t\t\t\t<\/div>\n\t\t<\/section>\n\t\t\t\t\t\t<\/div>\n\t\t\t\t\t<\/div>\n\t\t","protected":false},"excerpt":{"rendered":"<p>Zahnarzt Yasin ER Facharzt f\u00fcr Mund-, Kiefer- und Gesichtschirurgie Facharzt f\u00fcr Kiefer- und Gesichtschirurgie Yasin Er wurde in Eski\u015fehir geboren. Er absolvierte sein Abitur in Eski\u015fehir und sein Grundstudium an der Fakult\u00e4t f\u00fcr Zahnmedizin der Universit\u00e4t Ege. Nach ihrer Grundausbildung schloss er 2013 seine Promotion an der Fakult\u00e4t f\u00fcr Zahnmedizin der Universit\u00e4t Ege, Abteilung f\u00fcr [&hellip;]<\/p>\n","protected":false},"author":1,"featured_media":0,"parent":0,"menu_order":0,"comment_status":"closed","ping_status":"closed","template":"elementor_header_footer","meta":[],"_links":{"self":[{"href":"https:\/\/dentagora.com.tr\/de\/wp-json\/wp\/v2\/pages\/961"}],"collection":[{"href":"https:\/\/dentagora.com.tr\/de\/wp-json\/wp\/v2\/pages"}],"about":[{"href":"https:\/\/dentagora.com.tr\/de\/wp-json\/wp\/v2\/types\/page"}],"author":[{"embeddable":true,"href":"https:\/\/dentagora.com.tr\/de\/wp-json\/wp\/v2\/users\/1"}],"replies":[{"embeddable":true,"href":"https:\/\/dentagora.com.tr\/de\/wp-json\/wp\/v2\/comments?post=961"}],"version-history":[{"count":3,"href":"https:\/\/dentagora.com.tr\/de\/wp-json\/wp\/v2\/pages\/961\/revisions"}],"predecessor-version":[{"id":3989,"href":"https:\/\/dentagora.com.tr\/de\/wp-json\/wp\/v2\/pages\/961\/revisions\/3989"}],"wp:attachment":[{"href":"https:\/\/dentagora.com.tr\/de\/wp-json\/wp\/v2\/media?parent=961"}],"curies":[{"name":"wp","href":"https:\/\/api.w.org\/{rel}","templated":true}]}}