{"id":974,"date":"2021-05-08T20:33:06","date_gmt":"2021-05-08T17:33:06","guid":{"rendered":"https:\/\/dentagora.com.tr\/?page_id=974"},"modified":"2025-05-14T16:53:05","modified_gmt":"2025-05-14T13:53:05","slug":"zahnarztin-sevgi-gol-peynirci","status":"publish","type":"page","link":"https:\/\/dentagora.com.tr\/de\/zahnarztin-sevgi-gol-peynirci\/","title":{"rendered":"Zahn\u00e4rztin Sevgi G\u00f6l Peynirci"},"content":{"rendered":"\t\t<div data-elementor-type=\"wp-page\" data-elementor-id=\"974\" class=\"elementor elementor-974\" data-elementor-settings=\"[]\">\n\t\t\t\t\t\t\t<div class=\"elementor-section-wrap\">\n\t\t\t\t\t\t\t<section class=\"elementor-section elementor-top-section elementor-element elementor-element-6af3b04 elementor-section-stretched elementor-section-height-min-height elementor-section-boxed elementor-section-height-default elementor-section-items-middle\" data-id=\"6af3b04\" data-element_type=\"section\" data-settings=\"{&quot;stretch_section&quot;:&quot;section-stretched&quot;}\">\n\t\t\t\t\t\t<div class=\"elementor-container elementor-column-gap-default\">\n\t\t\t\t\t<div class=\"elementor-column elementor-col-50 elementor-top-column elementor-element elementor-element-38711ae\" data-id=\"38711ae\" data-element_type=\"column\">\n\t\t\t<div class=\"elementor-widget-wrap elementor-element-populated\">\n\t\t\t\t\t\t\t\t<div class=\"elementor-element elementor-element-a05db35 elementor-widget elementor-widget-image\" data-id=\"a05db35\" data-element_type=\"widget\" data-widget_type=\"image.default\">\n\t\t\t\t<div class=\"elementor-widget-container\">\n\t\t\t\t\t\t\t\t\t\t\t\t\t\t\t<img width=\"750\" height=\"750\" src=\"https:\/\/dentagora.com.tr\/de\/wp-content\/uploads\/2025\/05\/sevgi-gol-peynirci.jpg\" class=\"attachment-large size-large\" alt=\"\" loading=\"lazy\" srcset=\"https:\/\/dentagora.com.tr\/de\/wp-content\/uploads\/2025\/05\/sevgi-gol-peynirci.jpg 750w, https:\/\/dentagora.com.tr\/de\/wp-content\/uploads\/2025\/05\/sevgi-gol-peynirci-300x300.jpg 300w, https:\/\/dentagora.com.tr\/de\/wp-content\/uploads\/2025\/05\/sevgi-gol-peynirci-150x150.jpg 150w, https:\/\/dentagora.com.tr\/de\/wp-content\/uploads\/2025\/05\/sevgi-gol-peynirci-500x500.jpg 500w\" sizes=\"(max-width: 750px) 100vw, 750px\" \/>\t\t\t\t\t\t\t\t\t\t\t\t\t\t\t<\/div>\n\t\t\t\t<\/div>\n\t\t\t\t\t<\/div>\n\t\t<\/div>\n\t\t\t\t<div class=\"elementor-column elementor-col-50 elementor-top-column elementor-element elementor-element-10f8cc5\" data-id=\"10f8cc5\" data-element_type=\"column\">\n\t\t\t<div class=\"elementor-widget-wrap elementor-element-populated\">\n\t\t\t\t\t\t\t\t<div class=\"elementor-element elementor-element-28d07fb elementor-widget elementor-widget-heading\" data-id=\"28d07fb\" data-element_type=\"widget\" data-widget_type=\"heading.default\">\n\t\t\t\t<div class=\"elementor-widget-container\">\n\t\t\t<h2 class=\"elementor-heading-title elementor-size-default\">Kieferorthop\u00e4die<\/h2>\t\t<\/div>\n\t\t\t\t<\/div>\n\t\t\t\t<div class=\"elementor-element elementor-element-84816fe elementor-widget elementor-widget-text-editor\" data-id=\"84816fe\" data-element_type=\"widget\" data-widget_type=\"text-editor.default\">\n\t\t\t\t<div class=\"elementor-widget-container\">\n\t\t\t\t\t\t\t<p>Die Fachzahn\u00e4rztin f\u00fcr Kieferorthop\u00e4die Dr. Dt. Sevgi G\u00f6l Peynirci wurde in Bursa geboren. Sie schloss ihre Grund-, Mittel- und Oberschulausbildung in Bursa ab und absolvierte 2006 ihr Grundstudium an der Fakult\u00e4t f\u00fcr Zahnmedizin der Ege-Universit\u00e4t.<\/p><p>Im Jahr 2022 erhielt sie den Titel eines Doktors der Kieferorthop\u00e4die an der Fakult\u00e4t f\u00fcr Zahnmedizin der Katip \u00c7elebi Universit\u00e4t.<\/p><p>Seit 2024 arbeitet sie in der privaten Poliklinik f\u00fcr Mund- und Zahngesundheit Dent Agora.<\/p>\t\t\t\t\t\t<\/div>\n\t\t\t\t<\/div>\n\t\t\t\t\t<\/div>\n\t\t<\/div>\n\t\t\t\t\t\t\t<\/div>\n\t\t<\/section>\n\t\t\t\t\t\t<\/div>\n\t\t\t\t\t<\/div>\n\t\t","protected":false},"excerpt":{"rendered":"<p>Kieferorthop\u00e4die Die Fachzahn\u00e4rztin f\u00fcr Kieferorthop\u00e4die Dr. Dt. Sevgi G\u00f6l Peynirci wurde in Bursa geboren. Sie schloss ihre Grund-, Mittel- und Oberschulausbildung in Bursa ab und absolvierte 2006 ihr Grundstudium an der Fakult\u00e4t f\u00fcr Zahnmedizin der Ege-Universit\u00e4t. Im Jahr 2022 erhielt sie den Titel eines Doktors der Kieferorthop\u00e4die an der Fakult\u00e4t f\u00fcr Zahnmedizin der Katip \u00c7elebi [&hellip;]<\/p>\n","protected":false},"author":1,"featured_media":4427,"parent":0,"menu_order":0,"comment_status":"closed","ping_status":"closed","template":"elementor_header_footer","meta":[],"_links":{"self":[{"href":"https:\/\/dentagora.com.tr\/de\/wp-json\/wp\/v2\/pages\/974"}],"collection":[{"href":"https:\/\/dentagora.com.tr\/de\/wp-json\/wp\/v2\/pages"}],"about":[{"href":"https:\/\/dentagora.com.tr\/de\/wp-json\/wp\/v2\/types\/page"}],"author":[{"embeddable":true,"href":"https:\/\/dentagora.com.tr\/de\/wp-json\/wp\/v2\/users\/1"}],"replies":[{"embeddable":true,"href":"https:\/\/dentagora.com.tr\/de\/wp-json\/wp\/v2\/comments?post=974"}],"version-history":[{"count":10,"href":"https:\/\/dentagora.com.tr\/de\/wp-json\/wp\/v2\/pages\/974\/revisions"}],"predecessor-version":[{"id":4431,"href":"https:\/\/dentagora.com.tr\/de\/wp-json\/wp\/v2\/pages\/974\/revisions\/4431"}],"wp:featuredmedia":[{"embeddable":true,"href":"https:\/\/dentagora.com.tr\/de\/wp-json\/wp\/v2\/media\/4427"}],"wp:attachment":[{"href":"https:\/\/dentagora.com.tr\/de\/wp-json\/wp\/v2\/media?parent=974"}],"curies":[{"name":"wp","href":"https:\/\/api.w.org\/{rel}","templated":true}]}}