{"id":16,"date":"2019-08-17T16:44:59","date_gmt":"2019-08-17T16:44:59","guid":{"rendered":"https:\/\/jupiterx.artbees.net\/psychologist\/?page_id=16"},"modified":"2022-03-21T10:09:05","modified_gmt":"2022-03-21T07:09:05","slug":"about-us","status":"publish","type":"page","link":"https:\/\/dentagora.com.tr\/en\/about-us\/","title":{"rendered":"About Us"},"content":{"rendered":"\t\t<div data-elementor-type=\"wp-post\" data-elementor-id=\"16\" class=\"elementor elementor-16\" data-elementor-settings=\"[]\">\n\t\t\t\t\t\t\t<div class=\"elementor-section-wrap\">\n\t\t\t\t\t\t\t<section class=\"elementor-section elementor-top-section elementor-element elementor-element-f1b7021 elementor-section-boxed elementor-section-height-default elementor-section-height-default\" data-id=\"f1b7021\" data-element_type=\"section\" data-settings=\"{&quot;background_background&quot;:&quot;classic&quot;}\">\n\t\t\t\t\t\t<div class=\"elementor-container elementor-column-gap-default\">\n\t\t\t\t\t<div class=\"elementor-column elementor-col-50 elementor-top-column elementor-element elementor-element-1a7260c\" data-id=\"1a7260c\" data-element_type=\"column\">\n\t\t\t<div class=\"elementor-widget-wrap elementor-element-populated\">\n\t\t\t\t\t\t\t\t<div class=\"elementor-element elementor-element-20f5280 elementor-mobile-align-center elementor-align-left elementor-widget elementor-widget-raven-heading\" data-id=\"20f5280\" data-element_type=\"widget\" data-widget_type=\"raven-heading.default\">\n\t\t\t\t<div class=\"elementor-widget-container\">\n\t\t\t\t\t<div class=\"raven-widget-wrapper\"><h4 class=\"raven-heading raven-heading-h4\"><span class=\"raven-heading-title\">About Us<\/span><\/h4><\/div>\n\t\t\t\t<\/div>\n\t\t\t\t<\/div>\n\t\t\t\t<div class=\"elementor-element elementor-element-6fb812b elementor-mobile-align-center elementor-align-left elementor-widget elementor-widget-raven-heading\" data-id=\"6fb812b\" data-element_type=\"widget\" data-widget_type=\"raven-heading.default\">\n\t\t\t\t<div class=\"elementor-widget-container\">\n\t\t\t\t\t<div class=\"raven-widget-wrapper\"><span class=\"raven-heading raven-heading-span\"><span class=\"raven-heading-title\">We are at your service for healthy and white smiles\u2026<\/span><\/span><\/div>\n\t\t\t\t<\/div>\n\t\t\t\t<\/div>\n\t\t\t\t<div class=\"elementor-element elementor-element-f37bba0 elementor-widget elementor-widget-text-editor\" data-id=\"f37bba0\" data-element_type=\"widget\" data-widget_type=\"text-editor.default\">\n\t\t\t\t<div class=\"elementor-widget-container\">\n\t\t\t\t\t\t\t<p>DentAgora Oral and Dental Health Clinic has over 20 years of experience in treating patients who comes from all over the world. We are the leader Dental Clinic in \u0130zmir, Turkey. We remain at your disposal for any dental queries with the 2 different center locations of \u0130ZM\u0130R \/ TURKEY.\u00a0<\/p><p>Our dental treatments is provided by our expert Medical Team; consists of 4 Dentists, 1 Oral and Maxillofacial Surgeons ,1 Prosthodontics Specialist, 1 Orthodontics, 3 Dental Assistants and 1 International Patient Coordinator and 1 Help Desk Specialist. We are a big DentAgora family, who are trained to the highest standard to serve you with the best dental services.<\/p><p>Every patient that walks through our door become a member of our extended family.<\/p>\t\t\t\t\t\t<\/div>\n\t\t\t\t<\/div>\n\t\t\t\t\t<\/div>\n\t\t<\/div>\n\t\t\t\t<div class=\"elementor-column elementor-col-50 elementor-top-column elementor-element elementor-element-5543e38\" data-id=\"5543e38\" data-element_type=\"column\">\n\t\t\t<div class=\"elementor-widget-wrap elementor-element-populated\">\n\t\t\t\t\t\t\t\t<div class=\"elementor-element elementor-element-596f0c3 elementor-widget elementor-widget-image\" data-id=\"596f0c3\" data-element_type=\"widget\" data-widget_type=\"image.default\">\n\t\t\t\t<div class=\"elementor-widget-container\">\n\t\t\t\t\t\t\t\t\t\t\t\t\t\t\t<img width=\"1024\" height=\"768\" src=\"https:\/\/dentagora.com.tr\/en\/wp-content\/uploads\/2022\/03\/IMG_6779-1024x768.jpg\" class=\"attachment-large size-large\" alt=\"\" loading=\"lazy\" srcset=\"https:\/\/dentagora.com.tr\/en\/wp-content\/uploads\/2022\/03\/IMG_6779-1024x768.jpg 1024w, https:\/\/dentagora.com.tr\/en\/wp-content\/uploads\/2022\/03\/IMG_6779-300x225.jpg 300w, https:\/\/dentagora.com.tr\/en\/wp-content\/uploads\/2022\/03\/IMG_6779-768x576.jpg 768w, https:\/\/dentagora.com.tr\/en\/wp-content\/uploads\/2022\/03\/IMG_6779-1536x1152.jpg 1536w, https:\/\/dentagora.com.tr\/en\/wp-content\/uploads\/2022\/03\/IMG_6779-2048x1536.jpg 2048w\" sizes=\"(max-width: 1024px) 100vw, 1024px\" \/>\t\t\t\t\t\t\t\t\t\t\t\t\t\t\t<\/div>\n\t\t\t\t<\/div>\n\t\t\t\t\t<\/div>\n\t\t<\/div>\n\t\t\t\t\t\t\t<\/div>\n\t\t<\/section>\n\t\t\t\t<section class=\"elementor-section elementor-top-section elementor-element elementor-element-775cf34 elementor-section-stretched elementor-section-content-middle elementor-section-height-min-height elementor-section-boxed elementor-section-height-default elementor-section-items-middle\" data-id=\"775cf34\" data-element_type=\"section\" data-settings=\"{&quot;stretch_section&quot;:&quot;section-stretched&quot;,&quot;background_background&quot;:&quot;classic&quot;}\">\n\t\t\t\t\t\t<div class=\"elementor-container elementor-column-gap-default\">\n\t\t\t\t\t<div class=\"elementor-column elementor-col-50 elementor-top-column elementor-element elementor-element-eb469c1\" data-id=\"eb469c1\" data-element_type=\"column\">\n\t\t\t<div class=\"elementor-widget-wrap elementor-element-populated\">\n\t\t\t\t\t\t\t\t<div class=\"elementor-element elementor-element-0e8d27b elementor-widget elementor-widget-image\" data-id=\"0e8d27b\" data-element_type=\"widget\" data-widget_type=\"image.default\">\n\t\t\t\t<div class=\"elementor-widget-container\">\n\t\t\t\t\t\t\t\t\t\t\t\t\t\t\t<img width=\"1024\" height=\"682\" src=\"https:\/\/dentagora.com.tr\/en\/wp-content\/uploads\/2021\/05\/pexels-cedric-fauntleroy-4270940-1-1024x682.jpg\" class=\"attachment-large size-large\" alt=\"\" loading=\"lazy\" srcset=\"https:\/\/dentagora.com.tr\/en\/wp-content\/uploads\/2021\/05\/pexels-cedric-fauntleroy-4270940-1-1024x682.jpg 1024w, https:\/\/dentagora.com.tr\/en\/wp-content\/uploads\/2021\/05\/pexels-cedric-fauntleroy-4270940-1-300x200.jpg 300w, https:\/\/dentagora.com.tr\/en\/wp-content\/uploads\/2021\/05\/pexels-cedric-fauntleroy-4270940-1-768x512.jpg 768w, https:\/\/dentagora.com.tr\/en\/wp-content\/uploads\/2021\/05\/pexels-cedric-fauntleroy-4270940-1.jpg 1280w\" sizes=\"(max-width: 1024px) 100vw, 1024px\" \/>\t\t\t\t\t\t\t\t\t\t\t\t\t\t\t<\/div>\n\t\t\t\t<\/div>\n\t\t\t\t\t<\/div>\n\t\t<\/div>\n\t\t\t\t<div class=\"elementor-column elementor-col-50 elementor-top-column elementor-element elementor-element-07da895\" data-id=\"07da895\" data-element_type=\"column\">\n\t\t\t<div class=\"elementor-widget-wrap elementor-element-populated\">\n\t\t\t\t\t\t\t\t<div class=\"elementor-element elementor-element-930105c elementor-mobile-align-center elementor-align-left elementor-widget elementor-widget-raven-heading\" data-id=\"930105c\" data-element_type=\"widget\" data-widget_type=\"raven-heading.default\">\n\t\t\t\t<div class=\"elementor-widget-container\">\n\t\t\t\t\t<div class=\"raven-widget-wrapper\"><h4 class=\"raven-heading raven-heading-h4\"><span class=\"raven-heading-title\">Our Mission:<\/span><\/h4><\/div>\n\t\t\t\t<\/div>\n\t\t\t\t<\/div>\n\t\t\t\t<div class=\"elementor-element elementor-element-86164b2 elementor-widget elementor-widget-text-editor\" data-id=\"86164b2\" data-element_type=\"widget\" data-widget_type=\"text-editor.default\">\n\t\t\t\t<div class=\"elementor-widget-container\">\n\t\t\t\t\t\t\t<p><strong>As Private Dentagora Oral and Dental Health Polyclinic, it is to be able to provide oral and dental health services in all dentistry specialties at international standards, using the latest technological facilities, and a health service focused on patient and employee satisfaction.<\/strong><\/p>\t\t\t\t\t\t<\/div>\n\t\t\t\t<\/div>\n\t\t\t\t<div class=\"elementor-element elementor-element-a170216 elementor-mobile-align-center elementor-align-left elementor-widget elementor-widget-raven-heading\" data-id=\"a170216\" data-element_type=\"widget\" data-widget_type=\"raven-heading.default\">\n\t\t\t\t<div class=\"elementor-widget-container\">\n\t\t\t\t\t<div class=\"raven-widget-wrapper\"><h4 class=\"raven-heading raven-heading-h4\"><span class=\"raven-heading-title\">Our Vision:<\/span><\/h4><\/div>\n\t\t\t\t<\/div>\n\t\t\t\t<\/div>\n\t\t\t\t<div class=\"elementor-element elementor-element-005384a elementor-widget elementor-widget-text-editor\" data-id=\"005384a\" data-element_type=\"widget\" data-widget_type=\"text-editor.default\">\n\t\t\t\t<div class=\"elementor-widget-container\">\n\t\t\t\t\t\t\t<p><strong>To be an exemplary diagnostic and treatment center in our country and in the international field, serving our patients without compromising ethical principles, respecting patient rights, taking as reference international scientific studies in the field of oral and dental health.<\/strong><\/p>\t\t\t\t\t\t<\/div>\n\t\t\t\t<\/div>\n\t\t\t\t\t<\/div>\n\t\t<\/div>\n\t\t\t\t\t\t\t<\/div>\n\t\t<\/section>\n\t\t\t\t\t\t<\/div>\n\t\t\t\t\t<\/div>\n\t\t","protected":false},"excerpt":{"rendered":"<p>About Us We are at your service for healthy and white smiles\u2026 DentAgora Oral and Dental Health Clinic has over 20 years of experience in treating patients who comes from all over the world. We are the leader Dental Clinic in \u0130zmir, Turkey. We remain at your disposal for any dental queries with the 2 [&hellip;]<\/p>\n","protected":false},"author":1,"featured_media":0,"parent":0,"menu_order":0,"comment_status":"closed","ping_status":"closed","template":"elementor_header_footer","meta":[],"_links":{"self":[{"href":"https:\/\/dentagora.com.tr\/en\/wp-json\/wp\/v2\/pages\/16"}],"collection":[{"href":"https:\/\/dentagora.com.tr\/en\/wp-json\/wp\/v2\/pages"}],"about":[{"href":"https:\/\/dentagora.com.tr\/en\/wp-json\/wp\/v2\/types\/page"}],"author":[{"embeddable":true,"href":"https:\/\/dentagora.com.tr\/en\/wp-json\/wp\/v2\/users\/1"}],"replies":[{"embeddable":true,"href":"https:\/\/dentagora.com.tr\/en\/wp-json\/wp\/v2\/comments?post=16"}],"version-history":[{"count":12,"href":"https:\/\/dentagora.com.tr\/en\/wp-json\/wp\/v2\/pages\/16\/revisions"}],"predecessor-version":[{"id":4233,"href":"https:\/\/dentagora.com.tr\/en\/wp-json\/wp\/v2\/pages\/16\/revisions\/4233"}],"wp:attachment":[{"href":"https:\/\/dentagora.com.tr\/en\/wp-json\/wp\/v2\/media?parent=16"}],"curies":[{"name":"wp","href":"https:\/\/api.w.org\/{rel}","templated":true}]}}