{"id":3907,"date":"2021-12-28T15:23:19","date_gmt":"2021-12-28T12:23:19","guid":{"rendered":"https:\/\/dentagora.com.tr\/en\/?page_id=3907"},"modified":"2021-12-28T15:24:55","modified_gmt":"2021-12-28T12:24:55","slug":"dt-yavuz-sahin","status":"publish","type":"page","link":"https:\/\/dentagora.com.tr\/en\/dt-yavuz-sahin\/","title":{"rendered":"Dt.  Yavuz \u015eahin"},"content":{"rendered":"\t\t<div data-elementor-type=\"wp-page\" data-elementor-id=\"3907\" class=\"elementor elementor-3907\" data-elementor-settings=\"[]\">\n\t\t\t\t\t\t\t<div class=\"elementor-section-wrap\">\n\t\t\t\t\t\t\t<section class=\"elementor-section elementor-top-section elementor-element elementor-element-6af3b04 elementor-section-stretched elementor-section-height-min-height elementor-section-boxed elementor-section-height-default elementor-section-items-middle\" data-id=\"6af3b04\" data-element_type=\"section\" data-settings=\"{&quot;stretch_section&quot;:&quot;section-stretched&quot;}\">\n\t\t\t\t\t\t<div class=\"elementor-container elementor-column-gap-default\">\n\t\t\t\t\t<div class=\"elementor-column elementor-col-50 elementor-top-column elementor-element elementor-element-38711ae\" data-id=\"38711ae\" data-element_type=\"column\">\n\t\t\t<div class=\"elementor-widget-wrap elementor-element-populated\">\n\t\t\t\t\t\t\t\t<div class=\"elementor-element elementor-element-a05db35 elementor-widget elementor-widget-image\" data-id=\"a05db35\" data-element_type=\"widget\" data-widget_type=\"image.default\">\n\t\t\t\t<div class=\"elementor-widget-container\">\n\t\t\t\t\t\t\t\t\t\t\t\t\t\t\t<img width=\"1024\" height=\"1024\" src=\"https:\/\/dentagora.com.tr\/en\/wp-content\/uploads\/2021\/12\/IMG_5228-1024x1024.jpg\" class=\"attachment-large size-large\" alt=\"\" loading=\"lazy\" srcset=\"https:\/\/dentagora.com.tr\/en\/wp-content\/uploads\/2021\/12\/IMG_5228-1024x1024.jpg 1024w, https:\/\/dentagora.com.tr\/en\/wp-content\/uploads\/2021\/12\/IMG_5228-300x300.jpg 300w, https:\/\/dentagora.com.tr\/en\/wp-content\/uploads\/2021\/12\/IMG_5228-150x150.jpg 150w, https:\/\/dentagora.com.tr\/en\/wp-content\/uploads\/2021\/12\/IMG_5228-768x768.jpg 768w, https:\/\/dentagora.com.tr\/en\/wp-content\/uploads\/2021\/12\/IMG_5228-500x500.jpg 500w, https:\/\/dentagora.com.tr\/en\/wp-content\/uploads\/2021\/12\/IMG_5228.jpg 1200w\" sizes=\"(max-width: 1024px) 100vw, 1024px\" \/>\t\t\t\t\t\t\t\t\t\t\t\t\t\t\t<\/div>\n\t\t\t\t<\/div>\n\t\t\t\t\t<\/div>\n\t\t<\/div>\n\t\t\t\t<div class=\"elementor-column elementor-col-50 elementor-top-column elementor-element elementor-element-10f8cc5\" data-id=\"10f8cc5\" data-element_type=\"column\">\n\t\t\t<div class=\"elementor-widget-wrap elementor-element-populated\">\n\t\t\t\t\t\t\t\t<div class=\"elementor-element elementor-element-f3dbd11 elementor-mobile-align-left elementor-align-left elementor-widget elementor-widget-raven-heading\" data-id=\"f3dbd11\" data-element_type=\"widget\" data-widget_type=\"raven-heading.default\">\n\t\t\t\t<div class=\"elementor-widget-container\">\n\t\t\t\t\t<div class=\"raven-widget-wrapper\"><h4 class=\"raven-heading raven-heading-h4\"><span class=\"raven-heading-title\">Dt.  Yavuz \u015eahin<\/span><\/h4><\/div>\n\t\t\t\t<\/div>\n\t\t\t\t<\/div>\n\t\t\t\t<div class=\"elementor-element elementor-element-28d07fb elementor-widget elementor-widget-heading\" data-id=\"28d07fb\" data-element_type=\"widget\" data-widget_type=\"heading.default\">\n\t\t\t\t<div class=\"elementor-widget-container\">\n\t\t\t<h2 class=\"elementor-heading-title elementor-size-default\">Dentist<\/h2>\t\t<\/div>\n\t\t\t\t<\/div>\n\t\t\t\t<div class=\"elementor-element elementor-element-84816fe elementor-widget elementor-widget-text-editor\" data-id=\"84816fe\" data-element_type=\"widget\" data-widget_type=\"text-editor.default\">\n\t\t\t\t<div class=\"elementor-widget-container\">\n\t\t\t\t\t\t\t<p>Dentist Yavuz \u015eahin was born in A\u011fr\u0131. He completed his high school education at Denizli Anatolian High School and his undergraduate education at Ege University Faculty of Dentistry. After starting to serve in his own practice since 2015, he continues to serve his patients as the founding partner of the newly opened DentAgora Bornova branch in 2021.<\/p>\t\t\t\t\t\t<\/div>\n\t\t\t\t<\/div>\n\t\t\t\t\t<\/div>\n\t\t<\/div>\n\t\t\t\t\t\t\t<\/div>\n\t\t<\/section>\n\t\t\t\t\t\t<\/div>\n\t\t\t\t\t<\/div>\n\t\t","protected":false},"excerpt":{"rendered":"<p>Dt. Yavuz \u015eahin Dentist Dentist Yavuz \u015eahin was born in A\u011fr\u0131. He completed his high school education at Denizli Anatolian High School and his undergraduate education at Ege University Faculty of Dentistry. After starting to serve in his own practice since 2015, he continues to serve his patients as the founding partner of the newly [&hellip;]<\/p>\n","protected":false},"author":1,"featured_media":0,"parent":0,"menu_order":0,"comment_status":"closed","ping_status":"closed","template":"elementor_header_footer","meta":[],"_links":{"self":[{"href":"https:\/\/dentagora.com.tr\/en\/wp-json\/wp\/v2\/pages\/3907"}],"collection":[{"href":"https:\/\/dentagora.com.tr\/en\/wp-json\/wp\/v2\/pages"}],"about":[{"href":"https:\/\/dentagora.com.tr\/en\/wp-json\/wp\/v2\/types\/page"}],"author":[{"embeddable":true,"href":"https:\/\/dentagora.com.tr\/en\/wp-json\/wp\/v2\/users\/1"}],"replies":[{"embeddable":true,"href":"https:\/\/dentagora.com.tr\/en\/wp-json\/wp\/v2\/comments?post=3907"}],"version-history":[{"count":4,"href":"https:\/\/dentagora.com.tr\/en\/wp-json\/wp\/v2\/pages\/3907\/revisions"}],"predecessor-version":[{"id":3912,"href":"https:\/\/dentagora.com.tr\/en\/wp-json\/wp\/v2\/pages\/3907\/revisions\/3912"}],"wp:attachment":[{"href":"https:\/\/dentagora.com.tr\/en\/wp-json\/wp\/v2\/media?parent=3907"}],"curies":[{"name":"wp","href":"https:\/\/api.w.org\/{rel}","templated":true}]}}