{"id":799,"date":"2021-05-07T16:19:30","date_gmt":"2021-05-07T13:19:30","guid":{"rendered":"https:\/\/dentagora.com.tr\/?page_id=799"},"modified":"2021-05-25T11:26:42","modified_gmt":"2021-05-25T08:26:42","slug":"implantology","status":"publish","type":"page","link":"https:\/\/dentagora.com.tr\/en\/implantology\/","title":{"rendered":"Implantology"},"content":{"rendered":"\t\t<div data-elementor-type=\"wp-page\" data-elementor-id=\"799\" class=\"elementor elementor-799\" data-elementor-settings=\"[]\">\n\t\t\t\t\t\t\t<div class=\"elementor-section-wrap\">\n\t\t\t\t\t\t\t<section class=\"elementor-section elementor-top-section elementor-element elementor-element-238e53e elementor-section-boxed elementor-section-height-default elementor-section-height-default\" data-id=\"238e53e\" data-element_type=\"section\">\n\t\t\t\t\t\t<div class=\"elementor-container elementor-column-gap-default\">\n\t\t\t\t\t<div class=\"elementor-column elementor-col-100 elementor-top-column elementor-element elementor-element-8315e89\" data-id=\"8315e89\" data-element_type=\"column\">\n\t\t\t<div class=\"elementor-widget-wrap elementor-element-populated\">\n\t\t\t\t\t\t\t\t<div class=\"elementor-element elementor-element-f3dbd11 elementor-mobile-align-left elementor-align-left elementor-widget elementor-widget-raven-heading\" data-id=\"f3dbd11\" data-element_type=\"widget\" data-widget_type=\"raven-heading.default\">\n\t\t\t\t<div class=\"elementor-widget-container\">\n\t\t\t\t\t<div class=\"raven-widget-wrapper\"><h4 class=\"raven-heading raven-heading-h4\"><span class=\"raven-heading-title\">Implantology<\/span><\/h4><\/div>\n\t\t\t\t<\/div>\n\t\t\t\t<\/div>\n\t\t\t\t\t<\/div>\n\t\t<\/div>\n\t\t\t\t\t\t\t<\/div>\n\t\t<\/section>\n\t\t\t\t<section class=\"elementor-section elementor-top-section elementor-element elementor-element-349c19e elementor-section-boxed elementor-section-height-default elementor-section-height-default\" data-id=\"349c19e\" data-element_type=\"section\">\n\t\t\t\t\t\t<div class=\"elementor-container elementor-column-gap-default\">\n\t\t\t\t\t<div class=\"elementor-column elementor-col-50 elementor-top-column elementor-element elementor-element-a8474b5\" data-id=\"a8474b5\" data-element_type=\"column\">\n\t\t\t<div class=\"elementor-widget-wrap elementor-element-populated\">\n\t\t\t\t\t\t\t\t<div class=\"elementor-element elementor-element-8dcd6e1 elementor-widget elementor-widget-image\" data-id=\"8dcd6e1\" data-element_type=\"widget\" data-widget_type=\"image.default\">\n\t\t\t\t<div class=\"elementor-widget-container\">\n\t\t\t\t\t\t\t\t\t\t\t\t\t\t\t<img width=\"555\" height=\"339\" src=\"https:\/\/dentagora.com.tr\/en\/wp-content\/uploads\/2021\/05\/Implantoloji-2-555x339-1.jpg\" class=\"attachment-large size-large\" alt=\"\" loading=\"lazy\" srcset=\"https:\/\/dentagora.com.tr\/en\/wp-content\/uploads\/2021\/05\/Implantoloji-2-555x339-1.jpg 555w, https:\/\/dentagora.com.tr\/en\/wp-content\/uploads\/2021\/05\/Implantoloji-2-555x339-1-300x183.jpg 300w\" sizes=\"(max-width: 555px) 100vw, 555px\" \/>\t\t\t\t\t\t\t\t\t\t\t\t\t\t\t<\/div>\n\t\t\t\t<\/div>\n\t\t\t\t\t<\/div>\n\t\t<\/div>\n\t\t\t\t<div class=\"elementor-column elementor-col-50 elementor-top-column elementor-element elementor-element-8b73e82\" data-id=\"8b73e82\" data-element_type=\"column\">\n\t\t\t<div class=\"elementor-widget-wrap elementor-element-populated\">\n\t\t\t\t\t\t\t\t<div class=\"elementor-element elementor-element-a05db35 elementor-widget elementor-widget-image\" data-id=\"a05db35\" data-element_type=\"widget\" data-widget_type=\"image.default\">\n\t\t\t\t<div class=\"elementor-widget-container\">\n\t\t\t\t\t\t\t\t\t\t\t\t\t\t\t<img width=\"555\" height=\"339\" src=\"https:\/\/dentagora.com.tr\/en\/wp-content\/uploads\/2021\/05\/Implantoloji-555x339-1.jpg\" class=\"attachment-large size-large\" alt=\"\" loading=\"lazy\" srcset=\"https:\/\/dentagora.com.tr\/en\/wp-content\/uploads\/2021\/05\/Implantoloji-555x339-1.jpg 555w, https:\/\/dentagora.com.tr\/en\/wp-content\/uploads\/2021\/05\/Implantoloji-555x339-1-300x183.jpg 300w\" sizes=\"(max-width: 555px) 100vw, 555px\" \/>\t\t\t\t\t\t\t\t\t\t\t\t\t\t\t<\/div>\n\t\t\t\t<\/div>\n\t\t\t\t\t<\/div>\n\t\t<\/div>\n\t\t\t\t\t\t\t<\/div>\n\t\t<\/section>\n\t\t\t\t<section class=\"elementor-section elementor-top-section elementor-element elementor-element-6af3b04 elementor-section-stretched elementor-section-height-min-height elementor-section-boxed elementor-section-height-default elementor-section-items-middle\" data-id=\"6af3b04\" data-element_type=\"section\" data-settings=\"{&quot;stretch_section&quot;:&quot;section-stretched&quot;}\">\n\t\t\t\t\t\t<div class=\"elementor-container elementor-column-gap-default\">\n\t\t\t\t\t<div class=\"elementor-column elementor-col-100 elementor-top-column elementor-element elementor-element-10f8cc5\" data-id=\"10f8cc5\" data-element_type=\"column\">\n\t\t\t<div class=\"elementor-widget-wrap elementor-element-populated\">\n\t\t\t\t\t\t\t\t<div class=\"elementor-element elementor-element-28d07fb elementor-widget elementor-widget-heading\" data-id=\"28d07fb\" data-element_type=\"widget\" data-widget_type=\"heading.default\">\n\t\t\t\t<div class=\"elementor-widget-container\">\n\t\t\t<h2 class=\"elementor-heading-title elementor-size-default\">What is \u0130zmir Implant Treatment?<\/h2>\t\t<\/div>\n\t\t\t\t<\/div>\n\t\t\t\t<div class=\"elementor-element elementor-element-84816fe elementor-widget elementor-widget-text-editor\" data-id=\"84816fe\" data-element_type=\"widget\" data-widget_type=\"text-editor.default\">\n\t\t\t\t<div class=\"elementor-widget-container\">\n\t\t\t\t\t\t\t<p>Dental implants are artificial tooth roots of titanium origin placed in the jawbone to restore the function and aesthetics of teeth lost due to trauma, gum disease or decay.<\/p><p>Titanium is a tissue-friendly (biocompatible) material. Dental implants used in the mouth are subjected to various processes such as roughening and coating with different materials in order to attach to the jawbone at the cellular level. After dental implants are placed in the jawbone, they form a special bond with the bone and hold cellularly. When this attachment is completed, the prosthesis preparation process, which we call superstructure, is started in implant treatment (3-6 months).<\/p>\t\t\t\t\t\t<\/div>\n\t\t\t\t<\/div>\n\t\t\t\t\t<\/div>\n\t\t<\/div>\n\t\t\t\t\t\t\t<\/div>\n\t\t<\/section>\n\t\t\t\t<section class=\"elementor-section elementor-top-section elementor-element elementor-element-4ab3005 elementor-section-stretched elementor-section-height-min-height elementor-section-boxed elementor-section-height-default elementor-section-items-middle\" data-id=\"4ab3005\" data-element_type=\"section\" data-settings=\"{&quot;stretch_section&quot;:&quot;section-stretched&quot;}\">\n\t\t\t\t\t\t<div class=\"elementor-container elementor-column-gap-default\">\n\t\t\t\t\t<div class=\"elementor-column elementor-col-100 elementor-top-column elementor-element elementor-element-e83b818\" data-id=\"e83b818\" data-element_type=\"column\">\n\t\t\t<div class=\"elementor-widget-wrap elementor-element-populated\">\n\t\t\t\t\t\t\t\t<div class=\"elementor-element elementor-element-1bb2017 elementor-widget elementor-widget-heading\" data-id=\"1bb2017\" data-element_type=\"widget\" data-widget_type=\"heading.default\">\n\t\t\t\t<div class=\"elementor-widget-container\">\n\t\t\t<h2 class=\"elementor-heading-title elementor-size-default\">Number of Implants<\/h2>\t\t<\/div>\n\t\t\t\t<\/div>\n\t\t\t\t<div class=\"elementor-element elementor-element-c8bd207 elementor-widget elementor-widget-text-editor\" data-id=\"c8bd207\" data-element_type=\"widget\" data-widget_type=\"text-editor.default\">\n\t\t\t\t<div class=\"elementor-widget-container\">\n\t\t\t\t\t\t\t<p>Before the implant dental treatment, the systemic condition of the patient is evaluated and the necessary oral examination and radiological examinations are performed. After all these evaluations, the planning phase is started by considering the wishes and expectations of the patient. In the planning phase, the number of dental implants to be made varies according to the patient&#8217;s bone status, the number of missing teeth and the type of prosthesis (fixed\/mobile) to be used.<\/p>\t\t\t\t\t\t<\/div>\n\t\t\t\t<\/div>\n\t\t\t\t<div class=\"elementor-element elementor-element-7d9bdef elementor-widget elementor-widget-heading\" data-id=\"7d9bdef\" data-element_type=\"widget\" data-widget_type=\"heading.default\">\n\t\t\t\t<div class=\"elementor-widget-container\">\n\t\t\t<h2 class=\"elementor-heading-title elementor-size-default\">In Which Cases Is \u0130zmir Implant Applied?<\/h2>\t\t<\/div>\n\t\t\t\t<\/div>\n\t\t\t\t<div class=\"elementor-element elementor-element-33ede40 elementor-widget elementor-widget-text-editor\" data-id=\"33ede40\" data-element_type=\"widget\" data-widget_type=\"text-editor.default\">\n\t\t\t\t<div class=\"elementor-widget-container\">\n\t\t\t\t\t\t\t<p>\u0130zmir implant treatment; except for the children in the development period, implant treatment can be applied for you even if there is a single tooth deficiency, multiple teeth deficiency or all your teeth are missing, regardless of age.<\/p>\t\t\t\t\t\t<\/div>\n\t\t\t\t<\/div>\n\t\t\t\t<div class=\"elementor-element elementor-element-cab8653 elementor-widget elementor-widget-heading\" data-id=\"cab8653\" data-element_type=\"widget\" data-widget_type=\"heading.default\">\n\t\t\t\t<div class=\"elementor-widget-container\">\n\t\t\t<h2 class=\"elementor-heading-title elementor-size-default\">Who Cannot Have Implant Treatment?<\/h2>\t\t<\/div>\n\t\t\t\t<\/div>\n\t\t\t\t<div class=\"elementor-element elementor-element-c38ef6f elementor-widget elementor-widget-text-editor\" data-id=\"c38ef6f\" data-element_type=\"widget\" data-widget_type=\"text-editor.default\">\n\t\t\t\t<div class=\"elementor-widget-container\">\n\t\t\t\t\t\t\t<p>\u00a0&#8211; Individuals who received radiotherapy in the head and neck region<\/p><p>&#8211; Young individuals whose bone growth and development have not been completed,<\/p><p>&#8211; Since smoking suppresses wound healing in the mouth and \u0130zmir implant reduces the success of dental treatment; individuals with a lot of smoking are not suitable candidates for implants.<\/p><p>&#8211; If appropriate conditions can be established by consultation with the physicians of the health conditions of individuals with systemic diseases such as diabetes, high blood pressure, hemophilia and autoimmune diseases and who use bisphosphonates, corticosteroids or immunosuppressive drugs; implant can be applied.<\/p>\t\t\t\t\t\t<\/div>\n\t\t\t\t<\/div>\n\t\t\t\t\t<\/div>\n\t\t<\/div>\n\t\t\t\t\t\t\t<\/div>\n\t\t<\/section>\n\t\t\t\t<section class=\"elementor-section elementor-top-section elementor-element elementor-element-f2940a5 elementor-section-boxed elementor-section-height-default elementor-section-height-default\" data-id=\"f2940a5\" data-element_type=\"section\">\n\t\t\t\t\t\t<div class=\"elementor-container elementor-column-gap-default\">\n\t\t\t\t\t<div class=\"elementor-column elementor-col-50 elementor-top-column elementor-element elementor-element-154f0d9\" data-id=\"154f0d9\" data-element_type=\"column\">\n\t\t\t<div class=\"elementor-widget-wrap elementor-element-populated\">\n\t\t\t\t\t\t\t\t<div class=\"elementor-element elementor-element-381daed elementor-widget elementor-widget-image\" data-id=\"381daed\" data-element_type=\"widget\" data-widget_type=\"image.default\">\n\t\t\t\t<div class=\"elementor-widget-container\">\n\t\t\t\t\t\t\t\t\t\t\t\t\t\t\t<img width=\"555\" height=\"339\" src=\"https:\/\/dentagora.com.tr\/en\/wp-content\/uploads\/2021\/05\/Implantoloji-3-555x339-1.jpg\" class=\"attachment-large size-large\" alt=\"\" loading=\"lazy\" srcset=\"https:\/\/dentagora.com.tr\/en\/wp-content\/uploads\/2021\/05\/Implantoloji-3-555x339-1.jpg 555w, https:\/\/dentagora.com.tr\/en\/wp-content\/uploads\/2021\/05\/Implantoloji-3-555x339-1-300x183.jpg 300w\" sizes=\"(max-width: 555px) 100vw, 555px\" \/>\t\t\t\t\t\t\t\t\t\t\t\t\t\t\t<\/div>\n\t\t\t\t<\/div>\n\t\t\t\t\t<\/div>\n\t\t<\/div>\n\t\t\t\t<div class=\"elementor-column elementor-col-50 elementor-top-column elementor-element elementor-element-27d6b03\" data-id=\"27d6b03\" data-element_type=\"column\">\n\t\t\t<div class=\"elementor-widget-wrap elementor-element-populated\">\n\t\t\t\t\t\t\t\t<div class=\"elementor-element elementor-element-3e84c5a elementor-widget elementor-widget-image\" data-id=\"3e84c5a\" data-element_type=\"widget\" data-widget_type=\"image.default\">\n\t\t\t\t<div class=\"elementor-widget-container\">\n\t\t\t\t\t\t\t\t\t\t\t\t\t\t\t<img width=\"555\" height=\"339\" src=\"https:\/\/dentagora.com.tr\/en\/wp-content\/uploads\/2021\/05\/Implantoloji-4-555x339-1.jpg\" class=\"attachment-full size-full\" alt=\"\" loading=\"lazy\" srcset=\"https:\/\/dentagora.com.tr\/en\/wp-content\/uploads\/2021\/05\/Implantoloji-4-555x339-1.jpg 555w, https:\/\/dentagora.com.tr\/en\/wp-content\/uploads\/2021\/05\/Implantoloji-4-555x339-1-300x183.jpg 300w\" sizes=\"(max-width: 555px) 100vw, 555px\" \/>\t\t\t\t\t\t\t\t\t\t\t\t\t\t\t<\/div>\n\t\t\t\t<\/div>\n\t\t\t\t\t<\/div>\n\t\t<\/div>\n\t\t\t\t\t\t\t<\/div>\n\t\t<\/section>\n\t\t\t\t<section class=\"elementor-section elementor-top-section elementor-element elementor-element-fe14fa4 elementor-section-stretched elementor-section-height-min-height elementor-section-boxed elementor-section-height-default elementor-section-items-middle\" data-id=\"fe14fa4\" data-element_type=\"section\" data-settings=\"{&quot;stretch_section&quot;:&quot;section-stretched&quot;}\">\n\t\t\t\t\t\t<div class=\"elementor-container elementor-column-gap-default\">\n\t\t\t\t\t<div class=\"elementor-column elementor-col-100 elementor-top-column elementor-element elementor-element-98f3fc3\" data-id=\"98f3fc3\" data-element_type=\"column\">\n\t\t\t<div class=\"elementor-widget-wrap elementor-element-populated\">\n\t\t\t\t\t\t\t\t<div class=\"elementor-element elementor-element-4c5b33a elementor-widget elementor-widget-heading\" data-id=\"4c5b33a\" data-element_type=\"widget\" data-widget_type=\"heading.default\">\n\t\t\t\t<div class=\"elementor-widget-container\">\n\t\t\t<h2 class=\"elementor-heading-title elementor-size-default\">Bone Thickness and Height<\/h2>\t\t<\/div>\n\t\t\t\t<\/div>\n\t\t\t\t<div class=\"elementor-element elementor-element-4f9e413 elementor-widget elementor-widget-text-editor\" data-id=\"4f9e413\" data-element_type=\"widget\" data-widget_type=\"text-editor.default\">\n\t\t\t\t<div class=\"elementor-widget-container\">\n\t\t\t\t\t\t\t<p>Graft (bone powder, block bone) applications are performed by oral, dental and maxillofacial surgeons to strengthen the jawbone and create a place for the implant. In these cases where bone thickness and height is provided, the bone tissue obtained with implant construction is preserved.<\/p>\t\t\t\t\t\t<\/div>\n\t\t\t\t<\/div>\n\t\t\t\t<div class=\"elementor-element elementor-element-83f5250 elementor-widget elementor-widget-heading\" data-id=\"83f5250\" data-element_type=\"widget\" data-widget_type=\"heading.default\">\n\t\t\t\t<div class=\"elementor-widget-container\">\n\t\t\t<h2 class=\"elementor-heading-title elementor-size-default\">Sinus Lifting Operation<\/h2>\t\t<\/div>\n\t\t\t\t<\/div>\n\t\t\t\t<div class=\"elementor-element elementor-element-a36f5cd elementor-widget elementor-widget-text-editor\" data-id=\"a36f5cd\" data-element_type=\"widget\" data-widget_type=\"text-editor.default\">\n\t\t\t\t<div class=\"elementor-widget-container\">\n\t\t\t\t\t\t\t<p>In cases with insufficient bone height in upper jaw posterior implant applications, a sinus lifting operation is required. Sinus lifting is a surgical method that involves filling the sinus cavity with graft materials in order to make a fixed over-implant prosthesis in cases where the maxillary sinus floor is sagging and the vertical bone height is below 4 mm, together with tooth deficiencies in the area of \u200b\u200bupper jaw premolars and molars. The application has a simple surgical technique and the implant is easily tolerable for the patients after the \u0130zmir operation. Although the surgical method is simple, it requires very sensitive work.<\/p><p>taban\u0131n\u0131n sark\u0131k oldu\u011fu ve dikey y\u00f6nde kemik y\u00fcksekli\u011finin 4 mm\u2019nin alt\u0131nda bulundu\u011fu vakalarda sabit implant-\u00fcst\u00fc protez yapabilmek i\u00e7in sin\u00fcs bo\u015flu\u011funun greft malzemeleriyle doldurulmas\u0131n\u0131 i\u00e7eren cerrahi bir y\u00f6ntemdir. Uygulama basit bir cerrahi tekni\u011fe sahiptir ve implant \u0130zmir operasyonu sonras\u0131 d\u00f6nem hastalar a\u00e7\u0131s\u0131ndan rahatl\u0131kla tolere edilebilir niteliktedir. Cerrahi y\u00f6ntem basit olmakla birlikte olduk\u00e7a hassas \u00e7al\u0131\u015f\u0131lmas\u0131n\u0131 gerektirmektedir.<\/p>\t\t\t\t\t\t<\/div>\n\t\t\t\t<\/div>\n\t\t\t\t<div class=\"elementor-element elementor-element-799d1ba elementor-widget elementor-widget-text-editor\" data-id=\"799d1ba\" data-element_type=\"widget\" data-widget_type=\"text-editor.default\">\n\t\t\t\t<div class=\"elementor-widget-container\">\n\t\t\t\t\t\t\t<p><strong>What are the Disadvantages of \u0130zmir Implant Dental Treatment? <\/strong><\/p><ul><li>High cost<\/li><li>Very attentive post-treatment period-requires good care and oral hygiene<\/li><\/ul><p><strong>What are the Advantages of \u0130zmir Implant Dental Treatment? <\/strong><\/p><ul><li>Providing comfortable chewing and therefore a healthy nutrition<\/li><li>Providing a better aesthetic appearance and smile<\/li><li>Minimizing the melting of the bone tissue around the implant in function<\/li><\/ul><p><strong>\u0130zmir Implant Dental Treatment<\/strong><\/p><p>Dentagora Private Oral and Dental Health Clinic is at your service in \u0130zmir for implant dental treatments with its qualified and expert staff in all of its branches related to implants. For implant tooth prices in \u0130zmir, you can apply to our institution or contact us.<\/p>\t\t\t\t\t\t<\/div>\n\t\t\t\t<\/div>\n\t\t\t\t\t<\/div>\n\t\t<\/div>\n\t\t\t\t\t\t\t<\/div>\n\t\t<\/section>\n\t\t\t\t\t\t<\/div>\n\t\t\t\t\t<\/div>\n\t\t","protected":false},"excerpt":{"rendered":"<p>Implantology What is \u0130zmir Implant Treatment? Dental implants are artificial tooth roots of titanium origin placed in the jawbone to restore the function and aesthetics of teeth lost due to trauma, gum disease or decay. Titanium is a tissue-friendly (biocompatible) material. Dental implants used in the mouth are subjected to various processes such as roughening [&hellip;]<\/p>\n","protected":false},"author":1,"featured_media":0,"parent":0,"menu_order":0,"comment_status":"closed","ping_status":"closed","template":"elementor_header_footer","meta":[],"_links":{"self":[{"href":"https:\/\/dentagora.com.tr\/en\/wp-json\/wp\/v2\/pages\/799"}],"collection":[{"href":"https:\/\/dentagora.com.tr\/en\/wp-json\/wp\/v2\/pages"}],"about":[{"href":"https:\/\/dentagora.com.tr\/en\/wp-json\/wp\/v2\/types\/page"}],"author":[{"embeddable":true,"href":"https:\/\/dentagora.com.tr\/en\/wp-json\/wp\/v2\/users\/1"}],"replies":[{"embeddable":true,"href":"https:\/\/dentagora.com.tr\/en\/wp-json\/wp\/v2\/comments?post=799"}],"version-history":[{"count":0,"href":"https:\/\/dentagora.com.tr\/en\/wp-json\/wp\/v2\/pages\/799\/revisions"}],"wp:attachment":[{"href":"https:\/\/dentagora.com.tr\/en\/wp-json\/wp\/v2\/media?parent=799"}],"curies":[{"name":"wp","href":"https:\/\/api.w.org\/{rel}","templated":true}]}}