{"id":858,"date":"2021-05-08T16:26:40","date_gmt":"2021-05-08T13:26:40","guid":{"rendered":"https:\/\/dentagora.com.tr\/?page_id=858"},"modified":"2021-05-25T12:18:17","modified_gmt":"2021-05-25T09:18:17","slug":"prosthesis-and-dental-aesthetics","status":"publish","type":"page","link":"https:\/\/dentagora.com.tr\/en\/prosthesis-and-dental-aesthetics\/","title":{"rendered":"Prosthes\u0131s And Dental Aesthet\u0131cs"},"content":{"rendered":"\t\t<div data-elementor-type=\"wp-page\" data-elementor-id=\"858\" class=\"elementor elementor-858\" data-elementor-settings=\"[]\">\n\t\t\t\t\t\t\t<div class=\"elementor-section-wrap\">\n\t\t\t\t\t\t\t<section class=\"elementor-section elementor-top-section elementor-element elementor-element-238e53e elementor-section-boxed elementor-section-height-default elementor-section-height-default\" data-id=\"238e53e\" data-element_type=\"section\">\n\t\t\t\t\t\t<div class=\"elementor-container elementor-column-gap-default\">\n\t\t\t\t\t<div class=\"elementor-column elementor-col-100 elementor-top-column elementor-element elementor-element-8315e89\" data-id=\"8315e89\" data-element_type=\"column\">\n\t\t\t<div class=\"elementor-widget-wrap elementor-element-populated\">\n\t\t\t\t\t\t\t\t<div class=\"elementor-element elementor-element-f3dbd11 elementor-mobile-align-left elementor-align-left elementor-widget elementor-widget-raven-heading\" data-id=\"f3dbd11\" data-element_type=\"widget\" data-widget_type=\"raven-heading.default\">\n\t\t\t\t<div class=\"elementor-widget-container\">\n\t\t\t\t\t<div class=\"raven-widget-wrapper\"><h4 class=\"raven-heading raven-heading-h4\"><span class=\"raven-heading-title\">Lam\u0131nated Dental Coat\u0131ng, Prosthes\u0131s And Dental Aesthet\u0131cs<\/span><\/h4><\/div>\n\t\t\t\t<\/div>\n\t\t\t\t<\/div>\n\t\t\t\t\t<\/div>\n\t\t<\/div>\n\t\t\t\t\t\t\t<\/div>\n\t\t<\/section>\n\t\t\t\t<section class=\"elementor-section elementor-top-section elementor-element elementor-element-6af3b04 elementor-section-stretched elementor-section-height-min-height elementor-section-boxed elementor-section-height-default elementor-section-items-middle\" data-id=\"6af3b04\" data-element_type=\"section\" data-settings=\"{&quot;stretch_section&quot;:&quot;section-stretched&quot;}\">\n\t\t\t\t\t\t<div class=\"elementor-container elementor-column-gap-default\">\n\t\t\t\t\t<div class=\"elementor-column elementor-col-50 elementor-top-column elementor-element elementor-element-10f8cc5\" data-id=\"10f8cc5\" data-element_type=\"column\">\n\t\t\t<div class=\"elementor-widget-wrap elementor-element-populated\">\n\t\t\t\t\t\t\t\t<div class=\"elementor-element elementor-element-28d07fb elementor-widget elementor-widget-heading\" data-id=\"28d07fb\" data-element_type=\"widget\" data-widget_type=\"heading.default\">\n\t\t\t\t<div class=\"elementor-widget-container\">\n\t\t\t<h2 class=\"elementor-heading-title elementor-size-default\">Porcelain Laminated Tooth Coating<\/h2>\t\t<\/div>\n\t\t\t\t<\/div>\n\t\t\t\t<div class=\"elementor-element elementor-element-84816fe elementor-widget elementor-widget-text-editor\" data-id=\"84816fe\" data-element_type=\"widget\" data-widget_type=\"text-editor.default\">\n\t\t\t\t<div class=\"elementor-widget-container\">\n\t\t\t\t\t\t\t<p>It means leaf in Latin. It is one of the methods in which the least healthy tooth tissue is lost by erasing only the front faces of the teeth by 0.3-0.7 mm. The porcelain lamina made on the abraded area is fixed on the tooth with special bonding materials after the appropriate shape and color is provided.\u00a0<\/p>\t\t\t\t\t\t<\/div>\n\t\t\t\t<\/div>\n\t\t\t\t<div class=\"elementor-element elementor-element-d0aeaa2 elementor-widget elementor-widget-text-editor\" data-id=\"d0aeaa2\" data-element_type=\"widget\" data-widget_type=\"text-editor.default\">\n\t\t\t\t<div class=\"elementor-widget-container\">\n\t\t\t\t\t\t\t<p><strong>In Which Cases Can Porcelain Lamina Tooth Treatment Be Applied?<\/strong><\/p><ul><li>In teeth with advanced color that cannot be obtained by bleaching,<\/li><li>In teeth with discolored and deformities,<\/li><li>In order to close the gaps between teeth (diastema closure),<\/li><li>In the treatment of broken or worn teeth,<\/li><li>In the correction of old fillings with distorted color and structure,<\/li><li>In some individuals with tooth crowding (as an orthodontic treatment alternative), it can be a treatment option that can provide near perfect aesthetics.<\/li><\/ul>\t\t\t\t\t\t<\/div>\n\t\t\t\t<\/div>\n\t\t\t\t\t<\/div>\n\t\t<\/div>\n\t\t\t\t<div class=\"elementor-column elementor-col-50 elementor-top-column elementor-element elementor-element-38711ae\" data-id=\"38711ae\" data-element_type=\"column\">\n\t\t\t<div class=\"elementor-widget-wrap elementor-element-populated\">\n\t\t\t\t\t\t\t\t<div class=\"elementor-element elementor-element-a05db35 elementor-widget elementor-widget-image\" data-id=\"a05db35\" data-element_type=\"widget\" data-widget_type=\"image.default\">\n\t\t\t\t<div class=\"elementor-widget-container\">\n\t\t\t\t\t\t\t\t\t\t\t\t\t\t\t<img width=\"670\" height=\"339\" src=\"https:\/\/dentagora.com.tr\/en\/wp-content\/uploads\/2021\/05\/Estetik-ve-Protez.jpg\" class=\"attachment-large size-large\" alt=\"\" loading=\"lazy\" srcset=\"https:\/\/dentagora.com.tr\/en\/wp-content\/uploads\/2021\/05\/Estetik-ve-Protez.jpg 670w, https:\/\/dentagora.com.tr\/en\/wp-content\/uploads\/2021\/05\/Estetik-ve-Protez-300x152.jpg 300w\" sizes=\"(max-width: 670px) 100vw, 670px\" \/>\t\t\t\t\t\t\t\t\t\t\t\t\t\t\t<\/div>\n\t\t\t\t<\/div>\n\t\t\t\t<div class=\"elementor-element elementor-element-030ec55 elementor-widget elementor-widget-image\" data-id=\"030ec55\" data-element_type=\"widget\" data-widget_type=\"image.default\">\n\t\t\t\t<div class=\"elementor-widget-container\">\n\t\t\t\t\t\t\t\t\t\t\t\t\t\t\t<img width=\"438\" height=\"205\" src=\"https:\/\/dentagora.com.tr\/en\/wp-content\/uploads\/2021\/05\/Estetik-ve-Protez2.jpg\" class=\"attachment-large size-large\" alt=\"\" loading=\"lazy\" srcset=\"https:\/\/dentagora.com.tr\/en\/wp-content\/uploads\/2021\/05\/Estetik-ve-Protez2.jpg 438w, https:\/\/dentagora.com.tr\/en\/wp-content\/uploads\/2021\/05\/Estetik-ve-Protez2-300x140.jpg 300w\" sizes=\"(max-width: 438px) 100vw, 438px\" \/>\t\t\t\t\t\t\t\t\t\t\t\t\t\t\t<\/div>\n\t\t\t\t<\/div>\n\t\t\t\t\t<\/div>\n\t\t<\/div>\n\t\t\t\t\t\t\t<\/div>\n\t\t<\/section>\n\t\t\t\t<section class=\"elementor-section elementor-top-section elementor-element elementor-element-4ab3005 elementor-section-stretched elementor-section-height-min-height elementor-section-boxed elementor-section-height-default elementor-section-items-middle\" data-id=\"4ab3005\" data-element_type=\"section\" data-settings=\"{&quot;stretch_section&quot;:&quot;section-stretched&quot;}\">\n\t\t\t\t\t\t<div class=\"elementor-container elementor-column-gap-default\">\n\t\t\t\t\t<div class=\"elementor-column elementor-col-100 elementor-top-column elementor-element elementor-element-e83b818\" data-id=\"e83b818\" data-element_type=\"column\">\n\t\t\t<div class=\"elementor-widget-wrap elementor-element-populated\">\n\t\t\t\t\t\t\t\t<div class=\"elementor-element elementor-element-1bb2017 elementor-widget elementor-widget-heading\" data-id=\"1bb2017\" data-element_type=\"widget\" data-widget_type=\"heading.default\">\n\t\t\t\t<div class=\"elementor-widget-container\">\n\t\t\t<h2 class=\"elementor-heading-title elementor-size-default\">What Are The Cases Where Porcelain Laminated Tooth Veneer Treatment Cannot Be Applied? <\/h2>\t\t<\/div>\n\t\t\t\t<\/div>\n\t\t\t\t<div class=\"elementor-element elementor-element-c8bd207 elementor-widget elementor-widget-text-editor\" data-id=\"c8bd207\" data-element_type=\"widget\" data-widget_type=\"text-editor.default\">\n\t\t\t\t<div class=\"elementor-widget-container\">\n\t\t\t\t\t\t\t<ul><li>Bruxism (teeth grinding), tooth grinding,<\/li><li>Milk teeth,<\/li><li>Enamel diseases where teeth are structurally unstable,<\/li><li>Bad habits such as nail biting, smoking pipes and pencil biting,<\/li><li>It is not applied to individuals with poor oral hygiene with advanced gum recession.<\/li><\/ul><p><strong>Metal-Free Ceramic Restorations<\/strong><\/p><p>They are prosthesis types that do not use metal alloys as infrastructure. The light transmittance of the restorations produced by this method is closer to the transparency of the tooth. In this respect, they give a more aesthetic and natural appearance than metal ceramic crowns and bridges. The opaque appearance formed in metal-based prostheses and the metal illumination in gray and purple tones occurring in the future on the gum edge is not encountered in metal-free ceramic prostheses. Metal-free ceramic prosthetic teeth are basically divided into zirconium-supported and reinforced ceramic-supported prostheses and are used in the field of dental aesthetics.<\/p>\t\t\t\t\t\t<\/div>\n\t\t\t\t<\/div>\n\t\t\t\t\t<\/div>\n\t\t<\/div>\n\t\t\t\t\t\t\t<\/div>\n\t\t<\/section>\n\t\t\t\t<section class=\"elementor-section elementor-top-section elementor-element elementor-element-f2940a5 elementor-section-boxed elementor-section-height-default elementor-section-height-default\" data-id=\"f2940a5\" data-element_type=\"section\">\n\t\t\t\t\t\t<div class=\"elementor-container elementor-column-gap-default\">\n\t\t\t\t\t<div class=\"elementor-column elementor-col-50 elementor-top-column elementor-element elementor-element-154f0d9\" data-id=\"154f0d9\" data-element_type=\"column\">\n\t\t\t<div class=\"elementor-widget-wrap elementor-element-populated\">\n\t\t\t\t\t\t\t\t<div class=\"elementor-element elementor-element-381daed elementor-widget elementor-widget-image\" data-id=\"381daed\" data-element_type=\"widget\" data-widget_type=\"image.default\">\n\t\t\t\t<div class=\"elementor-widget-container\">\n\t\t\t\t\t\t\t\t\t\t\t\t\t\t\t<img width=\"438\" height=\"205\" src=\"https:\/\/dentagora.com.tr\/en\/wp-content\/uploads\/2021\/05\/Estetik-ve-Protez3.jpg\" class=\"attachment-large size-large\" alt=\"\" loading=\"lazy\" srcset=\"https:\/\/dentagora.com.tr\/en\/wp-content\/uploads\/2021\/05\/Estetik-ve-Protez3.jpg 438w, https:\/\/dentagora.com.tr\/en\/wp-content\/uploads\/2021\/05\/Estetik-ve-Protez3-300x140.jpg 300w\" sizes=\"(max-width: 438px) 100vw, 438px\" \/>\t\t\t\t\t\t\t\t\t\t\t\t\t\t\t<\/div>\n\t\t\t\t<\/div>\n\t\t\t\t\t<\/div>\n\t\t<\/div>\n\t\t\t\t<div class=\"elementor-column elementor-col-50 elementor-top-column elementor-element elementor-element-27d6b03\" data-id=\"27d6b03\" data-element_type=\"column\">\n\t\t\t<div class=\"elementor-widget-wrap elementor-element-populated\">\n\t\t\t\t\t\t\t\t<div class=\"elementor-element elementor-element-a6f1c87 elementor-widget elementor-widget-image\" data-id=\"a6f1c87\" data-element_type=\"widget\" data-widget_type=\"image.default\">\n\t\t\t\t<div class=\"elementor-widget-container\">\n\t\t\t\t\t\t\t\t\t\t\t\t\t\t\t<img width=\"406\" height=\"272\" src=\"https:\/\/dentagora.com.tr\/en\/wp-content\/uploads\/2021\/05\/Estetik-ve-Protez5.jpg\" class=\"attachment-large size-large\" alt=\"\" loading=\"lazy\" srcset=\"https:\/\/dentagora.com.tr\/en\/wp-content\/uploads\/2021\/05\/Estetik-ve-Protez5.jpg 406w, https:\/\/dentagora.com.tr\/en\/wp-content\/uploads\/2021\/05\/Estetik-ve-Protez5-300x201.jpg 300w\" sizes=\"(max-width: 406px) 100vw, 406px\" \/>\t\t\t\t\t\t\t\t\t\t\t\t\t\t\t<\/div>\n\t\t\t\t<\/div>\n\t\t\t\t\t<\/div>\n\t\t<\/div>\n\t\t\t\t\t\t\t<\/div>\n\t\t<\/section>\n\t\t\t\t<section class=\"elementor-section elementor-top-section elementor-element elementor-element-fe14fa4 elementor-section-stretched elementor-section-height-min-height elementor-section-boxed elementor-section-height-default elementor-section-items-middle\" data-id=\"fe14fa4\" data-element_type=\"section\" data-settings=\"{&quot;stretch_section&quot;:&quot;section-stretched&quot;}\">\n\t\t\t\t\t\t<div class=\"elementor-container elementor-column-gap-default\">\n\t\t\t\t\t<div class=\"elementor-column elementor-col-100 elementor-top-column elementor-element elementor-element-98f3fc3\" data-id=\"98f3fc3\" data-element_type=\"column\">\n\t\t\t<div class=\"elementor-widget-wrap elementor-element-populated\">\n\t\t\t\t\t\t\t\t<div class=\"elementor-element elementor-element-4c5b33a elementor-widget elementor-widget-heading\" data-id=\"4c5b33a\" data-element_type=\"widget\" data-widget_type=\"heading.default\">\n\t\t\t\t<div class=\"elementor-widget-container\">\n\t\t\t<h2 class=\"elementor-heading-title elementor-size-default\">Zirconium Supported Ceramic Restorations<\/h2>\t\t<\/div>\n\t\t\t\t<\/div>\n\t\t\t\t<div class=\"elementor-element elementor-element-4f9e413 elementor-widget elementor-widget-text-editor\" data-id=\"4f9e413\" data-element_type=\"widget\" data-widget_type=\"text-editor.default\">\n\t\t\t\t<div class=\"elementor-widget-container\">\n\t\t\t\t\t\t\t<p>Zirconium is a semi-metal material and it is a white material that is not in gray tones like metals. Zirconium, which has light transmittance, is higher than metal alloys, and it is an aesthetic alternative for patients who require metal infrastructure. Zirconium, which can withstand approximately 950-1400 MPa load, can be applied in different colors with the developing technology and provides a very close appearance to the tooth color of the patient with the advantage of light transmission. In addition, there is no allergy risk in nickel metal alloys because zirconium is a biocompatible material.<\/p><p><strong>Full Ceramic Prosthetics (Empress, E-max)<\/strong><\/p><p>The reinforced ceramics of the full ceramic prostheses used in the treatment of dental aesthetics, with higher light transmittance than zirconium, are the infrastructure materials that give the closest aesthetic appearance to the natural tooth. Ceramic infrastructures containing lithium disilicate are the most widely used today. Ceramic infrastructures, whose construction stages are more laborious and time-consuming, are created with both casting and CAD-CAM technology. The area of \u200b\u200buse for crowns and bridges is up to the second small molars, and its mechanical strength is lower than zirconium and metal infrastructures. They are often used for anterior aesthetics, such as porcelain laminates. They are biocompatible materials such as zirconium.<\/p>\t\t\t\t\t\t<\/div>\n\t\t\t\t<\/div>\n\t\t\t\t<div class=\"elementor-element elementor-element-b91b461 elementor-widget elementor-widget-heading\" data-id=\"b91b461\" data-element_type=\"widget\" data-widget_type=\"heading.default\">\n\t\t\t\t<div class=\"elementor-widget-container\">\n\t\t\t<h2 class=\"elementor-heading-title elementor-size-default\">Metal Supported Ceramic Restorations<\/h2>\t\t<\/div>\n\t\t\t\t<\/div>\n\t\t\t\t<div class=\"elementor-element elementor-element-cfbdba4 elementor-widget elementor-widget-text-editor\" data-id=\"cfbdba4\" data-element_type=\"widget\" data-widget_type=\"text-editor.default\">\n\t\t\t\t<div class=\"elementor-widget-container\">\n\t\t\t\t\t\t\t<p>The process of shrinking and covering teeth with carious fractures or other reasons for excessive loss of material is defined as a crown, and in case of one or more missing teeth, the completion of gaps by using neighboring teeth as support feet is defined as a bridge.<\/p><p>When tooth loss occurs for any reason, neighboring teeth may tilt towards this gap. As a result, gum problems, bone loss and reduction in effective chewing occur in the adjacent teeth. In a short time, toothless areas such as implants, bridges, etc. As a result of not being completed with treatment methods, intense bone loss in the edentulous area and extraction in neighboring teeth may result in negative consequences.<\/p><p><strong>Removable Dentures<\/strong><\/p><p>-Total (Complete) Dentures: In cases where the patient has lost all of his teeth, full dentures are applied. Although successful results in terms of holding are obtained from full prostheses applied in the upper jaw, patients may encounter difficulties generally in lower total prostheses.<\/p><p>&#8211; Especially in the lower jaw, it is necessary to evaluate even a single tooth and evaluate a partial prosthesis alternative instead of a total prosthetic tooth. Implant-supported prosthesis options should be considered in patients with toothless lower jaw whose retention problems cannot be solved.<\/p><p>-Partial Prostheses: In cases where the patient has lost some of his teeth, if it is not appropriate to make a fixed denture (bridge) (too many missing teeth or the teeth cannot bear enough load, etc.), partial prostheses are applied.<\/p><p>-Partial prosthesis types according to the way of attachment to the fixed tooth; these are crochet prostheses, telescope crown prostheses, sliding prostheses, bar prostheses.<\/p><p>Dentagora Oral and Dental Health Polyclinic; it is at your service in \u0130zmir for your dental treatments with its qualified and expert staff in all branches of Laminated Dental Veneers, Prosthetic Dental Treatment and Smile-Dental Aesthetics.<\/p>\t\t\t\t\t\t<\/div>\n\t\t\t\t<\/div>\n\t\t\t\t\t<\/div>\n\t\t<\/div>\n\t\t\t\t\t\t\t<\/div>\n\t\t<\/section>\n\t\t\t\t\t\t<\/div>\n\t\t\t\t\t<\/div>\n\t\t","protected":false},"excerpt":{"rendered":"<p>Lam\u0131nated Dental Coat\u0131ng, Prosthes\u0131s And Dental Aesthet\u0131cs Porcelain Laminated Tooth Coating It means leaf in Latin. It is one of the methods in which the least healthy tooth tissue is lost by erasing only the front faces of the teeth by 0.3-0.7 mm. The porcelain lamina made on the abraded area is fixed on the [&hellip;]<\/p>\n","protected":false},"author":1,"featured_media":0,"parent":0,"menu_order":0,"comment_status":"closed","ping_status":"closed","template":"elementor_header_footer","meta":[],"_links":{"self":[{"href":"https:\/\/dentagora.com.tr\/en\/wp-json\/wp\/v2\/pages\/858"}],"collection":[{"href":"https:\/\/dentagora.com.tr\/en\/wp-json\/wp\/v2\/pages"}],"about":[{"href":"https:\/\/dentagora.com.tr\/en\/wp-json\/wp\/v2\/types\/page"}],"author":[{"embeddable":true,"href":"https:\/\/dentagora.com.tr\/en\/wp-json\/wp\/v2\/users\/1"}],"replies":[{"embeddable":true,"href":"https:\/\/dentagora.com.tr\/en\/wp-json\/wp\/v2\/comments?post=858"}],"version-history":[{"count":0,"href":"https:\/\/dentagora.com.tr\/en\/wp-json\/wp\/v2\/pages\/858\/revisions"}],"wp:attachment":[{"href":"https:\/\/dentagora.com.tr\/en\/wp-json\/wp\/v2\/media?parent=858"}],"curies":[{"name":"wp","href":"https:\/\/api.w.org\/{rel}","templated":true}]}}